{"id":364,"date":"2021-08-04T18:25:50","date_gmt":"2021-08-04T16:25:50","guid":{"rendered":"https:\/\/upec.cz\/?page_id=364"},"modified":"2026-02-16T14:10:12","modified_gmt":"2026-02-16T13:10:12","slug":"prihlaska","status":"publish","type":"page","link":"https:\/\/uniepecujicich.cz\/en\/prihlaska\/","title":{"rendered":"Membership"},"content":{"rendered":"<style class=\"custom-css\" type=\"text\/css\">.form {\n\tcolor: rgb(9, 85, 64);\n}\n.asistive-nodisplay {\n  border: 0;\n  clip: rect(0 0 0 0);\n  height: 1px;\n  margin: -1px;\n  overflow: hidden;\n  padding: 0;\n  position: absolute;\n  width: 1px;\n}\n.form-short {\n\tcolor: rgb(9, 85, 64);\n    width: 100%;\n    padding: 10px;\n    margin-bottom: 5px;\n    line-height: 25px;\n    font-size: 16px;\n    border-color: rgb(179, 179, 179);\n    border-width: 1px;\n    border-style: solid;\n\tborder-radius: 3px;\n\tbackground: white;\n}\n.form-med {\n\theight: 5em;\n\tbackground: white;\n}\n.form-mini {\n\tcolor: rgb(9, 85, 64);\n    padding: 10px;\n    margin-bottom: 5px;\n    line-height: 25px;\n    font-size: 16px;\n    border-color: rgb(179, 179, 179);\n    border-width: 1px;\n    border-style: solid;\n\tborder-radius: 3px;\n\tbackground: white;\n}\n.odeslat {\n\tborder-color: rgb(107, 164, 58);\n\tborder-radius: 30px;\n\tborder-style: solid;\n\tborder-width: 2px;\n\tfont-size: 14px;\n\tmargin-top: 20px;\n\tmargin-bottom: 20px;\n\tpadding: 10px 30px 10px 30px;\n\tbackground-color: rgba(0, 0, 0, 0);\n\tcolor: rgb(107, 164, 58);\n}\n.prihl-txt {\n\tcolor: rgb(9, 85, 64);\n}<\/style>\n    <link rel=\"icon\" href=\"favicon.png\">\n    \n    \n    \n    <script type=\"application\/ld+json\">{\n\t\t\"@context\": \"http:\/\/schema.org\",\n\t\t\"@type\": \"Organization\",\n\t\t\"name\": \"Unie pe\u010duj\u00edc\u00edch\",\n\t\t\"url\": \"https:\/\/uniepecujicich.cz\/prihlaska\/\",\n\t\t\"logo\": \"https:\/\/uniepecujicich.cz\/wp-content\/uploads\/2021\/07\/logo-header-min-1.png\",\n\t\t\"sameAs\": [\n\t\t\t\t\"https:\/\/facebook.com\/uniepecujicich.info\",\n\t\t\t\t\"https:\/\/witter.cz\/@uniepecujicich\"\n\t\t]\n}<\/script>\n    <meta name=\"theme-color\" content=\"#6ba43a\">\n    <meta property=\"og:title\" content=\"\u010clensk\u00e1 p\u0159ihl\u00e1\u0161ka | Unie pe\u010duj\u00edc\u00edch z. s.\">\n    <meta property=\"og:description\" content=\"Unie pe\u010duj\u00edc\u00edch z.s. je otev\u0159en\u00e1 komunita t\u011bch, kte\u0159\u00ed se cht\u011bj\u00ed pod\u00edlet na podpo\u0159e pe\u010duj\u00edc\u00edch osob. Byla zalo\u017eena samotn\u00fdmi pe\u010duj\u00edc\u00edmi, lidmi, kte\u0159\u00ed cht\u011bj\u00ed a pot\u0159ebuj\u00ed zm\u011bnu. Poskytujeme prov\u00e1zen\u00ed p\u0159ed zah\u00e1jen\u00edm p\u00e9\u010de, b\u011bhem p\u00e9\u010de (v\u010detn\u011b termin\u00e1ln\u00edho stadia \u017eivota pe\u010dovan\u00e9ho), ale i po ukon\u010den\u00ed p\u00e9\u010de, a to nejen z d\u016fvodu \u00famrt\u00ed.\">\n    <meta property=\"og:type\" content=\"website\">\n    <link rel=\"canonical\" href=\"https:\/\/uniepecujicich.cz\/prihlaska\/\">\n  \n  \n    \n    <section class=\"u-clearfix u-section-2\" id=\"sec-9f00\">\n      <div class=\"u-clearfix u-sheet u-sheet-1\">\n        <div class=\"u-clearfix u-expanded-width u-gutter-0 u-layout-wrap u-layout-wrap-1\">\n          <div class=\"u-gutter-0 u-layout\">\n            <div class=\"u-layout-row\">\n              <div class=\"u-align-center u-container-style u-layout-cell u-shape-rectangle u-size-30 u-layout-cell-1\">\n                <div class=\"u-container-layout u-container-layout-1\">\n                  <h2 class=\"u-text u-text-1\">Join our ranks<\/h2>\n                  <p class=\"u-text u-text-body-color u-text-2\"><i> You can download the pdf version of the application <a href=\"https:\/\/uniepecujicich.cz\/wp-content\/uploads\/2026\/02\/prihlaska.pdf\" class=\"u-active-none u-border-none u-btn u-button-link u-button-style u-file-link u-hover-none u-none u-text-palette-1-base u-btn-1\">here (in Czech)<\/a>, or use <a href=\"#prihlaska\" class=\"u-active-none u-border-none u-btn u-button-link u-button-style u-hover-none u-none u-text-palette-1-base u-btn-2\">on-line variant<\/a>.<\/i>\n                    <br>\n                  <\/p>\n                  <div class=\"u-hidden-xs u-image u-image-circle lazyload u-image-1\" alt=\"\" data-image-width=\"1020\" data-image-height=\"707\" data-bg=\"url(&quot;https:\/\/uniepecujicich.cz\/wp-content\/uploads\/2021\/08\/billboard_t.jpg&quot;)\"><\/div>\n                <\/div>\n              <\/div>\n              <div class=\"u-container-style u-layout-cell u-radius-10 u-shape-round u-size-30 u-white u-layout-cell-2\">\n                <div class=\"u-container-layout u-container-layout-2\">\n                  <div class=\"u-clearfix u-custom-html u-custom-html-1\">\n                    <div id=\"prihlaska\"><\/div>\n                  <\/div>\n                  <h2 class=\"u-text u-text-default u-text-3\">On-line application <\/h2>\n                  <div class=\"form u-shortcode u-shortcode-1\">\n<div class=\"wpcf7 no-js\" id=\"wpcf7-f139-o1\" lang=\"cs-CZ\" dir=\"ltr\">\n<div class=\"screen-reader-response\"><p role=\"status\" aria-live=\"polite\" aria-atomic=\"true\"><\/p> <ul><\/ul><\/div>\n<form action=\"\/en\/wp-json\/wp\/v2\/pages\/364#wpcf7-f139-o1\" method=\"post\" class=\"wpcf7-form init\" aria-label=\"Kontaktn\u00ed formul\u00e1\u0159\" novalidate=\"novalidate\" data-status=\"init\" data-trp-original-action=\"\/en\/wp-json\/wp\/v2\/pages\/364#wpcf7-f139-o1\">\n<div style=\"display: none;\">\n<input type=\"hidden\" name=\"_wpcf7\" value=\"139\" \/>\n<input type=\"hidden\" name=\"_wpcf7_version\" value=\"5.9.3\" \/>\n<input type=\"hidden\" name=\"_wpcf7_locale\" value=\"cs_CZ\" \/>\n<input type=\"hidden\" name=\"_wpcf7_unit_tag\" value=\"wpcf7-f139-o1\" \/>\n<input type=\"hidden\" name=\"_wpcf7_container_post\" value=\"0\" \/>\n<input type=\"hidden\" name=\"_wpcf7_posted_data_hash\" value=\"\" \/>\n<\/div>\n<h3>Personal information:\n<\/h3>\n<p><label for=\"jmeno\" class=\"asistive-nodisplay\">Your name<\/label><span class=\"wpcf7-form-control-wrap\" data-name=\"jmeno-prihl\"><input size=\"40\" class=\"wpcf7-form-control wpcf7-text wpcf7-validates-as-required form-short\" id=\"jmeno\" aria-required=\"true\" aria-invalid=\"false\" placeholder=\"Your name (required)\" value=\"\" type=\"text\" name=\"jmeno-prihl\" \/><\/span><br \/>\n<label class=\"prihl-txt\">Date of birth: <span class=\"wpcf7-form-control-wrap\" data-name=\"datum-nar\"><input class=\"wpcf7-form-control wpcf7-date wpcf7-validates-as-date form-mini\" id=\"datum\" aria-invalid=\"false\" value=\"\" type=\"date\" name=\"datum-nar\" \/><\/span><\/label><br \/>\n<label for=\"jmeno\" class=\"asistive-nodisplay\">Your correspondence address<\/label><span class=\"wpcf7-form-control-wrap\" data-name=\"adresa-prihl\"><input size=\"40\" class=\"wpcf7-form-control wpcf7-text form-short\" id=\"adresa\" aria-invalid=\"false\" placeholder=\"Your correspondence address\" value=\"\" type=\"text\" name=\"adresa-prihl\" \/><\/span><br \/>\n<label for=\"e-mail\" class=\"asistive-nodisplay\">Your e-mail address<\/label><span class=\"wpcf7-form-control-wrap\" data-name=\"email-prihl\"><input size=\"40\" class=\"wpcf7-form-control wpcf7-email wpcf7-validates-as-required wpcf7-text wpcf7-validates-as-email form-short\" id=\"e-mail\" aria-required=\"true\" aria-invalid=\"false\" placeholder=\"Your e-mail (required)\" value=\"\" type=\"email\" name=\"email-prihl\" \/><\/span><br \/>\n<label for=\"tlf\" class=\"asistive-nodisplay\">Your phone (not required)<\/label><span class=\"wpcf7-form-control-wrap\" data-name=\"tel-prihl\"><input size=\"40\" class=\"wpcf7-form-control wpcf7-tel wpcf7-text wpcf7-validates-as-tel form-short\" id=\"tlf\" aria-invalid=\"false\" placeholder=\"Your phone (not required)\" value=\"\" type=\"tel\" name=\"tel-prihl\" \/><\/span><br \/>\n<label for=\"misc\" class=\"asistive-nodisplay\">Anything else you would like to mention.<\/label><span class=\"wpcf7-form-control-wrap\" data-name=\"textarea-prihl\"><textarea cols=\"40\" rows=\"10\" class=\"wpcf7-form-control wpcf7-textarea form-short form-med\" id=\"misc\" aria-invalid=\"false\" placeholder=\"Anything else you would like to mention.\" name=\"textarea-prihl\"><\/textarea><\/span><br \/>\n<span id=\"wpcf7-69e237daa6d9f-wrapper\" class=\"wpcf7-form-control-wrap website-wrap\" ><input type=\"hidden\" name=\"website-time-start\" value=\"1776433114\"><input type=\"hidden\" name=\"website-time-check\" value=\"4\"><label for=\"wpcf7-69e237daa6d9f-field\" class=\"hp-message\">Ponechte toto pole pr\u00e1zdn\u00e9.<\/label><input id=\"wpcf7-69e237daa6d9f-field\"  placeholder=\"Your website\"  class=\"wpcf7-form-control wpcf7-text\" type=\"text\" name=\"website\" value=\"\" size=\"40\" tabindex=\"-1\" autocomplete=\"new-password\" \/><\/span>\n<\/p>\n<h3>Membership fee\n<\/h3>\n<div class=\"prihl-txt\">\n\t<p>Je na V\u00e1s, jakou \u010d\u00e1stkou p\u0159isp\u011bjete, minim\u00e1ln\u00ed p\u0159\u00edsp\u011bvek pro vstup do spolku je v\u0161ak 100 K\u010d. Zvolenou \u010d\u00e1stku zas\u00edlejte na \u00fa\u010det 2900840557\/2010.<br \/>\n<label>Chosen amount: <span class=\"wpcf7-form-control-wrap\" data-name=\"vyse-prisp\"><input class=\"wpcf7-form-control wpcf7-number wpcf7-validates-as-required wpcf7-validates-as-number form-mini\" min=\"100\" aria-required=\"true\" aria-invalid=\"false\" value=\"\" type=\"number\" name=\"vyse-prisp\" \/><\/span> CZK<\/label><br \/>\nPut your full name into the \"message for recipient\" box.<br \/>\nYour membership is valid as soon as we receive the payment.\n\t<\/p>\n<\/div>\n<h3>Contact preferences\n<\/h3>\n<div class=\"prihl-txt\">\n\t<p><i>How do you wish to be contacted depending on the type of the message.<\/i><br \/>\n<label>Necessary communication (such as invite to the meeting of members): <span class=\"wpcf7-form-control-wrap\" data-name=\"nutna-kom\"><select class=\"wpcf7-form-control wpcf7-select wpcf7-validates-as-required form-mini\" aria-required=\"true\" aria-invalid=\"false\" name=\"nutna-kom\"><option value=\"\">&#8212;Zvolte pros\u00edm mo\u017enost&#8212;<\/option><option value=\"e-mailem\">via e-mail<\/option><option value=\"telefonicky\">via phone<\/option><option value=\"po\u0161tou\">via standard mail<\/option><\/select><\/span> <\/label><br \/>\n<label>Event invitations: <span class=\"wpcf7-form-control-wrap\" data-name=\"volitelna-kom\"><select class=\"wpcf7-form-control wpcf7-select wpcf7-validates-as-required form-mini\" aria-required=\"true\" aria-invalid=\"false\" name=\"volitelna-kom\"><option value=\"\">&#8212;Zvolte pros\u00edm mo\u017enost&#8212;<\/option><option value=\"e-mailem\">via e-mail<\/option><option value=\"telefonicky\">via phone<\/option><option value=\"po\u0161tou\">via standard mail<\/option><option value=\"nep\u0159eji si b\u00fdt kontaktov\u00e1n\/a\">do not contact me<\/option><\/select><\/span> <\/label><br \/>\n<span class=\"wpcf7-form-control-wrap\" data-name=\"souhlas-prihl\"><span class=\"wpcf7-form-control wpcf7-acceptance\"><span class=\"wpcf7-list-item\"><label><input type=\"checkbox\" name=\"souhlas-prihl\" value=\"1\" aria-invalid=\"false\" \/><span class=\"wpcf7-list-item-label\">I give my consent to Unie pe\u010duj\u00edc\u00edch z. s. to keep my personal information for the purpose of keeping a list of members and contacting the members.<\/span><\/label><\/span><\/span><\/span>\n\t<\/p>\n<\/div>\n<p><input class=\"wpcf7-form-control wpcf7-submit has-spinner odeslat\" type=\"submit\" value=\"Send\" \/>\n<\/p><div class=\"wpcf7-response-output\" aria-hidden=\"true\"><\/div>\n<input type=\"hidden\" name=\"trp-form-language\" value=\"en\"\/><\/form>\n<\/div>\n<\/div>\n                <\/div>\n              <\/div>\n            <\/div>\n          <\/div>\n        <\/div>\n      <\/div>\n    <\/section>","protected":false},"excerpt":{"rendered":"<p>P\u0159idejte se k n\u200b\u00e1m \u010clenskou p\u0159ihl\u00e1\u0161ku si bu\u010f m\u016f\u017eete st\u00e1hnout ve form\u00e1tu pdf zde, nebo vyu\u017e\u00edt on-line p\u0159ihl\u00e1\u0161ku. On-line p\u0159ihl\u00e1\u0161ka Osobn\u00ed \u00fadaje \u010dlena: Va\u0161e jm\u00e9no Va\u0161e datum narozen\u00ed: Va\u0161e koresponden\u010dn\u00ed adresa V\u00e1\u0161 e-mail V\u00e1\u0161 telefon Jak\u00e9koliv dal\u0161\u00ed informace, kter\u00e9 si p\u0159ejete sd\u011blit Ponechte toto pole pr\u00e1zdn\u00e9. \u010clensk\u00fd p\u0159\u00edsp\u011bvek Je na V\u00e1s, jakou \u010d\u00e1stkou p\u0159isp\u011bjete, minim\u00e1ln\u00ed &hellip; <a href=\"https:\/\/uniepecujicich.cz\/en\/prihlaska\/\" class=\"more-link\">Continue reading<span class=\"screen-reader-text\"> &#8222;\u010clensk\u00e1 p\u0159ihl\u00e1\u0161ka&#8220;<\/span><\/a><\/p>","protected":false},"author":1,"featured_media":0,"parent":0,"menu_order":0,"comment_status":"closed","ping_status":"closed","template":"","meta":{"footnotes":""},"class_list":["post-364","page","type-page","status-publish","hentry"],"_links":{"self":[{"href":"https:\/\/uniepecujicich.cz\/en\/wp-json\/wp\/v2\/pages\/364","targetHints":{"allow":["GET"]}}],"collection":[{"href":"https:\/\/uniepecujicich.cz\/en\/wp-json\/wp\/v2\/pages"}],"about":[{"href":"https:\/\/uniepecujicich.cz\/en\/wp-json\/wp\/v2\/types\/page"}],"author":[{"embeddable":true,"href":"https:\/\/uniepecujicich.cz\/en\/wp-json\/wp\/v2\/users\/1"}],"replies":[{"embeddable":true,"href":"https:\/\/uniepecujicich.cz\/en\/wp-json\/wp\/v2\/comments?post=364"}],"version-history":[{"count":1,"href":"https:\/\/uniepecujicich.cz\/en\/wp-json\/wp\/v2\/pages\/364\/revisions"}],"predecessor-version":[{"id":389,"href":"https:\/\/uniepecujicich.cz\/en\/wp-json\/wp\/v2\/pages\/364\/revisions\/389"}],"wp:attachment":[{"href":"https:\/\/uniepecujicich.cz\/en\/wp-json\/wp\/v2\/media?parent=364"}],"curies":[{"name":"wp","href":"https:\/\/api.w.org\/{rel}","templated":true}]}}