{"id":476,"date":"2021-10-21T22:25:50","date_gmt":"2021-10-21T20:25:50","guid":{"rendered":"https:\/\/uniepecujicich.cz\/?page_id=476"},"modified":"2024-07-26T10:57:33","modified_gmt":"2024-07-26T08:57:33","slug":"podporte-nas","status":"publish","type":"page","link":"https:\/\/uniepecujicich.cz\/en\/podporte-nas\/","title":{"rendered":"Support us"},"content":{"rendered":"<section class=\"u-clearfix u-section-2\" id=\"sec-a0ff\">\n      <div class=\"u-clearfix u-sheet u-sheet-1\">\n        <h1 class=\"u-text u-text-default u-text-palette-4-base u-text-1\">Support us<\/h1>\n        <div class=\"u-clearfix u-layout-wrap u-layout-wrap-1\">\n          <div class=\"u-gutter-0 u-layout\">\n            <div class=\"u-layout-col\">\n              <div class=\"u-size-40\">\n                <div class=\"u-layout-row\">\n                  <div class=\"u-align-left u-container-style u-layout-cell u-size-39 u-layout-cell-1\">\n                    <div class=\"u-container-layout u-container-layout-1\">\n                      <p class=\"u-text u-text-body-color u-text-default u-text-2\">You can support us financially either through the form below, or <a href=\"#mesicni\" class=\"u-active-none u-border-none u-btn u-button-link u-button-style u-hover-none u-none u-text-palette-1-base u-btn-1\">on a monthly basis via one of the buttons<\/a>.\n                      <\/p>\n                      <div class=\"form u-shortcode u-shortcode-1\">\n<div class=\"wpcf7 no-js\" id=\"wpcf7-f454-o1\" lang=\"cs-CZ\" dir=\"ltr\">\n<div class=\"screen-reader-response\"><p role=\"status\" aria-live=\"polite\" aria-atomic=\"true\"><\/p> <ul><\/ul><\/div>\n<form action=\"\/en\/wp-json\/wp\/v2\/pages\/476#wpcf7-f454-o1\" method=\"post\" class=\"wpcf7-form init\" aria-label=\"Kontaktn\u00ed formul\u00e1\u0159\" novalidate=\"novalidate\" data-status=\"init\" data-trp-original-action=\"\/en\/wp-json\/wp\/v2\/pages\/476#wpcf7-f454-o1\">\n<div style=\"display: none;\">\n<input type=\"hidden\" name=\"_wpcf7\" value=\"454\" \/>\n<input type=\"hidden\" name=\"_wpcf7_version\" value=\"5.9.3\" \/>\n<input type=\"hidden\" name=\"_wpcf7_locale\" value=\"cs_CZ\" \/>\n<input type=\"hidden\" name=\"_wpcf7_unit_tag\" value=\"wpcf7-f454-o1\" \/>\n<input type=\"hidden\" name=\"_wpcf7_container_post\" value=\"0\" \/>\n<input type=\"hidden\" name=\"_wpcf7_posted_data_hash\" value=\"\" \/>\n<\/div>\n<p><label for=\"jmeno\" class=\"asistive-nodisplay\">Your name<\/label><span class=\"wpcf7-form-control-wrap\" data-name=\"jmeno\"><input size=\"40\" class=\"wpcf7-form-control wpcf7-text form-short\" id=\"jmeno\" aria-invalid=\"false\" placeholder=\"Your name\" value=\"\" type=\"text\" name=\"jmeno\" \/><\/span><br \/>\n<label for=\"e-mail\" class=\"asistive-nodisplay\">Your e-mail<\/label><span class=\"wpcf7-form-control-wrap\" data-name=\"e-mail\"><input size=\"40\" class=\"wpcf7-form-control wpcf7-email wpcf7-validates-as-required wpcf7-text wpcf7-validates-as-email form-short\" id=\"e-mail\" aria-required=\"true\" aria-invalid=\"false\" placeholder=\"Your e-mail\" value=\"\" type=\"email\" name=\"e-mail\" \/><\/span><br \/>\n<label for=\"zprava\" class=\"asistive-nodisplay\">Your message<\/label><span class=\"wpcf7-form-control-wrap\" data-name=\"msg\"><input size=\"40\" class=\"wpcf7-form-control wpcf7-text form-short\" id=\"zprava\" aria-invalid=\"false\" placeholder=\"Your message\" value=\"\" type=\"text\" name=\"msg\" \/><\/span><br \/>\n<label>Donation currency:<\/label><span class=\"wpcf7-form-control-wrap\" data-name=\"mena\"><select class=\"wpcf7-form-control wpcf7-select wpcf7-validates-as-required\" aria-required=\"true\" aria-invalid=\"false\" name=\"mena\"><option value=\"czk\">czk<\/option><option value=\"eur\">eur<\/option><\/select><\/span><br \/>\n<label>Amount<\/label><span class=\"wpcf7-form-control-wrap\" data-name=\"kolik\"><input class=\"wpcf7-form-control wpcf7-number wpcf7-validates-as-number\" min=\"20\" aria-invalid=\"false\" value=\"100\" type=\"number\" name=\"kolik\" \/><\/span><br \/>\n<div class=\"wpcf7-stripe\"><div class=\"wpcf7-form-control-wrap hidden\"><div class=\"card-element wpcf7-form-control\" aria-invalid=\"false\"><\/div><\/div> <span class=\"buttons has-spinner\"><button type=\"submit\" class=\"first\">Continue to payment<\/button> <button type=\"button\" class=\"second hidden\">Donate<\/button><\/span> <input type=\"hidden\" name=\"_wpcf7_stripe_payment_intent\" value=\"\" \/><\/div>\n<\/p><div class=\"wpcf7-response-output\" aria-hidden=\"true\"><\/div>\n<input type=\"hidden\" name=\"trp-form-language\" value=\"en\"\/><\/form>\n<\/div>\n<\/div>\n                    <\/div>\n                  <\/div>\n                  <div class=\"u-align-center u-container-style u-layout-cell u-palette-1-light-2 u-shape-rectangle u-size-21 u-layout-cell-2\">\n                    <div class=\"u-container-layout u-container-layout-2\">\n                      <div class=\"u-clearfix u-custom-html u-custom-html-1\">\n                        <iframe src=\"https:\/\/givt.cz\/services\/widget\/widget.php?id=849\" style=\"width: 480px; max-width: 100%; height: 500px; max-height: 100%; border: none; transform: scale (0.75); -webkit-transform: scale(0.75);\"><\/iframe>\n                      <\/div>\n                    <\/div>\n                  <\/div>\n                <\/div>\n              <\/div>\n              <div class=\"u-size-20\">\n                <div class=\"u-layout-row\">\n                  <div class=\"u-align-center-xs u-container-style u-layout-cell u-size-39 u-layout-cell-3\">\n                    <div class=\"u-container-layout u-container-layout-3\">\n                      <div class=\"u-clearfix u-custom-html u-custom-html-2\">\n                        <div id=\"mesicni\"><\/div>\n                      <\/div>\n                      <p class=\"u-text u-text-body-color u-text-3\">For automatic support each month, click on the chosen amount.<\/p>\n                      <a href=\"https:\/\/buy.stripe.com\/9AQ5lj1dY51Beas28a\" class=\"u-btn u-btn-round u-button-style u-hover-palette-1-light-1 u-palette-1-base u-radius-50 u-btn-2\" target=\"_blank\">100 K\u010d<\/a>\n                      <a href=\"https:\/\/buy.stripe.com\/aEU2977Cm9hRfew9AA\" class=\"u-btn u-btn-round u-button-style u-hover-palette-1-light-1 u-palette-1-base u-radius-50 u-btn-3\" target=\"_blank\">20 K\u010d<\/a>\n                      <a href=\"https:\/\/buy.stripe.com\/5kA3dbf4O8dN5DW5kl\" class=\"u-btn u-btn-round u-button-style u-hover-palette-1-light-1 u-palette-1-base u-radius-50 u-btn-4\" target=\"_blank\">50 K\u010d<\/a>\n                    <\/div>\n                  <\/div>\n                  <div class=\"u-align-center u-container-style u-layout-cell u-palette-1-light-2 u-shape-rectangle u-size-21 u-layout-cell-4\">\n                    <div class=\"u-container-layout u-valign-middle u-container-layout-4\">\n                      <p class=\"u-text u-text-body-color u-text-4\">If you would like to join us, you can find the application <a href=\"https:\/\/uniepecujicich.cz\/en\/prihlaska\/#prihlaska\" class=\"u-active-none u-border-none u-btn u-button-link u-button-style u-hover-none u-none u-text-palette-1-base u-btn-5\">online<\/a>, or download a <a href=\"https:\/\/cdn-ms.uniepecujicich.cz\/wp-content\/uploads\/2021\/08\/prihlaska-v2.1.pdf\" class=\"u-active-none u-border-none u-btn u-button-link u-button-style u-hover-none u-none u-text-palette-1-base u-btn-6\">pdf version in Czech<\/a>.\n                      <\/p>\n                    <\/div>\n                  <\/div>\n                <\/div>\n              <\/div>\n            <\/div>\n          <\/div>\n        <\/div>\n      <\/div>\n    <\/section>","protected":false},"excerpt":{"rendered":"<p>Podpo\u0159te n\u00e1s Finan\u010dn\u011b n\u00e1s m\u016f\u017eete podpo\u0159it bu\u010f jednor\u00e1zov\u011b pomoc\u00ed formul\u00e1\u0159e, \u010di ka\u017ed\u00fd m\u011bs\u00edc pomoc\u00ed jednoho z tla\u010d\u00edtek. Va\u0161e jm\u00e9no Va\u0161e e-mailov\u00e1 adresa Va\u0161e zpr\u00e1va M\u011bna daru:czkeur \u010c\u00e1stka Pokra\u010dovat k platb\u011b Darovat Pro automatickou podporu ka\u017ed\u00fd m\u011bs\u00edc klikn\u011bte na vybranou \u010d\u00e1stku. 100 K\u010d 20 K\u010d 50 K\u010d Pokud byste se r\u00e1di stali na\u0161\u00edm \u010dlenem, \u010dlenskou p\u0159ihl\u00e1\u0161ku &hellip; <a href=\"https:\/\/uniepecujicich.cz\/en\/podporte-nas\/\" class=\"more-link\">Continue reading<span class=\"screen-reader-text\"> &#8222;Podpo\u0159te n\u00e1s&#8220;<\/span><\/a><\/p>","protected":false},"author":1,"featured_media":0,"parent":0,"menu_order":0,"comment_status":"closed","ping_status":"closed","template":"","meta":{"footnotes":""},"class_list":["post-476","page","type-page","status-publish","hentry"],"_links":{"self":[{"href":"https:\/\/uniepecujicich.cz\/en\/wp-json\/wp\/v2\/pages\/476","targetHints":{"allow":["GET"]}}],"collection":[{"href":"https:\/\/uniepecujicich.cz\/en\/wp-json\/wp\/v2\/pages"}],"about":[{"href":"https:\/\/uniepecujicich.cz\/en\/wp-json\/wp\/v2\/types\/page"}],"author":[{"embeddable":true,"href":"https:\/\/uniepecujicich.cz\/en\/wp-json\/wp\/v2\/users\/1"}],"replies":[{"embeddable":true,"href":"https:\/\/uniepecujicich.cz\/en\/wp-json\/wp\/v2\/comments?post=476"}],"version-history":[{"count":7,"href":"https:\/\/uniepecujicich.cz\/en\/wp-json\/wp\/v2\/pages\/476\/revisions"}],"predecessor-version":[{"id":1795,"href":"https:\/\/uniepecujicich.cz\/en\/wp-json\/wp\/v2\/pages\/476\/revisions\/1795"}],"wp:attachment":[{"href":"https:\/\/uniepecujicich.cz\/en\/wp-json\/wp\/v2\/media?parent=476"}],"curies":[{"name":"wp","href":"https:\/\/api.w.org\/{rel}","templated":true}]}}