{"id":59,"date":"2021-06-22T13:25:29","date_gmt":"2021-06-22T11:25:29","guid":{"rendered":"https:\/\/upec.cz\/o-nas\/"},"modified":"2024-07-26T10:56:52","modified_gmt":"2024-07-26T08:56:52","slug":"o-nas","status":"publish","type":"page","link":"https:\/\/uniepecujicich.cz\/en\/o-nas\/","title":{"rendered":"About us"},"content":{"rendered":"<section class=\"u-align-center u-clearfix u-section-2\" id=\"carousel_60d2\">\n      <div class=\"u-clearfix u-sheet u-sheet-1\">\n        <div alt=\"\" class=\"u-image u-image-circle lazyload u-image-1\" data-image-width=\"1600\" data-image-height=\"1064\" data-animation-name=\"swing\" data-animation-duration=\"1000\" data-animation-delay=\"0\" data-animation-direction=\"\" data-bg=\"url(&quot;https:\/\/uniepecujicich.cz\/wp-content\/uploads\/2021\/06\/DSC_54481.jpg&quot;)\"><\/div>\n        <h1 class=\"u-text u-title u-text-1\">o Unii<\/h1>\n        <p class=\"u-text u-text-body-color u-text-2\">Unie pe\u010duj\u00edc\u00edch vznikla jako odpov\u011b\u010f na obt\u00ed\u017enou situaci, v n\u00ed\u017e se ocit\u00e1 zna\u010dn\u00e1 \u010d\u00e1st z rodinn\u00fdch a jin\u00fdch pe\u010duj\u00edc\u00edch, kte\u0159\u00ed se dlouhodob\u011b a intenzivn\u011b staraj\u00ed o bl\u00edzk\u00e9ho \u010dlov\u011bka ze sv\u00e9ho okol\u00ed. Bez rodinn\u00e9 p\u00e9\u010de by se syst\u00e9m soci\u00e1ln\u00ed p\u00e9\u010de v \u010cR neobe\u0161el.&nbsp;<br>\n          <br>Unie pe\u010duj\u00edc\u00edch z.s. je otev\u0159en\u00e1 komunita t\u011bch, kte\u0159\u00ed se cht\u011bj\u00ed pod\u00edlet na podpo\u0159e pe\u010duj\u00edc\u00edch osob. Byla zalo\u017eena samotn\u00fdmi pe\u010duj\u00edc\u00edmi, lidmi, kte\u0159\u00ed cht\u011bj\u00ed a pot\u0159ebuj\u00ed zm\u011bnu.<br>\n          <br>Nov\u011b roz\u0161i\u0159ujeme p\u0159\u00edmou podporu pe\u010duj\u00edc\u00edch formou prov\u00e1zen\u00ed v p\u00e9\u010di. Prov\u00e1zen\u00ed poskytujeme p\u0159ed zah\u00e1jen\u00edm p\u00e9\u010de, b\u011bhem p\u00e9\u010de (v\u010detn\u011b termin\u00e1ln\u00edho stadia \u017eivota pe\u010dovan\u00e9ho), ale i po ukon\u010den\u00ed p\u00e9\u010de, nejen z&nbsp;d\u016fvodu \u00famrt\u00ed. \n        <\/p>\n      <\/div>\n    <\/section>","protected":false},"excerpt":{"rendered":"<p>o Unii Unie pe\u010duj\u00edc\u00edch vznikla jako odpov\u011b\u010f na obt\u00ed\u017enou situaci, v n\u00ed\u017e se ocit\u00e1 zna\u010dn\u00e1 \u010d\u00e1st z rodinn\u00fdch a jin\u00fdch pe\u010duj\u00edc\u00edch, kte\u0159\u00ed se dlouhodob\u011b a intenzivn\u011b staraj\u00ed o bl\u00edzk\u00e9ho \u010dlov\u011bka ze sv\u00e9ho okol\u00ed. Bez rodinn\u00e9 p\u00e9\u010de by se syst\u00e9m soci\u00e1ln\u00ed p\u00e9\u010de v \u010cR neobe\u0161el.&nbsp; Unie pe\u010duj\u00edc\u00edch z.s. je otev\u0159en\u00e1 komunita t\u011bch, kte\u0159\u00ed se cht\u011bj\u00ed pod\u00edlet &hellip; <a href=\"https:\/\/uniepecujicich.cz\/en\/o-nas\/\" class=\"more-link\">Continue reading<span class=\"screen-reader-text\"> &#8222;O n\u00e1s&#8220;<\/span><\/a><\/p>","protected":false},"author":1,"featured_media":0,"parent":0,"menu_order":1,"comment_status":"closed","ping_status":"closed","template":"","meta":{"footnotes":""},"class_list":["post-59","page","type-page","status-publish","hentry"],"_links":{"self":[{"href":"https:\/\/uniepecujicich.cz\/en\/wp-json\/wp\/v2\/pages\/59","targetHints":{"allow":["GET"]}}],"collection":[{"href":"https:\/\/uniepecujicich.cz\/en\/wp-json\/wp\/v2\/pages"}],"about":[{"href":"https:\/\/uniepecujicich.cz\/en\/wp-json\/wp\/v2\/types\/page"}],"author":[{"embeddable":true,"href":"https:\/\/uniepecujicich.cz\/en\/wp-json\/wp\/v2\/users\/1"}],"replies":[{"embeddable":true,"href":"https:\/\/uniepecujicich.cz\/en\/wp-json\/wp\/v2\/comments?post=59"}],"version-history":[{"count":2,"href":"https:\/\/uniepecujicich.cz\/en\/wp-json\/wp\/v2\/pages\/59\/revisions"}],"predecessor-version":[{"id":4936,"href":"https:\/\/uniepecujicich.cz\/en\/wp-json\/wp\/v2\/pages\/59\/revisions\/4936"}],"wp:attachment":[{"href":"https:\/\/uniepecujicich.cz\/en\/wp-json\/wp\/v2\/media?parent=59"}],"curies":[{"name":"wp","href":"https:\/\/api.w.org\/{rel}","templated":true}]}}