{"id":60,"date":"2021-06-22T13:25:30","date_gmt":"2021-06-22T11:25:30","guid":{"rendered":"https:\/\/upec.cz\/vzdelavani\/"},"modified":"2024-07-26T10:59:15","modified_gmt":"2024-07-26T08:59:15","slug":"vzdelavani","status":"publish","type":"page","link":"https:\/\/uniepecujicich.cz\/en\/vzdelavani\/","title":{"rendered":"Education"},"content":{"rendered":"<section class=\"u-clearfix u-valign-middle-sm u-white u-section-2\" id=\"sec-f030\">\n      <div class=\"u-clearfix u-expanded-width u-layout-wrap u-layout-wrap-1\">\n        <div class=\"u-layout\">\n          <div class=\"u-layout-row\">\n            <div class=\"u-align-left u-container-style u-image u-layout-cell u-left-cell u-size-30 lazyload u-image-1\" data-image-width=\"1280\" data-image-height=\"904\" data-bg=\"url(&quot;https:\/\/uniepecujicich.cz\/wp-content\/uploads\/2021\/06\/banka1City-Flare.jpg&quot;)\">\n              <div class=\"u-container-layout u-container-layout-1\"><\/div>\n            <\/div>\n            <div class=\"u-container-style u-layout-cell u-right-cell u-size-30 u-layout-cell-2\">\n              <div class=\"u-container-layout u-valign-bottom u-container-layout-2\"><\/div>\n            <\/div>\n          <\/div>\n        <\/div>\n      <\/div>\n      <div class=\"u-expanded-width-lg u-list u-list-1\">\n        <div class=\"u-repeater u-repeater-1\">\n          <div class=\"u-container-style u-list-item u-repeater-item\">\n            <div class=\"u-container-layout u-similar-container u-container-layout-3\"><span class=\"u-hidden-md u-hidden-sm u-hidden-xs u-icon u-icon-circle u-text-custom-color-1 u-icon-1\"><svg class=\"u-svg-link\" preserveaspectratio=\"xMidYMin slice\" viewbox=\"0 0 512 512\" style=\"\"><use xmlns:xlink=\"http:\/\/www.w3.org\/1999\/xlink\" xlink:href=\"#svg-a6eb\"><\/use><\/svg><svg xmlns=\"http:\/\/www.w3.org\/2000\/svg\" xmlns:xlink=\"http:\/\/www.w3.org\/1999\/xlink\" version=\"1.1\" xml:space=\"preserve\" class=\"u-svg-content\" viewbox=\"0 0 512 512\" x=\"0px\" y=\"0px\" id=\"svg-a6eb\" style=\"enable-background:new 0 0 512 512;\"><g><g><path d=\"M497.36,69.995c-7.532-7.545-19.753-7.558-27.285-0.032L238.582,300.845l-83.522-90.713    c-7.217-7.834-19.419-8.342-27.266-1.126c-7.841,7.217-8.343,19.425-1.126,27.266l97.126,105.481    c3.557,3.866,8.535,6.111,13.784,6.22c0.141,0.006,0.277,0.006,0.412,0.006c5.101,0,10.008-2.026,13.623-5.628L497.322,97.286    C504.873,89.761,504.886,77.54,497.36,69.995z\"><\/path>\n<\/g>\n<\/g><g><g><path d=\"M492.703,236.703c-10.658,0-19.296,8.638-19.296,19.297c0,119.883-97.524,217.407-217.407,217.407    c-119.876,0-217.407-97.524-217.407-217.407c0-119.876,97.531-217.407,217.407-217.407c10.658,0,19.297-8.638,19.297-19.296    C275.297,8.638,266.658,0,256,0C114.84,0,0,114.84,0,256c0,141.154,114.84,256,256,256c141.154,0,256-114.846,256-256    C512,245.342,503.362,236.703,492.703,236.703z\"><\/path>\n<\/g>\n<\/g><\/svg>\n            \n            \n          <\/span>\n              <div class=\"u-container-style u-expanded-width-xs u-group u-group-1\">\n                <div class=\"u-container-layout u-valign-top-lg u-valign-top-xl u-container-layout-4\">\n                  <h5 class=\"u-text u-text-1\">For<\/h5>\n                  <ul class=\"u-text u-text-2\">\n                    <li style=\"\"> Care occupations <\/li>\n                    <li style=\"\"> Carers for a close one in home environment <\/li>\n                    <li style=\"\"> The public <\/li>\n                  <\/ul>\n                <\/div>\n              <\/div>\n            <\/div>\n          <\/div>\n          <div class=\"u-container-style u-list-item u-repeater-item\">\n            <div class=\"u-container-layout u-similar-container u-container-layout-5\"><span class=\"u-hidden-md u-hidden-sm u-hidden-xs u-icon u-icon-circle u-text-custom-color-1 u-icon-2\"><svg class=\"u-svg-link\" preserveaspectratio=\"xMidYMin slice\" viewbox=\"0 0 512 512\" style=\"\"><use xmlns:xlink=\"http:\/\/www.w3.org\/1999\/xlink\" xlink:href=\"#svg-9183\"><\/use><\/svg><svg xmlns=\"http:\/\/www.w3.org\/2000\/svg\" xmlns:xlink=\"http:\/\/www.w3.org\/1999\/xlink\" version=\"1.1\" xml:space=\"preserve\" class=\"u-svg-content\" viewbox=\"0 0 512 512\" x=\"0px\" y=\"0px\" id=\"svg-9183\" style=\"enable-background:new 0 0 512 512;\"><g><g><path d=\"M497.36,69.995c-7.532-7.545-19.753-7.558-27.285-0.032L238.582,300.845l-83.522-90.713    c-7.217-7.834-19.419-8.342-27.266-1.126c-7.841,7.217-8.343,19.425-1.126,27.266l97.126,105.481    c3.557,3.866,8.535,6.111,13.784,6.22c0.141,0.006,0.277,0.006,0.412,0.006c5.101,0,10.008-2.026,13.623-5.628L497.322,97.286    C504.873,89.761,504.886,77.54,497.36,69.995z\"><\/path>\n<\/g>\n<\/g><g><g><path d=\"M492.703,236.703c-10.658,0-19.296,8.638-19.296,19.297c0,119.883-97.524,217.407-217.407,217.407    c-119.876,0-217.407-97.524-217.407-217.407c0-119.876,97.531-217.407,217.407-217.407c10.658,0,19.297-8.638,19.297-19.296    C275.297,8.638,266.658,0,256,0C114.84,0,0,114.84,0,256c0,141.154,114.84,256,256,256c141.154,0,256-114.846,256-256    C512,245.342,503.362,236.703,492.703,236.703z\"><\/path>\n<\/g>\n<\/g><\/svg>\n            \n            \n          <\/span>\n              <div class=\"u-container-style u-expanded-width-xs u-group u-video-cover u-group-2\">\n                <div class=\"u-container-layout u-valign-top-lg u-valign-top-xl u-container-layout-6\">\n                  <h5 class=\"u-text u-text-3\">About<\/h5>\n                  <ul class=\"u-text u-text-4\">\n                    <li> Topics related to care <\/li>\n                    <li> Caring for people with dementia or survivors <\/li>\n                    <li> Monetary resources for carers <\/li>\n                    <li> Introducing local service providers <\/li>\n                    <li> Support for carers in general <\/li>\n                  <\/ul>\n                <\/div>\n              <\/div>\n            <\/div>\n          <\/div>\n          <div class=\"u-container-style u-list-item u-repeater-item\">\n            <div class=\"u-container-layout u-similar-container u-container-layout-7\"><span class=\"u-hidden-md u-hidden-sm u-hidden-xs u-icon u-icon-circle u-text-custom-color-1 u-icon-3\"><svg class=\"u-svg-link\" preserveaspectratio=\"xMidYMin slice\" viewbox=\"0 0 512 512\" style=\"\"><use xmlns:xlink=\"http:\/\/www.w3.org\/1999\/xlink\" xlink:href=\"#svg-0201\"><\/use><\/svg><svg xmlns=\"http:\/\/www.w3.org\/2000\/svg\" xmlns:xlink=\"http:\/\/www.w3.org\/1999\/xlink\" version=\"1.1\" xml:space=\"preserve\" class=\"u-svg-content\" viewbox=\"0 0 512 512\" x=\"0px\" y=\"0px\" id=\"svg-0201\" style=\"enable-background:new 0 0 512 512;\"><g><g><path d=\"M497.36,69.995c-7.532-7.545-19.753-7.558-27.285-0.032L238.582,300.845l-83.522-90.713    c-7.217-7.834-19.419-8.342-27.266-1.126c-7.841,7.217-8.343,19.425-1.126,27.266l97.126,105.481    c3.557,3.866,8.535,6.111,13.784,6.22c0.141,0.006,0.277,0.006,0.412,0.006c5.101,0,10.008-2.026,13.623-5.628L497.322,97.286    C504.873,89.761,504.886,77.54,497.36,69.995z\"><\/path>\n<\/g>\n<\/g><g><g><path d=\"M492.703,236.703c-10.658,0-19.296,8.638-19.296,19.297c0,119.883-97.524,217.407-217.407,217.407    c-119.876,0-217.407-97.524-217.407-217.407c0-119.876,97.531-217.407,217.407-217.407c10.658,0,19.297-8.638,19.297-19.296    C275.297,8.638,266.658,0,256,0C114.84,0,0,114.84,0,256c0,141.154,114.84,256,256,256c141.154,0,256-114.846,256-256    C512,245.342,503.362,236.703,492.703,236.703z\"><\/path>\n<\/g>\n<\/g><\/svg>\n            \n            \n          <\/span>\n              <div class=\"u-container-style u-expanded-width-xs u-group u-video-cover u-group-3\">\n                <div class=\"u-container-layout u-valign-top-lg u-valign-top-xl u-container-layout-8\">\n                  <h5 class=\"u-text u-text-5\">Length<\/h5>\n                  <ul class=\"u-text u-text-6\">\n                    <li style=\"\"> From four to six hours <\/li>\n                    <li style=\"\"> Certificate of attendance can be provided <\/li>\n                  <\/ul>\n                <\/div>\n              <\/div>\n            <\/div>\n          <\/div>\n        <\/div>\n      <\/div>\n    <\/section>","protected":false},"excerpt":{"rendered":"<p>Pro koho Pom\u00e1haj\u00edc\u00ed profese Pe\u010duj\u00edc\u00ed pro osobu bl\u00edzkou v dom\u00e1c\u00edm prost\u0159ed\u00ed Ve\u0159ejnost O \u010dem T\u00e9mata souvisej\u00edc\u00ed s p\u00e9\u010d\u00ed P\u00e9\u010de o osobu s demenc\u00ed, o poz\u016fstal\u00e9 Finance pro pe\u010duj\u00edc\u00ed P\u0159edstaven\u00ed m\u00edstn\u00edch poskytovatel\u016f slu\u017eeb Podpora pe\u010duj\u00edc\u00edch obecn\u011b D\u00e9lka \u010cty\u0159i a\u017e \u0161est hodin Lze vystavit potvrzen\u00ed o \u00fa\u010dasti<\/p>","protected":false},"author":1,"featured_media":0,"parent":0,"menu_order":2,"comment_status":"closed","ping_status":"closed","template":"","meta":{"footnotes":""},"class_list":["post-60","page","type-page","status-publish","hentry"],"_links":{"self":[{"href":"https:\/\/uniepecujicich.cz\/en\/wp-json\/wp\/v2\/pages\/60","targetHints":{"allow":["GET"]}}],"collection":[{"href":"https:\/\/uniepecujicich.cz\/en\/wp-json\/wp\/v2\/pages"}],"about":[{"href":"https:\/\/uniepecujicich.cz\/en\/wp-json\/wp\/v2\/types\/page"}],"author":[{"embeddable":true,"href":"https:\/\/uniepecujicich.cz\/en\/wp-json\/wp\/v2\/users\/1"}],"replies":[{"embeddable":true,"href":"https:\/\/uniepecujicich.cz\/en\/wp-json\/wp\/v2\/comments?post=60"}],"version-history":[{"count":1,"href":"https:\/\/uniepecujicich.cz\/en\/wp-json\/wp\/v2\/pages\/60\/revisions"}],"predecessor-version":[{"id":123,"href":"https:\/\/uniepecujicich.cz\/en\/wp-json\/wp\/v2\/pages\/60\/revisions\/123"}],"wp:attachment":[{"href":"https:\/\/uniepecujicich.cz\/en\/wp-json\/wp\/v2\/media?parent=60"}],"curies":[{"name":"wp","href":"https:\/\/api.w.org\/{rel}","templated":true}]}}