{"id":61,"date":"2021-06-22T13:25:31","date_gmt":"2021-06-22T11:25:31","guid":{"rendered":"https:\/\/upec.cz\/dokumenty\/"},"modified":"2026-02-16T13:54:06","modified_gmt":"2026-02-16T12:54:06","slug":"dokumenty","status":"publish","type":"page","link":"https:\/\/uniepecujicich.cz\/en\/dokumenty\/","title":{"rendered":"Documents"},"content":{"rendered":"<style class=\"darkreader darkreader--sync\" media=\"screen\"><\/style>\n    <style class=\"darkreader darkreader--sync\" media=\"screen\"><\/style>\n    <style class=\"darkreader darkreader--sync\" media=\"screen\"><\/style>\n    <style class=\"darkreader darkreader--sync\" media=\"screen\"><\/style>\n    <style class=\"darkreader darkreader--sync\" media=\"screen\"><\/style>\n    <style class=\"darkreader darkreader--sync\" media=\"screen\"><\/style>\n    <section class=\"u-clearfix u-white u-section-2\" id=\"sec-b488\">\n      <div class=\"u-clearfix u-expanded-width u-layout-wrap u-layout-wrap-1\">\n        <div class=\"u-layout\" style=\"\">\n          <div class=\"u-layout-row\" style=\"\">\n            <div class=\"u-align-left u-container-style u-image u-layout-cell u-left-cell u-size-30 lazyload u-image-1\" data-image-width=\"1600\" data-image-height=\"986\" data-bg=\"url(&quot;https:\/\/uniepecujicich.cz\/wp-content\/uploads\/2021\/06\/FS1.2.png&quot;)\">\n              <div class=\"u-container-layout u-container-layout-1\"><\/div>\n            <\/div>\n            <div class=\"u-align-left u-container-style u-layout-cell u-right-cell u-size-30 u-layout-cell-2\">\n              <div class=\"u-container-layout u-valign-bottom u-container-layout-2\">\n                <div class=\"u-expanded-width u-tab-links-align-center u-tabs u-tabs-1\">\n                  <ul class=\"u-border-1 u-border-grey-25 u-tab-list u-unstyled\" role=\"tablist\">\n                    <li class=\"u-tab-item\" role=\"presentation\">\n                      <a class=\"active u-active-custom-color-1 u-button-style u-grey-5 u-hover-custom-color-2 u-tab-link u-text-active-white u-text-custom-color-1 u-text-hover-black u-tab-link-1\" id=\"link-tab-0da5\" href=\"#tab-0da5\" role=\"tab\">Documents<\/a>\n                    <\/li>\n                    <li class=\"u-tab-item\" role=\"presentation\">\n                      <a class=\"u-active-custom-color-1 u-button-style u-grey-5 u-hover-custom-color-2 u-tab-link u-text-active-white u-text-custom-color-1 u-text-hover-black u-tab-link-2\" id=\"link-tab-14b7\" href=\"#tab-14b7\" role=\"tab\">Knihovni\u010dka<\/a>\n                    <\/li>\n                  <\/ul>\n                  <div class=\"u-tab-content\">\n                    <div class=\"u-container-style u-grey-5 u-opacity u-opacity-95 u-tab-active u-tab-pane u-tab-pane-1\" id=\"tab-0da5\" role=\"tabpanel\">\n                      <div class=\"u-container-layout u-valign-top-sm u-valign-top-xs u-container-layout-3\">\n                        <ul class=\"u-custom-list u-text u-text-1\">\n                          <li style=\"\">\n                            <div class=\"class u-list-icon u-text-palette-1-base\">\n                              <svg xmlns=\"http:\/\/www.w3.org\/2000\/svg\" xmlns:xlink=\"http:\/\/www.w3.org\/1999\/xlink\" version=\"1.1\" xml:space=\"preserve\" class=\"u-svg-content\" viewbox=\"0 0 512 512\" id=\"svg-72c3\"><path style=\"\"><\/path><\/svg>\n                            <\/div>Z\u00e1v\u011bre\u010dn\u00e9 zpr\u00e1vy - <a href=\"https:\/\/uniepecujicich.cz\/wp-content\/uploads\/2021\/06\/zaverecna-zprava-2017.pdf\" class=\"u-active-none u-border-none u-btn u-button-link u-button-style u-file-link u-hover-none u-none u-text-palette-1-base u-btn-1\" target=\"_blank\">2017<\/a>, <a href=\"https:\/\/uniepecujicich.cz\/wp-content\/uploads\/2021\/06\/zaverecna-zprava-2018.pdf\" class=\"u-active-none u-border-none u-btn u-button-link u-button-style u-file-link u-hover-none u-none u-text-palette-1-base u-btn-2\" target=\"_blank\">2018<\/a>, <a href=\"https:\/\/uniepecujicich.cz\/wp-content\/uploads\/2021\/06\/zaverecna-zprava-2019.pdf\" class=\"u-active-none u-border-none u-btn u-button-link u-button-style u-file-link u-hover-none u-none u-text-palette-1-base u-btn-3\" target=\"_blank\">2019<\/a>, <a href=\"https:\/\/uniepecujicich.cz\/wp-content\/uploads\/2021\/06\/zaverecna-zprava-2020.pdf\" class=\"u-active-none u-border-none u-btn u-button-link u-button-style u-file-link u-hover-none u-none u-text-palette-1-base u-btn-4\" target=\"_blank\">2020<\/a>, <a href=\"https:\/\/uniepecujicich.cz\/wp-content\/uploads\/2022\/08\/zz-2021.pdf\" class=\"u-active-none u-border-none u-btn u-button-link u-button-style u-file-link u-hover-none u-none u-text-palette-1-base u-btn-5\">2021<\/a>, <a href=\"https:\/\/uniepecujicich.cz\/wp-content\/uploads\/2023\/08\/zz2022.pdf\" class=\"u-active-none u-border-none u-btn u-button-link u-button-style u-file-link u-hover-none u-none u-text-palette-1-base u-btn-6\" target=\"_blank\">2022<\/a>, <a href=\"https:\/\/uniepecujicich.cz\/wp-content\/uploads\/2024\/06\/zz2023-r2-c.pdf\" class=\"u-active-none u-border-none u-btn u-button-link u-button-style u-file-link u-hover-none u-none u-text-palette-1-base u-btn-7\">2023<\/a>, <a href=\"https:\/\/uniepecujicich.cz\/wp-content\/uploads\/2025\/07\/zz2024-a1.pdf\" class=\"u-active-none u-border-none u-btn u-button-link u-button-style u-file-link u-hover-none u-none u-text-palette-1-base u-btn-8\">2024<\/a>\n                          <\/li>\n                          <li style=\"\">\n                            <div class=\"class u-list-icon u-text-palette-1-base\">\n                              <svg xmlns=\"http:\/\/www.w3.org\/2000\/svg\" xmlns:xlink=\"http:\/\/www.w3.org\/1999\/xlink\" version=\"1.1\" xml:space=\"preserve\" class=\"u-svg-content\" viewbox=\"0 0 512 512\" id=\"svg-72c3\"><path style=\"\"><\/path><\/svg>\n                            <\/div>\n                            <a href=\"https:\/\/uniepecujicich.cz\/wp-content\/uploads\/2026\/02\/stanovy-nove.pdf\" class=\"u-active-none u-border-none u-btn u-button-link u-button-style u-file-link u-hover-none u-none u-text-palette-1-base u-btn-9\" target=\"_blank\">Stanovy <\/a>\n                          <\/li>\n                          <li>\n                            <div class=\"class u-list-icon u-text-palette-1-base\">\n                              <svg xmlns=\"http:\/\/www.w3.org\/2000\/svg\" xmlns:xlink=\"http:\/\/www.w3.org\/1999\/xlink\" version=\"1.1\" xml:space=\"preserve\" class=\"u-svg-content\" viewbox=\"0 0 512 512\" id=\"svg-72c3\"><path style=\"\"><\/path><\/svg>\n                            <\/div>Memoranda - <a href=\"https:\/\/uniepecujicich.cz\/wp-content\/uploads\/2021\/12\/Memorandum-JMK.pdf\" class=\"u-active-none u-border-none u-btn u-button-link u-button-style u-file-link u-hover-none u-none u-text-palette-1-base u-btn-10\">JmK<\/a>, <a href=\"https:\/\/uniepecujicich.cz\/wp-content\/uploads\/2021\/12\/memorandum-Mesto-Brno.pdf\" class=\"u-active-none u-border-none u-btn u-button-link u-button-style u-file-link u-hover-none u-none u-text-palette-1-base u-btn-11\">Brno <\/a>\n                          <\/li>\n                          <li>\n                            <div class=\"class u-list-icon u-text-palette-1-base\">\n                              <svg xmlns=\"http:\/\/www.w3.org\/2000\/svg\" xmlns:xlink=\"http:\/\/www.w3.org\/1999\/xlink\" version=\"1.1\" xml:space=\"preserve\" class=\"u-svg-content\" viewbox=\"0 0 512 512\" id=\"svg-72c3\"><path style=\"\"><\/path><\/svg>\n                            <\/div>Desatera - <a href=\"https:\/\/uniepecujicich.cz\/wp-content\/uploads\/2021\/12\/Desatero-pomoci-pro-pecujici_c.pdf\" class=\"u-active-none u-border-none u-btn u-button-link u-button-style u-file-link u-hover-none u-none u-text-palette-1-base u-btn-12\">obecn\u00e9<\/a>, <a href=\"https:\/\/uniepecujicich.cz\/wp-content\/uploads\/2021\/12\/Desatero-pomoci-pro-pecujici-pro-oblast-zdravotnictvi_c.pdf\" class=\"u-active-none u-border-none u-btn u-button-link u-button-style u-file-link u-hover-none u-none u-text-palette-1-base u-btn-13\">zdravotnictv\u00ed <\/a>\n                          <\/li>\n                          <li>\n                            <div class=\"class u-list-icon u-text-palette-1-base\">\n                              <svg xmlns=\"http:\/\/www.w3.org\/2000\/svg\" xmlns:xlink=\"http:\/\/www.w3.org\/1999\/xlink\" version=\"1.1\" xml:space=\"preserve\" class=\"u-svg-content\" viewbox=\"0 0 512 512\" id=\"svg-72c3\"><path style=\"\"><\/path><\/svg>\n                            <\/div>\n                            <a href=\"https:\/\/uniepecujicich.cz\/wp-content\/uploads\/2021\/10\/Eticky_kodex.pdf\" class=\"u-active-none u-border-none u-btn u-button-link u-button-style u-file-link u-hover-none u-none u-text-palette-1-base u-btn-14\" target=\"_blank\">Etick\u00fd kodex <\/a>\n                          <\/li>\n                          <li>\n                            <div class=\"class u-list-icon u-text-palette-1-base\">\n                              <svg xmlns=\"http:\/\/www.w3.org\/2000\/svg\" xmlns:xlink=\"http:\/\/www.w3.org\/1999\/xlink\" version=\"1.1\" xml:space=\"preserve\" class=\"u-svg-content\" viewbox=\"0 0 512 512\" id=\"svg-72c3\"><path style=\"\"><\/path><\/svg>\n                            <\/div>\n                            <a href=\"https:\/\/uniepecujicich.cz\/wp-content\/uploads\/2021\/07\/Ochrana-OU.pdf\" class=\"u-active-none u-border-none u-btn u-button-link u-button-style u-file-link u-hover-none u-none u-text-palette-1-base u-btn-15\" target=\"_blank\">Z\u00e1sady ochrany osobn\u00edch \u00fadaj\u016f <\/a>\n                          <\/li>\n                          <li>\n                            <div class=\"class u-list-icon u-text-palette-1-base\">\n                              <svg xmlns=\"http:\/\/www.w3.org\/2000\/svg\" xmlns:xlink=\"http:\/\/www.w3.org\/1999\/xlink\" version=\"1.1\" xml:space=\"preserve\" class=\"u-svg-content\" viewbox=\"0 0 512 512\" id=\"svg-72c3\"><path style=\"\"><\/path><\/svg>\n                            <\/div>\n                            <a href=\"https:\/\/uniepecujicich.cz\/wp-content\/uploads\/2021\/10\/Podavani_a_vyrizovani_stiznosti.pdf\" class=\"u-active-none u-border-none u-btn u-button-link u-button-style u-file-link u-hover-none u-none u-text-palette-1-base u-btn-16\" target=\"_blank\">Z\u00e1sady zpracov\u00e1n\u00ed st\u00ed\u017enost\u00ed <\/a>\n                          <\/li>\n                          <li>\n                            <div class=\"class u-list-icon u-text-palette-1-base\">\n                              <svg xmlns=\"http:\/\/www.w3.org\/2000\/svg\" xmlns:xlink=\"http:\/\/www.w3.org\/1999\/xlink\" version=\"1.1\" xml:space=\"preserve\" class=\"u-svg-content\" viewbox=\"0 0 512 512\" id=\"svg-72c3\"><path style=\"\"><\/path><\/svg>\n                            <\/div>\n                            <a href=\"https:\/\/uniepecujicich.cz\/en\/ke-stazeni\/\" class=\"u-active-none u-border-none u-btn u-button-link u-button-style u-hover-none u-none u-text-palette-1-base u-btn-17\">Loga ke sta\u017een\u00ed<\/a>\n                          <\/li>\n                        <\/ul>\n                      <\/div>\n                    <\/div>\n                    <div class=\"u-align-left u-container-style u-grey-5 u-opacity u-opacity-95 u-tab-pane u-tab-pane-2\" id=\"tab-14b7\" role=\"tabpanel\">\n                      <div class=\"u-container-layout u-container-layout-4\">\n                        <ul class=\"u-custom-list u-text u-text-2\">\n                          <li>\n                            <div class=\"class u-list-icon u-text-palette-1-base\">\n                              <svg xmlns=\"http:\/\/www.w3.org\/2000\/svg\" xmlns:xlink=\"http:\/\/www.w3.org\/1999\/xlink\" version=\"1.1\" xml:space=\"preserve\" class=\"u-svg-content\" viewbox=\"0 0 512 512\" id=\"svg-72c3\"><path style=\"\"><\/path><\/svg>\n                            <\/div>\n                            <a href=\"https:\/\/uniepecujicich.cz\/wp-content\/uploads\/2021\/12\/Krmime-s-dustojnosti_web.pdf\" class=\"u-active-none u-border-none u-btn u-button-link u-button-style u-file-link u-hover-none u-none u-text-palette-1-base u-btn-18\">Krm\u00edme s d\u016fstojnost\u00ed<\/a>\n                          <\/li>\n                          <li>\n                            <div class=\"class u-list-icon u-text-palette-1-base\">\n                              <svg xmlns=\"http:\/\/www.w3.org\/2000\/svg\" xmlns:xlink=\"http:\/\/www.w3.org\/1999\/xlink\" version=\"1.1\" xml:space=\"preserve\" class=\"u-svg-content\" viewbox=\"0 0 512 512\" id=\"svg-72c3\"><path style=\"\"><\/path><\/svg>\n                            <\/div>\n                            <a href=\"https:\/\/uniepecujicich.cz\/wp-content\/uploads\/2021\/12\/Pece-a-davky-co-v-zadostech-nenajdete_web.pdf\" class=\"u-active-none u-border-none u-btn u-button-link u-button-style u-file-link u-hover-none u-none u-text-palette-1-base u-btn-19\">P\u00e9\u010de a d\u00e1vky - co v \u017e\u00e1dostech nenajdete<\/a>\n                            <br>\n                          <\/li>\n                          <li>\n                            <div class=\"class u-list-icon u-text-palette-1-base\">\n                              <svg xmlns=\"http:\/\/www.w3.org\/2000\/svg\" xmlns:xlink=\"http:\/\/www.w3.org\/1999\/xlink\" version=\"1.1\" xml:space=\"preserve\" class=\"u-svg-content\" viewbox=\"0 0 512 512\" id=\"svg-72c3\"><path style=\"\"><\/path><\/svg>\n                            <\/div>\n                            <a href=\"https:\/\/uniepecujicich.cz\/wp-content\/uploads\/2021\/12\/Pece-a-penize_web.pdf\" class=\"u-active-none u-border-none u-btn u-button-link u-button-style u-file-link u-hover-none u-none u-text-palette-1-base u-btn-20\">P\u00e9\u010de a pen\u00edze<\/a>\n                          <\/li>\n                          <li>\n                            <div class=\"class u-list-icon u-text-palette-1-base\">\n                              <svg xmlns=\"http:\/\/www.w3.org\/2000\/svg\" xmlns:xlink=\"http:\/\/www.w3.org\/1999\/xlink\" version=\"1.1\" xml:space=\"preserve\" class=\"u-svg-content\" viewbox=\"0 0 512 512\" id=\"svg-72c3\"><path style=\"\"><\/path><\/svg>\n                            <\/div>\n                            <a href=\"https:\/\/uniepecujicich.cz\/wp-content\/uploads\/2022\/08\/Stomie_web.pdf\" class=\"u-active-none u-border-none u-btn u-button-link u-button-style u-file-link u-hover-none u-none u-text-palette-1-base u-btn-21\">P\u00e9\u010de o stomie<\/a>\n                          <\/li>\n                          <li>\n                            <div class=\"class u-list-icon u-text-palette-1-base\">\n                              <svg xmlns=\"http:\/\/www.w3.org\/2000\/svg\" xmlns:xlink=\"http:\/\/www.w3.org\/1999\/xlink\" version=\"1.1\" xml:space=\"preserve\" class=\"u-svg-content\" viewbox=\"0 0 512 512\" id=\"svg-72c3\"><path style=\"\"><\/path><\/svg>\n                            <\/div>\n                            <a href=\"https:\/\/uniepecujicich.cz\/wp-content\/uploads\/2022\/08\/Peg_web.pdf\" class=\"u-active-none u-border-none u-btn u-button-link u-button-style u-file-link u-hover-none u-none u-text-palette-1-base u-btn-22\">P\u00e9\u010de o peg<\/a>\n                          <\/li>\n                          <li style=\"\">\n                            <div class=\"class u-list-icon u-text-palette-1-base\">\n                              <svg xmlns=\"http:\/\/www.w3.org\/2000\/svg\" xmlns:xlink=\"http:\/\/www.w3.org\/1999\/xlink\" version=\"1.1\" xml:space=\"preserve\" class=\"u-svg-content\" viewbox=\"0 0 512 512\" id=\"svg-72c3\"><path style=\"\"><\/path><\/svg>\n                            <\/div>\n                            <a href=\"https:\/\/uniepecujicich.cz\/wp-content\/uploads\/2022\/08\/Pece-co-muzete-vyuzit.pdf\" class=\"u-active-none u-border-none u-btn u-button-link u-button-style u-file-link u-hover-none u-none u-text-palette-1-base u-btn-23\">P\u00e9\u010de - co m\u016f\u017eete vyu\u017e\u00edt<\/a>\n                          <\/li>\n                          <li>\n                            <div class=\"class u-list-icon u-text-palette-1-base\">\n                              <svg xmlns=\"http:\/\/www.w3.org\/2000\/svg\" xmlns:xlink=\"http:\/\/www.w3.org\/1999\/xlink\" version=\"1.1\" xml:space=\"preserve\" class=\"u-svg-content\" viewbox=\"0 0 512 512\" id=\"svg-72c3\"><path style=\"\"><\/path><\/svg>\n                            <\/div>\n                            <a href=\"https:\/\/uniepecujicich.cz\/wp-content\/uploads\/2022\/08\/Tracheo_web.pdf\" class=\"u-active-none u-border-none u-btn u-button-link u-button-style u-file-link u-hover-none u-none u-text-palette-1-base u-btn-24\">P\u00e9\u010de o osobu s tracheostomi\u00ed<\/a>\n                          <\/li>\n                          <li style=\"\">\n                            <div class=\"class u-list-icon u-text-palette-1-base\">\n                              <svg xmlns=\"http:\/\/www.w3.org\/2000\/svg\" xmlns:xlink=\"http:\/\/www.w3.org\/1999\/xlink\" version=\"1.1\" xml:space=\"preserve\" class=\"u-svg-content\" viewbox=\"0 0 512 512\" id=\"svg-72c3\"><path style=\"\"><\/path><\/svg>\n                            <\/div>\n                            <a href=\"https:\/\/uniepecujicich.cz\/wp-content\/uploads\/2021\/12\/Desatero-pocatku-pece.pdf\" class=\"u-active-none u-border-none u-btn u-button-link u-button-style u-file-link u-hover-none u-none u-text-palette-1-base u-btn-25\">Ten principles for new carers<\/a>\n                          <\/li>\n                          <li>\n                            <div class=\"class u-list-icon u-text-palette-1-base\">\n                              <svg xmlns=\"http:\/\/www.w3.org\/2000\/svg\" xmlns:xlink=\"http:\/\/www.w3.org\/1999\/xlink\" version=\"1.1\" xml:space=\"preserve\" class=\"u-svg-content\" viewbox=\"0 0 512 512\" id=\"svg-72c3\"><path style=\"\"><\/path><\/svg>\n                            <\/div>\n                            <a href=\"https:\/\/uniepecujicich.cz\/wp-content\/uploads\/2021\/12\/Vademecum_pacienta.pdf\" class=\"u-active-none u-border-none u-btn u-button-link u-button-style u-file-link u-hover-none u-none u-text-palette-1-base u-btn-26\">Vademecum pacienta<\/a>\n                          <\/li>\n                          <li>\n                            <div class=\"class u-list-icon u-text-palette-1-base\">\n                              <svg xmlns=\"http:\/\/www.w3.org\/2000\/svg\" xmlns:xlink=\"http:\/\/www.w3.org\/1999\/xlink\" version=\"1.1\" xml:space=\"preserve\" class=\"u-svg-content\" viewbox=\"0 0 512 512\" id=\"svg-72c3\"><path style=\"\"><\/path><\/svg>\n                            <\/div>\n                            <a href=\"https:\/\/uniepecujicich.cz\/wp-content\/uploads\/2021\/12\/Slovnik_socialniho_zabezpeceni_MPSV.pdf\" class=\"u-active-none u-border-none u-btn u-button-link u-button-style u-file-link u-hover-none u-none u-text-palette-1-base u-btn-27\">Slovn\u00edk soci\u00e1ln\u00edho zabezpe\u010den\u00ed MPSV<\/a>\n                            <br>\n                          <\/li>\n                          <li>\n                            <div class=\"class u-list-icon u-text-palette-1-base\">\n                              <svg xmlns=\"http:\/\/www.w3.org\/2000\/svg\" xmlns:xlink=\"http:\/\/www.w3.org\/1999\/xlink\" version=\"1.1\" xml:space=\"preserve\" class=\"u-svg-content\" viewbox=\"0 0 512 512\" id=\"svg-72c3\"><path style=\"\"><\/path><\/svg>\n                            <\/div>\n                            <a href=\"https:\/\/uniepecujicich.cz\/wp-content\/uploads\/2021\/12\/pravnipomoc-manual-web-1.pdf\" class=\"u-active-none u-border-none u-btn u-button-link u-button-style u-file-link u-hover-none u-none u-text-palette-1-base u-btn-28\">Pr\u00e1vo na pr\u00e1vn\u00ed pomoc a ob\u011bti p\u0159edsude\u010dn\u00e9 trestn\u00e9 \u010dinnosti<\/a>\n                            <br>\n                          <\/li>\n                        <\/ul>\n                      <\/div>\n                    <\/div>\n                  <\/div>\n                <\/div>\n              <\/div>\n            <\/div>\n          <\/div>\n        <\/div>\n      <\/div>\n      <style class=\"darkreader darkreader--sync\" media=\"screen\"><\/style>\n      <style class=\"darkreader darkreader--sync\" media=\"screen\"><\/style>\n      <style class=\"darkreader darkreader--sync\" media=\"screen\"><\/style>\n      <style class=\"darkreader darkreader--sync\" media=\"screen\"><\/style>\n      <style class=\"darkreader darkreader--sync\" media=\"screen\"><\/style>\n    <\/section>\n    <style class=\"darkreader darkreader--sync\" media=\"screen\"><\/style>\n    <style class=\"darkreader darkreader--sync\" media=\"screen\"><\/style>","protected":false},"excerpt":{"rendered":"<p>Dokumenty Knihovni\u010dka Z\u00e1v\u011bre\u010dn\u00e9 zpr\u00e1vy &#8211; 2017, 2018, 2019, 2020, 2021, 2022, 2023, 2024 Stanovy Memoranda &#8211; JmK, Brno Desatera &#8211; obecn\u00e9, zdravotnictv\u00ed Etick\u00fd kodex Z\u00e1sady ochrany osobn\u00edch \u00fadaj\u016f Z\u00e1sady zpracov\u00e1n\u00ed st\u00ed\u017enost\u00ed Loga ke sta\u017een\u00ed Krm\u00edme s d\u016fstojnost\u00ed P\u00e9\u010de a d\u00e1vky &#8211; co v \u017e\u00e1dostech nenajdete P\u00e9\u010de a pen\u00edze P\u00e9\u010de o stomie P\u00e9\u010de o peg P\u00e9\u010de &hellip; <a href=\"https:\/\/uniepecujicich.cz\/en\/dokumenty\/\" class=\"more-link\">Continue reading<span class=\"screen-reader-text\"> &#8222;Dokumenty&#8220;<\/span><\/a><\/p>","protected":false},"author":1,"featured_media":0,"parent":0,"menu_order":3,"comment_status":"closed","ping_status":"closed","template":"","meta":{"footnotes":""},"class_list":["post-61","page","type-page","status-publish","hentry"],"_links":{"self":[{"href":"https:\/\/uniepecujicich.cz\/en\/wp-json\/wp\/v2\/pages\/61","targetHints":{"allow":["GET"]}}],"collection":[{"href":"https:\/\/uniepecujicich.cz\/en\/wp-json\/wp\/v2\/pages"}],"about":[{"href":"https:\/\/uniepecujicich.cz\/en\/wp-json\/wp\/v2\/types\/page"}],"author":[{"embeddable":true,"href":"https:\/\/uniepecujicich.cz\/en\/wp-json\/wp\/v2\/users\/1"}],"replies":[{"embeddable":true,"href":"https:\/\/uniepecujicich.cz\/en\/wp-json\/wp\/v2\/comments?post=61"}],"version-history":[{"count":11,"href":"https:\/\/uniepecujicich.cz\/en\/wp-json\/wp\/v2\/pages\/61\/revisions"}],"predecessor-version":[{"id":6960,"href":"https:\/\/uniepecujicich.cz\/en\/wp-json\/wp\/v2\/pages\/61\/revisions\/6960"}],"wp:attachment":[{"href":"https:\/\/uniepecujicich.cz\/en\/wp-json\/wp\/v2\/media?parent=61"}],"curies":[{"name":"wp","href":"https:\/\/api.w.org\/{rel}","templated":true}]}}