{"id":62,"date":"2021-06-22T13:25:32","date_gmt":"2021-06-22T11:25:32","guid":{"rendered":"https:\/\/upec.cz\/ke-stazeni\/"},"modified":"2024-07-26T10:56:08","modified_gmt":"2024-07-26T08:56:08","slug":"ke-stazeni","status":"publish","type":"page","link":"https:\/\/uniepecujicich.cz\/en\/ke-stazeni\/","title":{"rendered":"Downloads"},"content":{"rendered":"<section class=\"u-align-center u-clearfix u-section-2\" id=\"sec-0f16\">\n      <h1 class=\"u-text u-text-1\">Logo<\/h1>\n      <p class=\"u-expanded-width u-text u-text-body-color u-text-2\">The logo has one main variant and three alternatives.&nbsp;<br>Before using it, please check the <a href=\"\/en\/WIP\/\" class=\"u-active-none u-border-none u-btn u-button-link u-button-style u-file-link u-hover-none u-none u-text-palette-1-base u-btn-1\">short manual (in Czech)<\/a>&nbsp;and follow the included instructions. \n      <\/p>\n      <div class=\"u-gallery u-layout-grid u-lightbox u-no-transition u-show-text-on-hover u-gallery-1\">\n        <div class=\"u-gallery-inner u-gallery-inner-1\">\n          <div class=\"u-effect-fade u-gallery-item\">\n            <div class=\"u-back-slide\" data-image-width=\"2873\" data-image-height=\"1517\">\n              <img class=\"u-back-image u-expanded u-image-contain lazyload\" data-src=\"https:\/\/uniepecujicich.cz\/wp-content\/uploads\/2021\/06\/Loga_nova_hlavni.png\">\n            <\/div>\n            <div class=\"u-over-slide u-shading u-over-slide-1\">\n              <h3 class=\"u-gallery-heading\"><\/h3>\n              <p class=\"u-gallery-text\"><\/p>\n            <\/div>\n          <\/div>\n        <\/div>\n      <\/div>\n      <div class=\"u-gallery u-layout-grid u-lightbox u-show-text-on-hover u-gallery-2\">\n        <div class=\"u-gallery-inner u-gallery-inner-2\">\n          <div class=\"u-effect-fade u-gallery-item\">\n            <div class=\"u-back-slide\" data-image-width=\"3290\" data-image-height=\"1225\">\n              <img class=\"u-back-image u-expanded u-image-contain lazyload\" data-src=\"https:\/\/uniepecujicich.cz\/wp-content\/uploads\/2021\/06\/Loga_nova_bila.png\">\n            <\/div>\n            <div class=\"u-over-slide u-shading u-over-slide-2\">\n              <h3 class=\"u-gallery-heading\"><\/h3>\n              <p class=\"u-gallery-text\"><\/p>\n            <\/div>\n          <\/div>\n          <div class=\"u-effect-fade u-gallery-item\">\n            <div class=\"u-back-slide\" data-image-width=\"3293\" data-image-height=\"1227\">\n              <img class=\"u-back-image u-expanded u-image-contain lazyload\" data-src=\"https:\/\/uniepecujicich.cz\/wp-content\/uploads\/2021\/06\/Loga_nova_text.png\">\n            <\/div>\n            <div class=\"u-over-slide u-shading u-over-slide-3\">\n              <h3 class=\"u-gallery-heading\"><\/h3>\n              <p class=\"u-gallery-text\"><\/p>\n            <\/div>\n          <\/div>\n          <div class=\"u-effect-fade u-gallery-item\">\n            <div class=\"u-back-slide\" data-image-width=\"3295\" data-image-height=\"1225\">\n              <img class=\"u-back-image u-expanded u-image-contain lazyload\" data-src=\"https:\/\/uniepecujicich.cz\/wp-content\/uploads\/2021\/06\/Loga_nova_zeleno-bila.png\">\n            <\/div>\n            <div class=\"u-over-slide u-shading u-over-slide-4\">\n              <h3 class=\"u-gallery-heading\"><\/h3>\n              <p class=\"u-gallery-text\"><\/p>\n            <\/div>\n          <\/div>\n        <\/div>\n      <\/div>\n    <\/section>","protected":false},"excerpt":{"rendered":"<p>Logo Krom\u011b hlavn\u00ed varianty existuj\u00ed je\u0161t\u011b dal\u0161\u00ed t\u0159i verze.&nbsp;P\u0159ed pou\u017eit\u00edm si projd\u011bte kr\u00e1tkou p\u0159\u00edru\u010dku&nbsp;a dodr\u017eujte pros\u00edm instrukce, kter\u00e9 obsahuje.<\/p>","protected":false},"author":1,"featured_media":0,"parent":0,"menu_order":4,"comment_status":"closed","ping_status":"closed","template":"","meta":{"footnotes":""},"class_list":["post-62","page","type-page","status-publish","hentry"],"_links":{"self":[{"href":"https:\/\/uniepecujicich.cz\/en\/wp-json\/wp\/v2\/pages\/62","targetHints":{"allow":["GET"]}}],"collection":[{"href":"https:\/\/uniepecujicich.cz\/en\/wp-json\/wp\/v2\/pages"}],"about":[{"href":"https:\/\/uniepecujicich.cz\/en\/wp-json\/wp\/v2\/types\/page"}],"author":[{"embeddable":true,"href":"https:\/\/uniepecujicich.cz\/en\/wp-json\/wp\/v2\/users\/1"}],"replies":[{"embeddable":true,"href":"https:\/\/uniepecujicich.cz\/en\/wp-json\/wp\/v2\/comments?post=62"}],"version-history":[{"count":2,"href":"https:\/\/uniepecujicich.cz\/en\/wp-json\/wp\/v2\/pages\/62\/revisions"}],"predecessor-version":[{"id":412,"href":"https:\/\/uniepecujicich.cz\/en\/wp-json\/wp\/v2\/pages\/62\/revisions\/412"}],"wp:attachment":[{"href":"https:\/\/uniepecujicich.cz\/en\/wp-json\/wp\/v2\/media?parent=62"}],"curies":[{"name":"wp","href":"https:\/\/api.w.org\/{rel}","templated":true}]}}