{"id":63,"date":"2021-06-22T13:25:33","date_gmt":"2021-06-22T11:25:33","guid":{"rendered":"https:\/\/upec.cz\/kontakt\/"},"modified":"2024-07-26T10:51:21","modified_gmt":"2024-07-26T08:51:21","slug":"kontakt","status":"publish","type":"page","link":"https:\/\/uniepecujicich.cz\/en\/kontakt\/","title":{"rendered":"Contact us"},"content":{"rendered":"<style class=\"custom-css\" type=\"text\/css\">.form {\n\tcolor: rgb(9, 85, 64);\n}\n.asistive-nodisplay {\n  border: 0;\n  clip: rect(0 0 0 0);\n  height: 1px;\n  margin: -1px;\n  overflow: hidden;\n  padding: 0;\n  position: absolute;\n  width: 1px;\n}\n.form-short {\n\tcolor: rgb(9, 85, 64);\n    width: 100%;\n    padding: 10px;\n    margin-bottom: 5px;\n    line-height: 25px;\n    font-size: 16px;\n    border-color: rgb(179, 179, 179);\n    border-width: 1px;\n    border-style: solid;\n\tborder-radius: 3px;\n}\n.form-long {\n\theight: 10em;\n}\n.odeslat {\n\tborder-color: rgb(107, 164, 58);\n\tborder-radius: 30px;\n\tborder-style: solid;\n\tborder-width: 2px;\n\tfont-size: 14px;\n\tmargin-top: 20px;\n\tmargin-bottom: 20px;\n\tpadding: 10px 30px 10px 30px;\n\tbackground-color: rgba(0, 0, 0, 0);\n\tcolor: rgb(107, 164, 58);\n}<\/style>\n    <link rel=\"icon\" href=\"favicon.png\">\n    \n    \n    \n    <script type=\"application\/ld+json\">{\n\t\t\"@context\": \"http:\/\/schema.org\",\n\t\t\"@type\": \"Organization\",\n\t\t\"name\": \"Unie pe\u010duj\u00edc\u00edch\",\n\t\t\"logo\": \"https:\/\/uniepecujicich.cz\/wp-content\/uploads\/2021\/07\/logo-header-min-1.png\",\n\t\t\"sameAs\": [\n\t\t\t\t\"https:\/\/facebook.com\/uniepecujicich.info\"\n\t\t]\n}<\/script>\n    <meta name=\"theme-color\" content=\"#6ba43a\">\n    <meta property=\"og:title\" content=\"Kontakt | Unie pe\u010duj\u00edc\u00edch z. s.\">\n    <meta property=\"og:description\" content=\"Unie pe\u010duj\u00edc\u00edch z.s. je otev\u0159en\u00e1 komunita t\u011bch, kte\u0159\u00ed se cht\u011bj\u00ed pod\u00edlet na podpo\u0159e pe\u010duj\u00edc\u00edch osob. Byla zalo\u017eena samotn\u00fdmi pe\u010duj\u00edc\u00edmi, lidmi, kte\u0159\u00ed cht\u011bj\u00ed a pot\u0159ebuj\u00ed zm\u011bnu. Poskytujeme prov\u00e1zen\u00ed p\u0159ed zah\u00e1jen\u00edm p\u00e9\u010de, b\u011bhem p\u00e9\u010de (v\u010detn\u011b termin\u00e1ln\u00edho stadia \u017eivota pe\u010dovan\u00e9ho), ale i po ukon\u010den\u00ed p\u00e9\u010de, a to nejen z d\u016fvodu \u00famrt\u00ed.\">\n    <meta property=\"og:type\" content=\"website\">\n  \n  \n    \n    <section class=\"u-clearfix u-white u-section-2\" id=\"carousel_eb72\">\n      <div class=\"u-clearfix u-sheet u-sheet-1\">\n        <div class=\"u-clearfix u-expanded-width u-layout-wrap u-layout-wrap-1\">\n          <div class=\"u-layout\">\n            <div class=\"u-layout-row\">\n              <div class=\"u-size-30 u-size-60-md\">\n                <div class=\"u-layout-col\">\n                  <div class=\"u-size-20\">\n                    <div class=\"u-layout-row\">\n                      <div class=\"u-align-left u-container-style u-layout-cell u-left-cell u-size-30 u-layout-cell-1\">\n                        <div class=\"u-container-layout u-valign-bottom-md u-valign-top-lg u-container-layout-1\"><span class=\"u-icon u-icon-circle u-text-palette-1-base u-icon-1\"><svg class=\"u-svg-link\" preserveaspectratio=\"xMidYMin slice\" viewbox=\"0 0 512 512\" style=\"\"><use xmlns:xlink=\"http:\/\/www.w3.org\/1999\/xlink\" xlink:href=\"#svg-2d08\"><\/use><\/svg><svg xmlns=\"http:\/\/www.w3.org\/2000\/svg\" xmlns:xlink=\"http:\/\/www.w3.org\/1999\/xlink\" version=\"1.1\" id=\"svg-2d08\" x=\"0px\" y=\"0px\" viewbox=\"0 0 512 512\" style=\"enable-background:new 0 0 512 512;\" xml:space=\"preserve\" class=\"u-svg-content\"><g><g><path d=\"M256,0C153.755,0,70.573,83.182,70.573,185.426c0,126.888,165.939,313.167,173.004,321.035    c6.636,7.391,18.222,7.378,24.846,0c7.065-7.868,173.004-194.147,173.004-321.035C441.425,83.182,358.244,0,256,0z M256,278.719    c-51.442,0-93.292-41.851-93.292-93.293S204.559,92.134,256,92.134s93.291,41.851,93.291,93.293S307.441,278.719,256,278.719z\"><\/path>\n<\/g>\n<\/g><g><\/g><g><\/g><g><\/g><g><\/g><g><\/g><g><\/g><g><\/g><g><\/g><g><\/g><g><\/g><g><\/g><g><\/g><g><\/g><g><\/g><g><\/g><\/svg><\/span>\n                          <p class=\"u-text u-text-body-color u-text-1\">t\u0159. Kpt. Jaro\u0161e 1922\/3<br>602 00 Brno - \u010cern\u00e1 Pole \n                          <\/p><span class=\"u-icon u-icon-circle u-text-palette-1-base u-icon-2\"><svg class=\"u-svg-link\" preserveaspectratio=\"xMidYMin slice\" viewbox=\"0 0 512 512\" style=\"\"><use xmlns:xlink=\"http:\/\/www.w3.org\/1999\/xlink\" xlink:href=\"#svg-fd2b\"><\/use><\/svg><svg xmlns=\"http:\/\/www.w3.org\/2000\/svg\" xmlns:xlink=\"http:\/\/www.w3.org\/1999\/xlink\" version=\"1.1\" id=\"svg-fd2b\" x=\"0px\" y=\"0px\" viewbox=\"0 0 512 512\" style=\"enable-background:new 0 0 512 512;\" xml:space=\"preserve\" class=\"u-svg-content\"><g><g><path d=\"M467,61H45c-6.927,0-13.412,1.703-19.279,4.51L255,294.789l51.389-49.387c0,0,0.004-0.005,0.005-0.007    c0.001-0.002,0.005-0.004,0.005-0.004L486.286,65.514C480.418,62.705,473.929,61,467,61z\"><\/path>\n<\/g>\n<\/g><g><g><path d=\"M507.496,86.728L338.213,256.002L507.49,425.279c2.807-5.867,4.51-12.352,4.51-19.279V106    C512,99.077,510.301,92.593,507.496,86.728z\"><\/path>\n<\/g>\n<\/g><g><g><path d=\"M4.51,86.721C1.703,92.588,0,99.073,0,106v300c0,6.923,1.701,13.409,4.506,19.274L173.789,256L4.51,86.721z\"><\/path>\n<\/g>\n<\/g><g><g><path d=\"M317.002,277.213l-51.396,49.393c-2.93,2.93-6.768,4.395-10.605,4.395s-7.676-1.465-10.605-4.395L195,277.211    L25.714,446.486C31.582,449.295,38.071,451,45,451h422c6.927,0,13.412-1.703,19.279-4.51L317.002,277.213z\"><\/path>\n<\/g>\n<\/g><g><\/g><g><\/g><g><\/g><g><\/g><g><\/g><g><\/g><g><\/g><g><\/g><g><\/g><g><\/g><g><\/g><g><\/g><g><\/g><g><\/g><g><\/g><\/svg><\/span>\n                          <p class=\"u-text u-text-body-color u-text-2\">info@uniepecujicich.cz<\/p>\n                        <\/div>\n                      <\/div>\n                      <div class=\"u-align-left u-container-style u-layout-cell u-size-30 u-layout-cell-2\">\n                        <div class=\"u-container-layout u-valign-top-lg u-valign-top-md u-container-layout-2\"><span class=\"u-icon u-icon-circle u-text-palette-1-base u-icon-3\"><svg class=\"u-svg-link\" preserveaspectratio=\"xMidYMin slice\" viewbox=\"0 0 384 384\" style=\"\"><use xmlns:xlink=\"http:\/\/www.w3.org\/1999\/xlink\" xlink:href=\"#svg-ec0a\"><\/use><\/svg><svg xmlns=\"http:\/\/www.w3.org\/2000\/svg\" xmlns:xlink=\"http:\/\/www.w3.org\/1999\/xlink\" version=\"1.1\" id=\"svg-ec0a\" x=\"0px\" y=\"0px\" viewbox=\"0 0 384 384\" style=\"enable-background:new 0 0 384 384;\" xml:space=\"preserve\" class=\"u-svg-content\"><g><g><path d=\"M353.188,252.052c-23.51,0-46.594-3.677-68.469-10.906c-10.719-3.656-23.896-0.302-30.438,6.417l-43.177,32.594    c-50.073-26.729-80.917-57.563-107.281-107.26l31.635-42.052c8.219-8.208,11.167-20.198,7.635-31.448    c-7.26-21.99-10.948-45.063-10.948-68.583C132.146,13.823,118.323,0,101.333,0H30.813C13.823,0,0,13.823,0,30.813    C0,225.563,158.438,384,353.188,384c16.99,0,30.813-13.823,30.813-30.813v-70.323C384,265.875,370.177,252.052,353.188,252.052z\"><\/path>\n<\/g>\n<\/g><g><\/g><g><\/g><g><\/g><g><\/g><g><\/g><g><\/g><g><\/g><g><\/g><g><\/g><g><\/g><g><\/g><g><\/g><g><\/g><g><\/g><g><\/g><\/svg><\/span>\n                          <p class=\"u-text u-text-body-color u-text-3\">733 678 890<br>\n                          <\/p><span class=\"u-icon u-icon-circle u-text-palette-1-base u-icon-4\"><svg class=\"u-svg-link\" preserveaspectratio=\"xMidYMin slice\" viewbox=\"0 0 512 512\" style=\"\"><use xmlns:xlink=\"http:\/\/www.w3.org\/1999\/xlink\" xlink:href=\"#svg-759b\"><\/use><\/svg><svg xmlns=\"http:\/\/www.w3.org\/2000\/svg\" viewbox=\"0 0 512 512\" id=\"svg-759b\" class=\"u-svg-content\"><path d=\"m437 0h-362c-41.351562 0-75 33.648438-75 75v362c0 41.351562 33.648438 75 75 75h151v-181h-60v-90h60v-61c0-49.628906 40.371094-90 90-90h91v90h-91v61h91l-15 90h-76v181h121c41.351562 0 75-33.648438 75-75v-362c0-41.351562-33.648438-75-75-75zm0 0\"><\/path><\/svg><\/span>\n                          <p class=\"u-text u-text-body-color u-text-4\">\n                            <a class=\"u-active-none u-border-none u-btn u-button-link u-button-style u-hover-none u-none u-text-palette-1-base u-btn-1\" href=\"https:\/\/www.facebook.com\/uniepecujicich.info\" target=\"_blank\">@uniepecujicich.info<\/a>\n                          <\/p>\n                        <\/div>\n                      <\/div>\n                    <\/div>\n                  <\/div>\n                  <div class=\"u-size-40\">\n                    <div class=\"u-layout-row\">\n                      <div class=\"u-container-style u-layout-cell u-left-cell u-size-60 u-layout-cell-3\">\n                        <div class=\"u-container-layout u-valign-top u-container-layout-3\">\n                          <div class=\"u-clearfix u-custom-html u-custom-html-1\">\n                            <object data=\"https:\/\/www.openstreetmap.org\/export\/embed.html?bbox=16.607251167297367%2C49.19922235558588%2C16.61414980888367%2C49.20170052390023&amp;layer=mapnik&amp;marker=49.200463199931086%2C16.610701561039605\" border=\"0\" width=\"100%\" height=\"100%\" class=\"skrollable\"><\/object>\n                          <\/div>\n                        <\/div>\n                      <\/div>\n                    <\/div>\n                  <\/div>\n                <\/div>\n              <\/div>\n              <div class=\"u-size-30 u-size-60-md\">\n                <div class=\"u-layout-col\">\n                  <div class=\"u-container-style u-layout-cell u-right-cell u-size-60 u-layout-cell-4\">\n                    <div class=\"u-container-layout u-container-layout-4\">\n                      <h3 class=\"u-text u-text-5\">Send us a message<\/h3>\n                      <p class=\"u-text u-text-body-color u-text-6\">If you need an advice, it may be better to contact a specific member of <a href=\"https:\/\/uniepecujicich.cz\/en\/tym\/\" class=\"u-active-none u-border-none u-btn u-button-link u-button-style u-hover-none u-none u-text-palette-1-base u-btn-2\">our team<\/a>.<br>\n                      <\/p>\n                      <div class=\"form u-expanded-width u-shortcode u-shortcode-1\">\n<div class=\"wpcf7 no-js\" id=\"wpcf7-f304-o1\" lang=\"cs-CZ\" dir=\"ltr\">\n<div class=\"screen-reader-response\"><p role=\"status\" aria-live=\"polite\" aria-atomic=\"true\"><\/p> <ul><\/ul><\/div>\n<form action=\"\/en\/wp-json\/wp\/v2\/pages\/63#wpcf7-f304-o1\" method=\"post\" class=\"wpcf7-form init\" aria-label=\"Kontaktn\u00ed formul\u00e1\u0159\" novalidate=\"novalidate\" data-status=\"init\" data-trp-original-action=\"\/en\/wp-json\/wp\/v2\/pages\/63#wpcf7-f304-o1\">\n<div style=\"display: none;\">\n<input type=\"hidden\" name=\"_wpcf7\" value=\"304\" \/>\n<input type=\"hidden\" name=\"_wpcf7_version\" value=\"5.9.3\" \/>\n<input type=\"hidden\" name=\"_wpcf7_locale\" value=\"cs_CZ\" \/>\n<input type=\"hidden\" name=\"_wpcf7_unit_tag\" value=\"wpcf7-f304-o1\" \/>\n<input type=\"hidden\" name=\"_wpcf7_container_post\" value=\"0\" \/>\n<input type=\"hidden\" name=\"_wpcf7_posted_data_hash\" value=\"\" \/>\n<\/div>\n<p><label for=\"jmeno\" class=\"asistive-nodisplay\">Your name<\/label><span class=\"wpcf7-form-control-wrap\" data-name=\"jmeno\"><input size=\"40\" class=\"wpcf7-form-control wpcf7-text wpcf7-validates-as-required form-short\" id=\"jmeno\" aria-required=\"true\" aria-invalid=\"false\" placeholder=\"Your name\" value=\"\" type=\"text\" name=\"jmeno\" \/><\/span><br \/>\n<label for=\"e-mail\" class=\"asistive-nodisplay\">Your e-mail<\/label><span class=\"wpcf7-form-control-wrap\" data-name=\"e-mail\"><input size=\"40\" class=\"wpcf7-form-control wpcf7-email wpcf7-validates-as-required wpcf7-text wpcf7-validates-as-email form-short\" id=\"e-mail\" aria-required=\"true\" aria-invalid=\"false\" placeholder=\"Your e-mail\" value=\"\" type=\"email\" name=\"e-mail\" \/><\/span><br \/>\n<label for=\"telefon\" class=\"asistive-nodisplay\">Your phone (not required)<\/label><span class=\"wpcf7-form-control-wrap\" data-name=\"tlf\"><input size=\"40\" class=\"wpcf7-form-control wpcf7-text form-short\" id=\"telefon\" aria-invalid=\"false\" placeholder=\"Your phone (not required)\" value=\"\" type=\"text\" name=\"tlf\" \/><\/span><br \/>\n<span id=\"wpcf7-69edb890b6427-wrapper\" class=\"wpcf7-form-control-wrap web-30-wrap\" ><input type=\"hidden\" name=\"web-30-time-start\" value=\"1777186960\"><input type=\"hidden\" name=\"web-30-time-check\" value=\"4\"><label for=\"wpcf7-69edb890b6427-field\" class=\"hp-message\">Ponechte toto pole pr\u00e1zdn\u00e9.<\/label><input id=\"wpcf7-69edb890b6427-field\"  placeholder=\"Your website\"  class=\"wpcf7-form-control wpcf7-text\" type=\"text\" name=\"web-30\" value=\"\" size=\"40\" tabindex=\"-1\" autocomplete=\"new-password\" \/><\/span><br \/>\n<label for=\"predmet\" class=\"asistive-nodisplay\">Subject<\/label><span class=\"wpcf7-form-control-wrap\" data-name=\"subject\"><input size=\"40\" class=\"wpcf7-form-control wpcf7-text wpcf7-validates-as-required form-short\" id=\"predmet\" aria-required=\"true\" aria-invalid=\"false\" placeholder=\"Subject\" value=\"\" type=\"text\" name=\"subject\" \/><\/span><br \/>\n<label for=\"zprava\" class=\"asistive-nodisplay\">Your message<\/label><span class=\"wpcf7-form-control-wrap\" data-name=\"msg\"><textarea cols=\"40\" rows=\"10\" class=\"wpcf7-form-control wpcf7-textarea wpcf7-validates-as-required form-short form-long\" id=\"zprava\" aria-required=\"true\" aria-invalid=\"false\" placeholder=\"Your message\" name=\"msg\"><\/textarea><\/span><br \/>\n<span id=\"wpcf7-69edb890b65d0-wrapper\" class=\"wpcf7-form-control-wrap captcha-wrap\" ><input type=\"hidden\" name=\"captcha-time-start\" value=\"1777186960\"><input type=\"hidden\" name=\"captcha-time-check\" value=\"4\"><label for=\"wpcf7-69edb890b65d0-field\" class=\"hp-message\">Ponechte toto pole pr\u00e1zdn\u00e9.<\/label><input id=\"wpcf7-69edb890b65d0-field\"  placeholder=\"4 + 4 = ?\"  class=\"wpcf7-form-control wpcf7-text\" type=\"text\" name=\"captcha\" value=\"\" size=\"40\" tabindex=\"-1\" autocomplete=\"new-password\" \/><\/span><br \/>\n<input class=\"wpcf7-form-control wpcf7-submit has-spinner odeslat\" type=\"submit\" value=\"Send\" \/>\n<\/p><div class=\"wpcf7-response-output\" aria-hidden=\"true\"><\/div>\n<input type=\"hidden\" name=\"trp-form-language\" value=\"en\"\/><\/form>\n<\/div>\n<\/div>\n                    <\/div>\n                  <\/div>\n                <\/div>\n              <\/div>\n            <\/div>\n          <\/div>\n        <\/div>\n      <\/div>\n    <\/section>","protected":false},"excerpt":{"rendered":"<p>t\u0159. Kpt. Jaro\u0161e 1922\/3602 00 Brno &#8211; \u010cern\u00e1 Pole info@uniepecujicich.cz 733 678 890 @uniepecujicich.info Po\u0161lete n\u00e1m zpr\u00e1vu Pokud pot\u0159ebujete poradit, je lep\u0161\u00ed obr\u00e1tit se p\u0159\u00edmo na konkr\u00e9tn\u00edho \u010dlena na\u0161eho t\u00fdmu. Va\u0161e jm\u00e9no Va\u0161e e-mailov\u00e1 adresa V\u00e1\u0161 telefon (nepovinn\u00fd) Ponechte toto pole pr\u00e1zdn\u00e9. P\u0159edm\u011bt Va\u0161e zpr\u00e1va Ponechte toto pole pr\u00e1zdn\u00e9.<\/p>","protected":false},"author":1,"featured_media":0,"parent":0,"menu_order":5,"comment_status":"closed","ping_status":"closed","template":"","meta":{"footnotes":""},"class_list":["post-63","page","type-page","status-publish","hentry"],"_links":{"self":[{"href":"https:\/\/uniepecujicich.cz\/en\/wp-json\/wp\/v2\/pages\/63","targetHints":{"allow":["GET"]}}],"collection":[{"href":"https:\/\/uniepecujicich.cz\/en\/wp-json\/wp\/v2\/pages"}],"about":[{"href":"https:\/\/uniepecujicich.cz\/en\/wp-json\/wp\/v2\/types\/page"}],"author":[{"embeddable":true,"href":"https:\/\/uniepecujicich.cz\/en\/wp-json\/wp\/v2\/users\/1"}],"replies":[{"embeddable":true,"href":"https:\/\/uniepecujicich.cz\/en\/wp-json\/wp\/v2\/comments?post=63"}],"version-history":[{"count":2,"href":"https:\/\/uniepecujicich.cz\/en\/wp-json\/wp\/v2\/pages\/63\/revisions"}],"predecessor-version":[{"id":4683,"href":"https:\/\/uniepecujicich.cz\/en\/wp-json\/wp\/v2\/pages\/63\/revisions\/4683"}],"wp:attachment":[{"href":"https:\/\/uniepecujicich.cz\/en\/wp-json\/wp\/v2\/media?parent=63"}],"curies":[{"name":"wp","href":"https:\/\/api.w.org\/{rel}","templated":true}]}}