{"id":65,"date":"2021-06-22T13:25:35","date_gmt":"2021-06-22T11:25:35","guid":{"rendered":"https:\/\/upec.cz\/setkani-pecujicich\/"},"modified":"2025-12-12T20:58:07","modified_gmt":"2025-12-12T19:58:07","slug":"setkani-pecujicich","status":"publish","type":"page","link":"https:\/\/uniepecujicich.cz\/en\/setkani-pecujicich\/","title":{"rendered":"Carers' meetings"},"content":{"rendered":"<section class=\"u-clearfix u-valign-middle-sm u-valign-middle-xs u-white u-section-2\" id=\"sec-53ec\">\n      <div class=\"u-clearfix u-expanded-width u-layout-wrap u-layout-wrap-1\">\n        <div class=\"u-layout\">\n          <div class=\"u-layout-row\">\n            <div class=\"u-align-left u-container-style u-image u-layout-cell u-left-cell u-size-30 lazyload u-image-1\" data-image-width=\"1600\" data-image-height=\"900\" data-bg=\"url(&quot;https:\/\/uniepecujicich.cz\/wp-content\/uploads\/2021\/06\/FS1.jpg&quot;)\">\n              <div class=\"u-container-layout u-container-layout-1\"><\/div>\n            <\/div>\n            <div class=\"u-container-style u-layout-cell u-right-cell u-size-30 u-layout-cell-2\">\n              <div class=\"u-container-layout u-valign-bottom-lg u-valign-bottom-xl u-container-layout-2\">\n                <div class=\"u-expanded-width-lg u-expanded-width-xs u-list u-list-1\">\n                  <div class=\"u-repeater u-repeater-1\">\n                    <div class=\"u-container-style u-list-item u-repeater-item\">\n                      <div class=\"u-container-layout u-similar-container u-container-layout-3\"><span class=\"u-hidden-md u-hidden-sm u-hidden-xs u-icon u-icon-circle u-text-custom-color-1 u-icon-1\"><svg class=\"u-svg-link\" preserveaspectratio=\"xMidYMin slice\" viewbox=\"0 0 512 512\" style=\"\"><use xmlns:xlink=\"http:\/\/www.w3.org\/1999\/xlink\" xlink:href=\"#svg-cd6e\"><\/use><\/svg><svg xmlns=\"http:\/\/www.w3.org\/2000\/svg\" xmlns:xlink=\"http:\/\/www.w3.org\/1999\/xlink\" version=\"1.1\" xml:space=\"preserve\" class=\"u-svg-content\" viewbox=\"0 0 512 512\" id=\"svg-cd6e\"><g><path d=\"m27.383 314.082c1.673 4.535 4.309 8.617 7.682 11.962 5.981 5.981 14.203 9.694 23.273 9.694 9.043 0 17.292-3.713 23.272-9.694 5.981-5.98 9.694-14.229 9.694-23.272v-18.34c-6.944.595-13.039-.907-17.801-2.892-.426 2.069-.907 4.082-1.531 6.066-2.353 7.653-6.293 14.627-12.529 19.644-6.321 5.103-14.711 8.051-25.824 7.483-1.984-.085-4.054-.311-6.236-.651zm194.29-49.124h65.934v-20.722h-50.769c-4.167 0-7.966 1.73-10.715 4.479-2.75 2.75-4.45 6.52-4.45 10.687zm65.933 14.995h-65.934v22.818c0 9.043 3.713 17.292 9.694 23.272 5.98 5.981 14.229 9.694 23.272 9.694 9.07 0 17.319-3.713 23.273-9.694 5.98-5.98 9.694-14.229 9.694-23.272v-22.818zm205.515 50.06c4.025 2.126 7.568 5.018 10.488 8.447 5.244 6.18 8.391 14.145 8.391 22.79v50.57c0 4.139-3.345 7.483-7.483 7.483s-7.512-3.345-7.512-7.483v-50.57c0-4.988-1.815-9.581-4.819-13.124-2.665-3.147-6.265-5.471-10.375-6.576-7.908 5.782-17.633 9.184-28.12 9.184-10.856 0-20.892-3.628-28.971-9.779-1.53.17-3.005.596-4.422 1.248-1.928.906-3.685 2.296-5.103 4.166l-40.281 53.349c-1.417 1.871-3.628 3.005-5.98 3.005h-51.619c-3.827 0-7.285 1.53-9.779 4.024-2.495 2.523-4.054 5.981-4.054 9.78 0 3.826 1.559 7.285 4.054 9.779 2.494 2.494 5.952 4.054 9.779 4.054h61.653c2.468 0 4.366-.255 6.72-1.446 4.365-2.183 8.447-8.815 11.423-12.784l26.675-35.291c2.494-3.316 7.171-3.969 10.487-1.474 3.288 2.494 3.94 7.199 1.446 10.488l-25.37 33.618v65.367h86.656v-43.059c0-4.139 3.373-7.483 7.512-7.483s7.483 3.345 7.483 7.483v50.57c0 4.139-3.345 7.483-7.483 7.483-165.688 0-331.346 0-497.005 0-4.138 0-7.512-3.345-7.512-7.483v-50.57c0-4.139 3.374-7.483 7.512-7.483 4.139 0 7.483 3.345 7.483 7.483v43.059h86.685v-65.367l-25.398-33.618c-2.494-3.289-1.842-7.994 1.475-10.488 3.288-2.495 7.993-1.843 10.488 1.474l26.078 34.526c2.381 3.146 4.763 6.32 7.143 9.496 1.36 1.785 3.033 3.146 4.876 4.053 2.069 1.049 3.997 1.446 6.265 1.446h62.107c3.799 0 7.257-1.56 9.779-4.054 2.495-2.494 4.025-5.953 4.025-9.779 0-3.799-1.53-7.257-4.025-9.78-2.522-2.494-5.98-4.024-9.779-4.024h-51.647c-2.268 0-4.507-1.049-5.98-3.005l-40.281-53.349c-2.297-3.033-5.727-4.988-9.524-5.414-8.051 6.123-18.085 9.779-28.942 9.779-10.488 0-20.24-3.401-28.148-9.155-4.025 1.049-7.597 3.345-10.262 6.406-3.062 3.571-4.933 8.192-4.933 13.266v50.57c0 4.139-3.345 7.483-7.483 7.483s-7.512-3.345-7.512-7.483v-50.57c0-8.759 3.26-16.837 8.617-23.045 2.892-3.316 6.378-6.123 10.29-8.192-5.584-8.022-8.532-17.49-8.532-27.241v-43.37c0-8.306 3.373-15.846 8.844-21.316 5.472-5.442 12.983-8.844 21.288-8.844h35.631c8.306 0 15.846 3.401 21.316 8.844 5.472 5.471 8.845 13.011 8.845 21.316v43.37c0 9.609-2.863 18.596-7.768 26.107 4.054 2.041 7.483 4.847 10.233 8.476l38.014 50.343h30.018v-30.415c0-8.617 4.564-16.413 11.962-23.018 5.727-5.102 13.267-9.553 21.601-13.067-2.381-5.698-3.684-11.906-3.684-18.426v-30.303-13.068c0-8.306 3.401-15.846 8.845-21.316 5.471-5.442 13.011-8.844 21.316-8.844h58.28c4.14 0 7.513 3.373 7.513 7.512v35.717 30.302c0 6.151-1.19 12.048-3.316 17.49 8.957 3.515 17.064 8.05 23.188 13.322 7.851 6.747 12.699 14.797 12.699 23.698v30.415h30.018l38.014-50.343c2.807-3.686 6.321-6.52 10.262-8.447-4.933-7.54-7.796-16.526-7.796-26.136v-43.37c0-8.306 3.402-15.846 8.845-21.316 5.471-5.442 13.011-8.844 21.316-8.844h35.633c8.305 0 15.846 3.401 21.316 8.844 5.442 5.471 8.844 13.011 8.844 21.316v43.37c-.001 9.75-2.977 19.218-8.533 27.241zm-8.504-15.931c-2.154.34-4.252.566-6.236.651-11.084.567-19.475-2.381-25.796-7.483-6.265-5.017-10.205-11.99-12.558-19.644-.596-1.984-1.105-3.997-1.503-6.066-4.79 1.984-10.856 3.486-17.829 2.892v18.34c0 9.043 3.713 17.292 9.694 23.272 5.98 5.981 14.23 9.694 23.301 9.694 9.042 0 17.292-3.713 23.273-9.694 3.346-3.345 5.981-7.427 7.654-11.962zm-63.922-44.674c10.006 1.417 17.319-4.394 18.623-5.528 1.475-1.247 2.863-2.012 4.876-2.098 4.139-.198 7.625 2.977 7.823 7.115.256 4.876.935 9.809 2.324 14.315 1.531 5.017 3.94 9.439 7.598 12.387 3.6 2.892 8.675 4.536 15.733 4.195 2.721-.142 5.697-.566 8.985-1.304v-39.09c0-4.167-1.729-7.937-4.479-10.687-2.749-2.749-6.52-4.479-10.686-4.479h-35.632c-4.167 0-7.938 1.73-10.687 4.479-2.75 2.75-4.478 6.52-4.478 10.687zm-329.39 0v-10.007c0-4.167-1.7-7.937-4.45-10.687-2.749-2.749-6.548-4.479-10.715-4.479h-35.633c-4.138 0-7.937 1.73-10.687 4.479-2.749 2.75-4.45 6.52-4.45 10.687v39.09c3.26.737 6.236 1.162 8.958 1.304 7.059.341 12.133-1.304 15.732-4.195 3.657-2.947 6.066-7.37 7.626-12.387 1.389-4.507 2.069-9.439 2.296-14.315.198-4.139 3.713-7.313 7.823-7.115 1.928.086 3.401.794 4.819 2.041 1.05.935 8.477 7.029 18.681 5.584zm127.08 64.687c-7.825 3.033-14.741 6.888-19.674 11.311-4.28 3.798-6.917 7.88-6.917 11.877v30.415h2.92c7.938 0 15.166 3.231 20.382 8.447s8.447 12.416 8.447 20.382c0 5.017-1.304 9.723-3.543 13.833h72c-2.239-4.11-3.515-8.816-3.515-13.833 0-7.966 3.231-15.166 8.448-20.382 5.216-5.216 12.415-8.447 20.381-8.447h2.892v-30.415c0-4.139-2.835-8.391-7.427-12.331-5.386-4.62-12.87-8.617-21.204-11.65-.964 1.162-1.984 2.296-3.033 3.345-8.702 8.702-20.693 14.088-33.902 14.088-13.182 0-25.2-5.386-33.874-14.088-.823-.824-1.617-1.673-2.381-2.552zm-155.88-270.398c-4.139 0-7.483-3.373-7.483-7.512s3.345-7.483 7.483-7.483h138.842c4.139 0 7.484 3.345 7.484 7.483 0 4.139-3.346 7.512-7.484 7.512zm0 78.917c-4.139 0-7.483-3.373-7.483-7.512s3.345-7.512 7.483-7.512h69.422c4.139 0 7.512 3.373 7.512 7.512s-3.373 7.512-7.512 7.512zm0-39.458c-4.139 0-7.483-3.374-7.483-7.512 0-4.139 3.345-7.483 7.483-7.483h138.842c4.139 0 7.484 3.345 7.484 7.483s-3.346 7.512-7.484 7.512zm146.524 79.965c1.049 2.92 2.721 5.527 4.848 7.653 3.799 3.827 9.071 6.208 14.938 6.208h44.079c4.139 0 7.483 3.345 7.483 7.512 0 4.139-3.345 7.483-7.483 7.483h-44.079c-10.006 0-19.021-4.081-25.541-10.658-4.875-4.903-8.334-11.196-9.808-18.198h-104.57l-33.959 33.959c-1.36 1.361-3.231 2.211-5.329 2.211-4.139 0-7.512-3.345-7.512-7.483v-29.31c-9.525-1.588-18.058-6.151-24.605-12.728-8.249-8.221-13.351-19.588-13.351-32.117v-84.018c0-12.501 5.103-23.868 13.351-32.116 8.22-8.221 19.587-13.352 32.117-13.352h164.639c12.528 0 23.896 5.131 32.116 13.352 8.249 8.248 13.351 19.615 13.351 32.116v13.89h127.392c9.949 0 18.964 4.054 25.512 10.602s10.602 15.562 10.602 25.512v72.227c0 9.95-4.054 18.964-10.602 25.512-4.848 4.848-11.083 8.334-18.028 9.809v29.48c0 1.899-.709 3.826-2.183 5.301-2.92 2.919-7.682 2.919-10.603 0l-33.987-33.988h-40.961c-4.139 0-7.512-3.345-7.512-7.483 0-4.167 3.373-7.512 7.512-7.512h44.079c2.098 0 3.968.851 5.329 2.239l23.329 23.329v-18.057c0-4.167 3.373-7.512 7.513-7.512 5.782 0 11.083-2.381 14.91-6.208 3.827-3.826 6.208-9.099 6.208-14.91v-72.227c0-5.811-2.381-11.083-6.208-14.91s-9.128-6.208-14.91-6.208h-127.393v55.134c0 12.529-5.102 23.896-13.351 32.117-8.221 8.248-19.588 13.351-32.116 13.351h-5.217zm-123.252-14.995h128.469c8.391 0 15.987-3.43 21.515-8.957 5.527-5.528 8.957-13.153 8.957-21.516v-84.018c0-8.362-3.43-15.987-8.957-21.515s-13.124-8.958-21.515-8.958h-164.639c-8.391 0-15.988 3.43-21.516 8.958-5.527 5.527-8.958 13.152-8.958 21.515v84.019c0 8.362 3.431 15.987 8.958 21.516 5.527 5.527 13.125 8.957 21.516 8.957 4.139 0 7.483 3.373 7.483 7.512v18.057l23.386-23.357c1.475-1.476 3.374-2.213 5.301-2.213zm309.576 277.228h-278.677v43.483h278.678v-43.483z\"><\/path>\n<\/g><\/svg>\n            \n            \n          <\/span>\n                        <div class=\"u-container-style u-expanded-width-md u-expanded-width-sm u-group u-group-1\">\n                          <div class=\"u-container-layout u-valign-top-lg u-valign-top-xl u-container-layout-4\">\n                            <h5 class=\"u-text u-text-1\">Sv\u00e9pomocn\u00e1<\/h5>\n                            <ul class=\"u-text u-text-2\">\n                              <li style=\"\"> Carers can share their experience, support each other and present their triumphs in care. <\/li>\n                              <li style=\"\"> Carers also learn about useful innovations and news.&nbsp; <\/li>\n                              <li style=\"\"> Stejn\u011b jako u tvo\u0159iv\u00fdch a tematick\u00fdch setk\u00e1n\u00ed, ani zde nen\u00ed nutn\u00e9 se hl\u00e1sit a je mo\u017en\u00e9 p\u0159ij\u00edt \u010di odej\u00edt dle pot\u0159eby kdykoliv v dob\u011b kon\u00e1n\u00ed.<br>\n                              <\/li>\n                            <\/ul>\n                          <\/div>\n                        <\/div>\n                      <\/div>\n                    <\/div>\n                    <div class=\"u-container-style u-list-item u-repeater-item\">\n                      <div class=\"u-container-layout u-similar-container u-container-layout-5\"><span class=\"u-hidden-md u-hidden-sm u-hidden-xs u-icon u-icon-circle u-text-custom-color-1 u-icon-2\"><svg class=\"u-svg-link\" preserveaspectratio=\"xMidYMin slice\" viewbox=\"-2 0 511 511.99996\" style=\"\"><use xmlns:xlink=\"http:\/\/www.w3.org\/1999\/xlink\" xlink:href=\"#svg-807e\"><\/use><\/svg><svg xmlns=\"http:\/\/www.w3.org\/2000\/svg\" xmlns:xlink=\"http:\/\/www.w3.org\/1999\/xlink\" version=\"1.1\" xml:space=\"preserve\" class=\"u-svg-content\" viewbox=\"-2 0 511 511.99996\" id=\"svg-807e\"><path d=\"m497.65625 64.214844c-3-1.828125-6.722656-2.019532-9.894531-.503906l-81.324219 38.308593c-28.671875 13.503907-47.914062 41.332031-50.425781 72.925781l-2.097657 25.980469-42.136718 69.988281v-29.882812c0-.097656-.050782-.179688-.050782-.285156-.015624-1.027344-.179687-2.050782-.496093-3.03125l-19.605469-58.816406 40.03125-80.035157c1.757812-3.5625 1.351562-7.816406-1.050781-10.984375l-62.9375-83.917968c-3.8125-4.632813-10.660157-5.296876-15.296875-1.484376-.542969.445313-1.039063.945313-1.484375 1.484376l-62.941407 83.917968c-2.382812 3.179688-2.769531 7.429688-.996093 10.984375l40.03125 80.035157-19.605469 58.816406c-.316406.980468-.480469 2.003906-.496094 3.03125v.285156 41.863281l-65.351562-99.191406c-.082032-.113281-.207032-.179687-.28125-.28125-.632813-.875-1.390625-1.644531-2.253906-2.289063-.199219-.144531-.378907-.3125-.589844-.449218-.207032-.136719-.242188-.210938-.375-.285156l-38.457032-22.238282-15.964843-24.230468-23.078125-35.035157c-2.648438-4.015625-7.691406-5.714843-12.230469-4.121093l-40.816406 14.316406c-5.457031 1.941406-8.3125 7.9375-6.371094 13.394531.28125.800781.660156 1.558594 1.128906 2.265625l28.855469 43.808594 15.914062 24.21875 5.242188 44.121094c.027344.140624.0625.28125.105469.417968.046875.222656.101562.445313.167969.660156.238281 1.109376.65625 2.175782 1.238281 3.148438.074219.105469.074219.242188.148437.347656.074219.101563 155.992188 236.425782 156.746094 237.066406 7.671875 20.152344 26.996094 33.46875 48.558594 33.460938 4.28125-.003906 8.546875-.523438 12.703125-1.550781 13.515625-3.316407 25.144531-11.894531 32.296875-23.835938l139.511718-231.441406 22.027344-13.941406c11.574219-7.359375 21.285156-17.292969 28.386719-29.027344 9.011719-14.925781 13.394531-32.195313 12.585937-49.613281l-4.089843-89.8125c-.125-3.507813-1.992188-6.722656-4.980469-8.5625zm-75.976562 186.925781-16.230469 26.949219-53.90625-32.515625 16.25-26.949219zm-193.820313 158.953125v-158.574219h62.9375v54.191407zm18.054687-221.511719h26.832032l13.980468 41.957031h-54.796874zm13.414063-73.429687c-5.792969 0-10.488281-4.695313-10.488281-10.488282 0-5.792968 4.695312-10.488281 10.488281-10.488281s10.492187 4.695313 10.492187 10.488281c0 5.792969-4.699218 10.488282-10.492187 10.488282zm0-87.410156 50.65625 67.535156-36.160156 72.324218h-4.007813v-33.398437c16.386719-5.792969 24.976563-23.773437 19.179688-40.160156-5.792969-16.386719-23.769532-24.972657-40.15625-19.179688-16.386719 5.792969-24.972656 23.773438-19.179688 40.160157 3.167969 8.960937 10.21875 16.011718 19.179688 19.179687v33.398437h-4.007813l-36.160156-72.324218zm-146.507813 162.316406-3.085937 2.035156-38.632813 25.449219-3.554687-29.726563c-.195313-1.617187-.761719-3.164062-1.660156-4.523437l-11.535157-17.515625 17.515626-11.539063 11.539062 17.515625c.898438 1.359375 2.097656 2.488282 3.503906 3.304688zm-65.300781-72.808594 12.796875 19.4375-17.515625 11.539062-15.734375-23.808593zm55.984375 104.050781 26.226563-17.320312 77.148437 117.035156v114.410156l-129.652344-196.796875zm182.773438 254.414063c-8.894532 14.933594-28.207032 19.832031-43.140625 10.9375-14.933594-8.890625-19.828125-28.207032-10.9375-43.140625.066406-.105469.128906-.207031.191406-.3125l79.207031-131.363281h.179688v-.28125l28.929687-47.992188 26.949219 16.28125 26.988281 16.214844zm189.945312-274.386719c-5.410156 8.9375-12.816406 16.507813-21.636718 22.109375l-18.632813 11.800781-30.417969-18.3125-30.421875-18.316406 1.730469-22.027344c1.921875-24.085937 16.589844-45.296875 38.445312-55.597656l67.132813-31.605469 1.335937 29.234375c-1.050781-.113281-2.113281-.070312-3.148437.136719l-25.40625 6.296875c-23.644531 5.773437-41.949219 24.484375-47.203125 48.25-1.265625 5.652344 2.289062 11.257813 7.941406 12.523437.753906.175782 1.523438.265626 2.296875.265626 4.90625-.007813 9.15625-3.414063 10.226563-8.203126 3.546875-15.980468 15.855468-28.5625 31.753906-32.457031l24.503906-6.074219 1.101563 24.128907c.613281 13.285156-2.726563 26.457031-9.601563 37.847656zm0 0\"><\/path><\/svg>\n            \n            \n          <\/span>\n                        <div class=\"u-container-style u-expanded-width-md u-expanded-width-sm u-group u-video-cover u-group-2\">\n                          <div class=\"u-container-layout u-valign-top-lg u-valign-top-xl u-container-layout-6\">\n                            <h5 class=\"u-text u-text-3\">Thematic and creative<\/h5>\n                            <ul class=\"u-text u-text-4\">\n                              <li style=\"\"> As with selfhelp, these meetings are also held twice a month, once in the morning and once in the evening and it is possible to attend both.&nbsp; <\/li>\n                              <li style=\"\"> Creative meetings present an opportunity to try a specific technique while sharing care. <\/li>\n                              <li style=\"\"> Thematic present an interesting topic from a fellow carer or an invited expert.&nbsp;&nbsp;<br>\n                              <\/li>\n                            <\/ul>\n                          <\/div>\n                        <\/div>\n                      <\/div>\n                    <\/div>\n                  <\/div>\n                <\/div>\n              <\/div>\n            <\/div>\n          <\/div>\n        <\/div>\n      <\/div>\n    <\/section>\n    <section class=\"u-align-center u-clearfix u-section-3\" id=\"sec-c5c2\">\n      <div class=\"u-clearfix u-sheet u-valign-middle u-sheet-1\">\n        <div class=\"u-border-2 u-border-grey-75 u-line u-line-horizontal u-line-1\"><\/div>\n        <h3 class=\"u-align-center u-text u-text-1\">There is no \"minimal engagement.\" It is up to everyone to decide how much they wish to interact (you can only listen if you want to).<br>You don't have to come at the beginning or stay the whole time either. Simply come when and how often you want to and your care makes it possible. \n        <\/h3>\n        <div class=\"u-border-2 u-border-grey-75 u-line u-line-horizontal u-line-2\"><\/div>\n      <\/div>\n    <\/section>","protected":false},"excerpt":{"rendered":"<p>Sv\u00e9pomocn\u00e1 Zde mohou&nbsp;pe\u010duj\u00edc\u00ed vz\u00e1jemn\u011b sd\u00edlet poznatky z&nbsp;p\u00e9\u010de, podpo\u0159it se a pod\u011blit se o \u00fasp\u011bchy v p\u00e9\u010di. Pe\u010duj\u00edc\u00ed se tak\u00e9 dozv\u011bd\u00ed novinky, kter\u00e9 lze v&nbsp;p\u00e9\u010di vyu\u017e\u00edt.&nbsp; Stejn\u011b jako u tvo\u0159iv\u00fdch a tematick\u00fdch setk\u00e1n\u00ed, ani zde nen\u00ed nutn\u00e9 se hl\u00e1sit a je mo\u017en\u00e9 p\u0159ij\u00edt \u010di odej\u00edt dle pot\u0159eby kdykoliv v dob\u011b kon\u00e1n\u00ed. Tematick\u00e1 a tvo\u0159iv\u00e1 Tak\u00e9 se &hellip; <a href=\"https:\/\/uniepecujicich.cz\/en\/setkani-pecujicich\/\" class=\"more-link\">Continue reading<span class=\"screen-reader-text\"> &#8222;Setk\u00e1n\u00ed pe\u010duj\u00edc\u00edch&#8220;<\/span><\/a><\/p>","protected":false},"author":1,"featured_media":0,"parent":0,"menu_order":7,"comment_status":"closed","ping_status":"closed","template":"","meta":{"footnotes":""},"class_list":["post-65","page","type-page","status-publish","hentry"],"_links":{"self":[{"href":"https:\/\/uniepecujicich.cz\/en\/wp-json\/wp\/v2\/pages\/65","targetHints":{"allow":["GET"]}}],"collection":[{"href":"https:\/\/uniepecujicich.cz\/en\/wp-json\/wp\/v2\/pages"}],"about":[{"href":"https:\/\/uniepecujicich.cz\/en\/wp-json\/wp\/v2\/types\/page"}],"author":[{"embeddable":true,"href":"https:\/\/uniepecujicich.cz\/en\/wp-json\/wp\/v2\/users\/1"}],"replies":[{"embeddable":true,"href":"https:\/\/uniepecujicich.cz\/en\/wp-json\/wp\/v2\/comments?post=65"}],"version-history":[{"count":3,"href":"https:\/\/uniepecujicich.cz\/en\/wp-json\/wp\/v2\/pages\/65\/revisions"}],"predecessor-version":[{"id":7799,"href":"https:\/\/uniepecujicich.cz\/en\/wp-json\/wp\/v2\/pages\/65\/revisions\/7799"}],"wp:attachment":[{"href":"https:\/\/uniepecujicich.cz\/en\/wp-json\/wp\/v2\/media?parent=65"}],"curies":[{"name":"wp","href":"https:\/\/api.w.org\/{rel}","templated":true}]}}