{"id":67,"date":"2021-06-22T13:25:37","date_gmt":"2021-06-22T11:25:37","guid":{"rendered":"https:\/\/upec.cz\/nova-temata\/"},"modified":"2024-07-26T10:56:38","modified_gmt":"2024-07-26T08:56:38","slug":"nova-temata","status":"publish","type":"page","link":"https:\/\/uniepecujicich.cz\/en\/nova-temata\/","title":{"rendered":"New topics"},"content":{"rendered":"<section class=\"u-clearfix u-valign-middle-sm u-valign-middle-xs u-white u-section-2\" id=\"sec-ab16\">\n      <div class=\"u-clearfix u-expanded-width u-layout-wrap u-layout-wrap-1\">\n        <div class=\"u-layout\">\n          <div class=\"u-layout-row\">\n            <div class=\"u-align-left u-container-style u-image u-layout-cell u-left-cell u-size-30 lazyload u-image-1\" data-image-width=\"1920\" data-image-height=\"1080\" data-bg=\"url(&quot;https:\/\/uniepecujicich.cz\/wp-content\/uploads\/2021\/06\/Kniha-stpht.jpg&quot;)\">\n              <div class=\"u-container-layout u-container-layout-1\"><\/div>\n            <\/div>\n            <div class=\"u-container-style u-layout-cell u-right-cell u-size-30 u-layout-cell-2\">\n              <div class=\"u-container-layout u-valign-bottom u-container-layout-2\"><\/div>\n            <\/div>\n          <\/div>\n        <\/div>\n      <\/div>\n      <div class=\"u-expanded-width-lg u-list u-list-1\">\n        <div class=\"u-repeater u-repeater-1\">\n          <div class=\"u-container-style u-list-item u-repeater-item\">\n            <div class=\"u-container-layout u-similar-container u-container-layout-3\"><span class=\"u-hidden-md u-hidden-sm u-hidden-xs u-icon u-icon-circle u-icon-1\"><svg class=\"u-svg-link\" preserveaspectratio=\"xMidYMin slice\" viewbox=\"0 0 512 512\" style=\"\"><use xmlns:xlink=\"http:\/\/www.w3.org\/1999\/xlink\" xlink:href=\"#svg-e060\"><\/use><\/svg><svg class=\"u-svg-content\" viewbox=\"0 0 512 512\" id=\"svg-e060\"><g><path d=\"m248.5 497h15v15h-15z\"><\/path><path d=\"m390.39 339.308c7.356-17.513 5.604-34.304-5.212-47.046-11.801-13.9-32.157-20.587-55.599-19.425 18.687-17.607 31.307-40.288 33.771-61.594h7.949c12.406 0 22.499-10.094 22.499-22.5v-30.007c0-2.629-.457-5.152-1.29-7.499h31.291v-22.5c0-12.407-10.094-22.501-22.5-22.501h-37.519c-.839-58.722-48.861-106.236-107.779-106.236-25.714 0-50.658 9.298-70.237 26.181l9.795 11.359c16.858-14.535 38.323-22.54 60.442-22.54 50.648 0 91.941 40.785 92.779 91.236h-185.544c.368-21.565 8.313-42.419 22.505-58.878l-11.359-9.795c-16.883 19.577-26.181 44.521-26.181 70.236v28.437h-7.5c-12.407 0-22.5 10.094-22.5 22.5v30.007c0 12.406 10.093 22.5 22.5 22.5h7.95c2.464 21.306 15.085 43.986 33.771 61.593-23.442-1.163-43.797 5.525-55.599 19.425-10.817 12.742-12.569 29.532-5.213 47.046-41.408 13.25-54.35 33.563-54.35 81.681v91.012h166.24v-15h-76.242v-45.506h-15v45.506h-59.998v-76.012c0-23.258 3.064-37.34 10.247-47.084 7.028-9.534 18.908-16.183 39.428-22.038l54.809 21.256.712 39.963 14.997-.268-.603-33.837 54.15 21 54.54-21.152.611 34.256 14.998-.268-.709-39.767 54.625-21.185c20.52 5.855 32.4 12.503 39.428 22.038 7.183 9.745 10.247 23.826 10.247 47.084v76.014h-59.999v-45.506h-15v45.506h-76.241v15h166.24v-91.012c0-48.118-12.943-68.43-54.35-81.68zm-101.481-21.904-32.909 20.677-32.91-20.677 1.837-18.606c9.9 3.356 20.343 5.244 31.072 5.244s21.172-1.888 31.072-5.244zm-17.909-196.167v15h-30v-15zm77.8 14.999h-62.8v-15h62.8zm-122.8-14.999v15h-62.799v-15zm152.798 37.499v30.007c0 4.136-3.364 7.5-7.499 7.5h-7.499v-45.006h7.518c4.126.011 7.48 3.37 7.48 7.499zm30.001-29.999v7.5h-37.462c-.013 0-.026-.001-.038-.001v.001h-7.499v-15.001h37.499c4.136 0 7.5 3.366 7.5 7.501zm-275.599 60.006v-30.007c0-4.136 3.365-7.5 7.5-7.5h7.5v45.007h-7.5c-4.135 0-7.5-3.364-7.5-7.5zm57.275 71.002c-16.823-16.874-27.274-38.332-27.274-56.002v-52.506h185.599v52.506c0 17.67-10.451 39.129-27.274 56.002-9.195 9.223-19.449 16.417-30.26 21.371-.122.046-.243.087-.364.133l.011.03c-11.229 5.089-23.051 7.763-34.913 7.763-11.861 0-23.684-2.674-34.912-7.763l.012-.03c-.123-.047-.246-.088-.369-.135-10.809-4.954-21.062-12.147-30.256-21.369zm65.525 124.149-118.458-45.94c-7.397-13.988-7.169-26.697.715-35.983 12.908-15.203 42.03-18.504 72.134-8.6l-3.14 31.798 48.749 30.627 48.749-30.628-3.14-31.798c30.103-9.904 59.224-6.604 72.134 8.6 7.884 9.286 8.111 21.995.714 35.983z\"><\/path><path d=\"m266.216 37.5h15v15h-15z\"><\/path><path d=\"m296.216 52.5h15v15h-15z\"><\/path>\n<\/g><\/svg>\n            \n            \n          <\/span>\n              <div class=\"u-container-style u-expanded-width-sm u-expanded-width-xs u-group u-group-1\">\n                <div class=\"u-container-layout u-valign-top-lg u-valign-top-xl u-container-layout-4\">\n                  <h5 class=\"u-text u-text-1\">Young carers<\/h5>\n                  <ul class=\"u-text u-text-2\">\n                    <li style=\"\"> Children, adolescents and young adults <\/li>\n                    <li style=\"\"> From minor help to significant role in care <\/li>\n                    <li style=\"\"> Czech social policy ignores this group <\/li>\n                  <\/ul>\n                <\/div>\n              <\/div>\n            <\/div>\n          <\/div>\n          <div class=\"u-container-style u-list-item u-repeater-item\">\n            <div class=\"u-container-layout u-similar-container u-container-layout-5\"><span class=\"u-hidden-md u-hidden-sm u-hidden-xs u-icon u-icon-circle u-icon-2\"><svg class=\"u-svg-link\" preserveaspectratio=\"xMidYMin slice\" viewbox=\"0 0 512 512\" style=\"\"><use xmlns:xlink=\"http:\/\/www.w3.org\/1999\/xlink\" xlink:href=\"#svg-8c51\"><\/use><\/svg><svg class=\"u-svg-content\" viewbox=\"0 0 512 512\" id=\"svg-8c51\"><g><path d=\"m411.795 381.564-60.227-22.585c-.248-1.495-.942-2.927-2.088-4.073l-19.539-19.539c-2.85-2.851-6.549-4.39-10.329-4.545v-23.126c27.117-18.853 45.525-49.397 47.848-84.276h.765c8.614 0 16.956-3.584 22.887-9.834 6.015-6.338 9.076-14.649 8.618-23.4-.569-10.867-6.853-20.202-15.988-25.419v-29.524h32.581c4.142 0 7.5-3.358 7.5-7.5 0-4.143-3.358-7.5-7.5-7.5h-26.987l-32.102-80.254c-9.716-24.293-32.9-39.989-59.063-39.989h-84.342c-26.163 0-49.347 15.696-59.063 39.988l-32.102 80.254h-26.987c-4.142 0-7.5 3.357-7.5 7.5 0 4.142 3.358 7.5 7.5 7.5h32.581v29.524c-9.136 5.218-15.419 14.552-15.988 25.419-.458 8.751 2.603 17.062 8.618 23.4 5.931 6.25 14.273 9.834 22.887 9.834h.765c2.322 34.879 20.73 65.423 47.848 84.276v23.126c-3.78.154-7.479 1.694-10.329 4.545l-19.539 19.539c-1.146 1.146-1.84 2.579-2.088 4.073l-60.227 22.585c-21.578 8.092-36.076 29.012-36.076 52.057v70.88c0 4.142 3.358 7.5 7.5 7.5s7.5-3.358 7.5-7.5v-70.879c0-4.509.767-8.905 2.183-13.041l45.419 45.419c6.154 6.154 9.543 14.336 9.543 23.038v15.463c0 4.142 3.358 7.5 7.5 7.5s7.5-3.358 7.5-7.5v-15.463c0-12.709-4.949-24.657-13.937-33.645l-48.293-48.292c4.353-5.05 9.952-9.062 16.427-11.49l62.672-23.502 36.448 42.524c2.804 3.271 6.881 5.241 11.186 5.406.197.008.393.011.589.011 4.098 0 8.07-1.637 10.977-4.544l21.156-21.156v110.151c0 4.142 3.358 7.5 7.5 7.5s7.5-3.358 7.5-7.5v-110.151l21.156 21.156c2.907 2.907 6.879 4.545 10.977 4.544.196 0 .393-.003.589-.011 4.305-.165 8.382-2.136 11.186-5.407l5.347-6.238c2.696-3.146 2.332-7.88-.813-10.576-3.146-2.696-7.88-2.332-10.575.814l-5.347 6.238c-.04.047-.147.171-.373.18-.221.006-.341-.107-.385-.15l-27.293-27.293 50.726-31.704c.207-.128.469-.098.639.072l14.628 14.628-11.515 13.434c-2.696 3.145-2.332 7.879.813 10.575 3.145 2.695 7.879 2.331 10.575-.813l10.02-11.69 62.672 23.502c6.475 2.428 12.074 6.44 16.427 11.49l-48.293 48.293c-8.987 8.987-13.937 20.936-13.937 33.645v15.462c0 4.142 3.358 7.5 7.5 7.5s7.5-3.358 7.5-7.5v-15.463c0-8.702 3.389-16.884 9.543-23.038l45.419-45.419c1.416 4.136 2.183 8.532 2.183 13.041v70.879c0 4.142 3.358 7.5 7.5 7.5s7.5-3.358 7.5-7.5v-70.879c.003-23.045-14.494-43.965-36.073-52.057zm-43.053-221.187c-.622-.033-1.246-.055-1.876-.055h-6.656c-4.705 0-8.532-3.827-8.532-8.532v-16.548h17.064zm-200.049-114.818c7.426-18.564 25.142-30.559 45.136-30.559h84.342c19.994 0 37.71 11.995 45.136 30.559l17.048 42.619h-32.208c-4.142 0-7.5 3.357-7.5 7.5 0 4.142 3.358 7.5 7.5 7.5h38.208l6.826 17.064h-234.362l6.826-17.064h150.439c4.142 0 7.5-3.358 7.5-7.5 0-4.143-3.358-7.5-7.5-7.5h-144.439zm-25.435 89.683h17.064v16.548c0 4.705-3.828 8.532-8.532 8.532h-6.656c-.63 0-1.255.022-1.876.055zm-11.49 68.018c-3.155-3.324-4.759-7.688-4.519-12.29.452-8.628 8.475-15.648 17.885-15.648h6.656c12.976 0 23.532-10.556 23.532-23.532v-16.548h161.354v16.548c0 12.976 10.557 23.532 23.532 23.532h6.656c9.41 0 17.433 7.02 17.885 15.647.241 4.602-1.364 8.966-4.519 12.29-3.158 3.327-7.421 5.16-12.006 5.16h-.516v-8.532c0-4.142-3.358-7.5-7.5-7.5h-8.016c-19.253 0-35.337 13.822-38.852 32.064h-12.311c-5.58-4.981-12.932-8.016-20.983-8.016h-48.097c-8.051 0-15.403 3.035-20.983 8.016h-12.311c-3.514-18.243-19.599-32.064-38.852-32.064h-8.016c-4.142 0-7.5 3.358-7.5 7.5v8.532h-.516c-4.582 0-8.845-1.832-12.003-5.159zm163.029 37.224h-14.749c-6.427 0-12.01-3.682-14.749-9.048h14.749c6.427 0 12.01 3.682 14.749 9.048zm-62.845-9.048h14.749c-2.739 5.366-8.322 9.048-14.749 9.048h-14.749c2.739-5.366 8.322-9.048 14.749-9.048zm-72.661-15.517v-8.532h.516c13.545 0 24.564 11.02 24.564 24.564 0 4.142 3.358 7.5 7.5 7.5h9.714c-.764 2.716-1.182 5.575-1.182 8.532 0 4.142 3.358 7.5 7.5 7.5h24.048c9.628 0 18.257-4.34 24.048-11.161 5.792 6.821 14.42 11.161 24.048 11.161h24.048c4.142 0 7.5-3.358 7.5-7.5 0-2.957-.418-5.816-1.182-8.532h9.714c4.142 0 7.5-3.358 7.5-7.5 0-13.545 11.02-24.564 24.564-24.564h.516v8.532c0 53.326-43.384 96.709-96.709 96.709s-96.707-43.383-96.707-96.709zm57.446 188.979c-.043.043-.156.16-.385.15-.226-.008-.333-.133-.373-.18l-37.943-44.267 14.628-14.628c.171-.17.433-.201.639-.073l50.726 31.705zm39.263-37.501-48.613-30.383v-20.53c14.705 7.137 31.199 11.145 48.613 11.145s33.908-4.008 48.613-11.145v20.53z\"><\/path><path d=\"m279.532 272.032c0-4.142-3.358-7.5-7.5-7.5h-32.064c-4.142 0-7.5 3.358-7.5 7.5s3.358 7.5 7.5 7.5h32.064c4.142 0 7.5-3.358 7.5-7.5z\"><\/path><path d=\"m199.881 183.34c.602 0 1.214-.073 1.825-.226l6.713-1.678v2.418c0 4.143 3.358 7.5 7.5 7.5s7.5-3.357 7.5-7.5v-6.168l10.351-2.588c4.019-1.005 6.462-5.077 5.457-9.095-1.004-4.019-5.079-6.461-9.095-5.457l-32.064 8.016c-4.019 1.005-6.462 5.077-5.457 9.095.852 3.408 3.91 5.683 7.27 5.683z\"><\/path><path d=\"m278.229 175.099 10.351 2.588v6.168c0 4.143 3.358 7.5 7.5 7.5s7.5-3.357 7.5-7.5v-2.418l6.713 1.678c.61.153 1.222.226 1.825.226 3.36 0 6.418-2.275 7.27-5.683 1.005-4.019-1.438-8.09-5.457-9.095l-32.064-8.016c-4.014-1.003-8.09 1.438-9.095 5.457-1.004 4.018 1.439 8.09 5.457 9.095z\"><\/path>\n<\/g><\/svg>\n            \n            \n          <\/span>\n              <div class=\"u-container-style u-expanded-width-sm u-expanded-width-xs u-group u-video-cover u-group-2\">\n                <div class=\"u-container-layout u-valign-top-lg u-valign-top-xl u-container-layout-6\">\n                  <h5 class=\"u-text u-text-3\">Senior carers<\/h5>\n                  <ul class=\"u-text u-text-4\">\n                    <li> Population aging means the increase of seniors both requiring and providing care <\/li>\n                    <li> Care can elevate risks connected to age (e.g. social isolation or health) <\/li>\n                    <li> Care significantly limits the carer's ability to utilize activities and programs from the active ageing policy <\/li>\n                    <li> The issue of senior carers has not been systematically addressed so far <\/li>\n                  <\/ul>\n                <\/div>\n              <\/div>\n            <\/div>\n          <\/div>\n        <\/div>\n      <\/div>\n    <\/section>","protected":false},"excerpt":{"rendered":"<p>Mlad\u00ed pe\u010duj\u00edc\u00ed D\u011bti, mladistv\u00ed a mlad\u00ed dosp\u011bl\u00ed Od v\u00fdpomoci a\u017e po z\u00e1sadn\u00ed pod\u00edl na p\u00e9\u010di V r\u00e1mci \u010desk\u00e9 soci\u00e1ln\u00ed politiky je tato skupina ignorov\u00e1na Pe\u010duj\u00edc\u00ed senio\u0159i Demografick\u00e9 st\u00e1rnut\u00ed znamen\u00e1 i n\u00e1r\u016fst senior\u016f jak p\u00e9\u010di vy\u017eaduj\u00edc\u00edch, tak i t\u011bch p\u00e9\u010di poskytuj\u00edc\u00edch P\u00e9\u010de m\u016f\u017ee zhor\u0161ovat rizika spojen\u00e1 s v\u011bkem (nap\u0159. soci\u00e1ln\u00ed izolace, zdrav\u00ed) P\u00e9\u010de zna\u010dn\u011b omezuje mo\u017enosti &hellip; <a href=\"https:\/\/uniepecujicich.cz\/en\/nova-temata\/\" class=\"more-link\">Continue reading<span class=\"screen-reader-text\"> &#8222;Nov\u00e1 t\u00e9mata&#8220;<\/span><\/a><\/p>","protected":false},"author":1,"featured_media":0,"parent":0,"menu_order":9,"comment_status":"closed","ping_status":"closed","template":"","meta":{"footnotes":""},"class_list":["post-67","page","type-page","status-publish","hentry"],"_links":{"self":[{"href":"https:\/\/uniepecujicich.cz\/en\/wp-json\/wp\/v2\/pages\/67","targetHints":{"allow":["GET"]}}],"collection":[{"href":"https:\/\/uniepecujicich.cz\/en\/wp-json\/wp\/v2\/pages"}],"about":[{"href":"https:\/\/uniepecujicich.cz\/en\/wp-json\/wp\/v2\/types\/page"}],"author":[{"embeddable":true,"href":"https:\/\/uniepecujicich.cz\/en\/wp-json\/wp\/v2\/users\/1"}],"replies":[{"embeddable":true,"href":"https:\/\/uniepecujicich.cz\/en\/wp-json\/wp\/v2\/comments?post=67"}],"version-history":[{"count":1,"href":"https:\/\/uniepecujicich.cz\/en\/wp-json\/wp\/v2\/pages\/67\/revisions"}],"predecessor-version":[{"id":125,"href":"https:\/\/uniepecujicich.cz\/en\/wp-json\/wp\/v2\/pages\/67\/revisions\/125"}],"wp:attachment":[{"href":"https:\/\/uniepecujicich.cz\/en\/wp-json\/wp\/v2\/media?parent=67"}],"curies":[{"name":"wp","href":"https:\/\/api.w.org\/{rel}","templated":true}]}}