{"id":68,"date":"2021-06-22T13:25:38","date_gmt":"2021-06-22T11:25:38","guid":{"rendered":"https:\/\/upec.cz\/obhajoba-prav\/"},"modified":"2024-07-26T10:57:11","modified_gmt":"2024-07-26T08:57:11","slug":"obhajoba-prav","status":"publish","type":"page","link":"https:\/\/uniepecujicich.cz\/en\/obhajoba-prav\/","title":{"rendered":"Advocacy"},"content":{"rendered":"<section class=\"u-clearfix u-valign-middle-md u-valign-middle-sm u-valign-middle-xs u-white u-section-2\" id=\"carousel_0203\">\n      <div class=\"u-clearfix u-expanded-width u-layout-wrap u-layout-wrap-1\">\n        <div class=\"u-layout\">\n          <div class=\"u-layout-row\">\n            <div class=\"u-align-left u-container-style u-image u-layout-cell u-left-cell u-size-30 lazyload u-image-1\" data-bg=\"url(&quot;https:\/\/uniepecujicich.cz\/wp-content\/uploads\/2021\/06\/prava_kniha.png&quot;)\">\n              <div class=\"u-container-layout u-container-layout-1\"><\/div>\n            <\/div>\n            <div class=\"u-container-style u-layout-cell u-right-cell u-size-30 u-layout-cell-2\">\n              <div class=\"u-container-layout u-container-layout-2\">\n                <div class=\"u-expanded-width-lg u-list u-list-1\">\n                  <div class=\"u-repeater u-repeater-1\">\n                    <div class=\"u-container-style u-list-item u-repeater-item\">\n                      <div class=\"u-container-layout u-similar-container u-valign-top-sm u-container-layout-3\"><span class=\"u-hidden-md u-hidden-sm u-hidden-xs u-icon u-icon-circle u-text-custom-color-1 u-icon-1\"><svg class=\"u-svg-link\" preserveaspectratio=\"xMidYMin slice\" viewbox=\"0 0 511.999 511.999\" style=\"\"><use xmlns:xlink=\"http:\/\/www.w3.org\/1999\/xlink\" xlink:href=\"#svg-5f81\"><\/use><\/svg><svg xmlns=\"http:\/\/www.w3.org\/2000\/svg\" xmlns:xlink=\"http:\/\/www.w3.org\/1999\/xlink\" version=\"1.1\" xml:space=\"preserve\" class=\"u-svg-content\" viewbox=\"0 0 511.999 511.999\" x=\"0px\" y=\"0px\" id=\"svg-5f81\" style=\"enable-background:new 0 0 511.999 511.999;\"><g><g><path d=\"M117.776,174.345c-3.9-3.9-10.24-3.9-14.139,0c-3.91,3.91-3.91,10.24,0,14.14c3.9,3.91,10.24,3.91,14.139,0    C121.685,184.585,121.685,178.255,117.776,174.345z\"><\/path>\n<\/g>\n<\/g><g><g><path d=\"M253.199,447.718c4.409-5.972,6.792-13.167,6.792-20.732c0-19.298-15.7-34.999-34.999-34.999H54.998    c-9.353,0-18.142,3.64-24.749,10.249c-6.61,6.608-10.25,15.397-10.25,24.75c0,7.749,2.536,14.915,6.815,20.72    C10.891,456.078,0,472.778,0,491.983v10c0,5.523,4.478,10,10,10h259.99c5.522,0,10-4.477,10-10v-10    C279.99,472.787,269.11,456.094,253.199,447.718z M44.39,416.376c2.831-2.832,6.599-4.391,10.608-4.391h169.994    c8.271,0,14.999,6.729,14.999,14.999c0,4.01-1.56,7.777-4.392,10.609c-2.831,2.832-6.599,4.391-10.608,4.391H54.998    c-8.271,0-14.999-6.729-14.999-14.999C39.999,422.976,41.558,419.208,44.39,416.376z M19.999,491.983    c0-16.541,13.458-29.999,29.999-29.999h5h169.994h5c16.541,0,29.999,13.458,29.999,29.999H19.999z\"><\/path>\n<\/g>\n<\/g><g><g><path d=\"M502.693,420.124c-3.396-5.263-7.448-9.917-12.045-13.833l-46.725-40.753c-0.364-0.548-0.786-1.068-1.269-1.551    c-0.812-0.811-1.732-1.444-2.71-1.918l-28.257-24.645l-130.79-114.091c5.354-5.597,8.302-12.916,8.302-20.699    c0-8.018-3.121-15.553-8.794-21.225c-2.474-2.471-5.286-4.414-8.291-5.837l12.1-12.1c3.382,0.899,6.857,1.359,10.335,1.359    c10.241-0.001,20.483-3.899,28.279-11.695c7.558-7.557,11.72-17.602,11.72-28.285s-4.162-20.728-11.719-28.285L237.981,11.72    c-7.557-7.557-17.603-11.719-28.289-11.719c-10.681,0-20.724,4.162-28.28,11.719c-10.444,10.444-13.882,25.273-10.336,38.615    L50.351,171.059c-3.336-0.887-6.807-1.355-10.353-1.355c-10.688,0-20.729,4.159-28.28,11.709    c-15.596,15.596-15.596,40.973,0,56.57l84.847,84.848c7.799,7.798,18.042,11.697,28.285,11.697    c10.244,0,20.487-3.899,28.286-11.697c10.444-10.445,13.882-25.273,10.336-38.615l12.075-12.076    c1.451,3.03,3.42,5.826,5.866,8.271c5.666,5.666,13.199,8.787,21.215,8.787c7.775,0,15.091-2.943,20.696-8.291L362.63,440.961    c0.384,0.6,0.832,1.171,1.356,1.695c0.179,0.179,0.369,0.342,0.558,0.504l41.511,47.694c1.032,1.218,2.135,2.416,3.28,3.561    c11.401,11.397,26.46,17.582,42.27,17.582c2.787,0,5.6-0.192,8.417-0.582c18.829-2.606,35.102-13.87,44.644-30.908    C515.119,461.834,514.341,438.127,502.693,420.124z M195.555,25.862c3.779-3.779,8.801-5.861,14.138-5.861    c5.344,0,10.369,2.082,14.147,5.861l84.848,84.847c3.779,3.779,5.86,8.802,5.86,14.143c0,5.341-2.081,10.364-5.861,14.143    c-7.795,7.797-20.481,7.797-28.276,0L195.56,54.144c-0.002-0.002-0.003-0.003-0.005-0.005    C187.758,46.343,187.758,33.658,195.555,25.862z M138.994,308.689c-7.798,7.798-20.489,7.799-28.287,0L25.86,223.842    c-7.799-7.799-7.799-20.487,0-28.287c3.772-3.773,8.794-5.851,14.138-5.851c5.343,0,10.362,2.077,14.133,5.847l84.862,84.862    C146.791,288.208,146.791,300.894,138.994,308.689z M181.096,238.309l-27.961,27.962l-84.856-84.856L181.412,68.28l84.855,84.856    l-28.012,28.013c-0.091,0.086-0.18,0.17-0.276,0.265l-56.538,56.539C181.324,238.068,181.211,238.188,181.096,238.309z     M216.802,259.17c-0.02,0.02-0.039,0.039-0.059,0.059l-7.042,7.042c-1.889,1.888-4.4,2.928-7.074,2.928    c-2.673,0-5.185-1.04-7.073-2.929c-1.891-1.89-2.932-4.404-2.932-7.079c0-2.618,0.999-5.081,2.812-6.939l56.801-56.801    c3.893-3.786,10.187-3.739,14.034,0.104c1.89,1.89,2.931,4.404,2.931,7.079c0,2.673-1.038,5.18-2.932,7.069l-7.001,7.001    c-0.048,0.047-0.096,0.095-0.143,0.143L216.802,259.17z M237.51,266.745l29.226-29.226l123.742,107.935l-45.154,45.155    L237.51,266.745z M358.485,405.731l47.099-47.1l15.107,13.177l-49.045,49.046L358.485,405.731z M487.217,470.737    c-6.454,11.523-17.365,19.128-29.936,20.868c-12.542,1.736-24.865-2.395-33.807-11.333c-0.769-0.768-1.505-1.569-2.191-2.381    c-0.032-0.038-0.064-0.076-0.097-0.113l-36.38-41.802l50.991-50.992l41.75,36.417c0.031,0.028,0.063,0.055,0.096,0.083    c3.125,2.657,5.898,5.848,8.251,9.494C493.456,442.663,493.986,458.643,487.217,470.737z\"><\/path>\n<\/g>\n<\/g><g><g><path d=\"M188.484,103.636c-3.906-3.905-10.236-3.905-14.142,0l-42.428,42.428c-3.905,3.905-3.905,10.237,0,14.141    c1.953,1.953,4.512,2.929,7.071,2.929c2.559,0,5.118-0.977,7.071-2.929l42.428-42.428    C192.389,113.873,192.389,107.542,188.484,103.636z\"><\/path>\n<\/g>\n<\/g><\/svg>\n            \n            \n          <\/span>\n                        <div class=\"u-container-style u-expanded-width-md u-expanded-width-xs u-group u-group-1\">\n                          <div class=\"u-container-layout u-container-layout-4\">\n                            <h5 class=\"u-text u-text-1\">Freedom to decide&nbsp;<\/h5>\n                            <ul class=\"u-text u-text-2\">\n                              <li style=\"\"> Sufficient information <\/li>\n                              <li style=\"\"> Freedom to refuse without condemnation or pressure <\/li>\n                              <li style=\"\"> The existence of alternative solutions <\/li>\n                              <li style=\"\"> The possibility to change mind <\/li>\n                            <\/ul>\n                          <\/div>\n                        <\/div>\n                      <\/div>\n                    <\/div>\n                    <div class=\"u-container-style u-list-item u-repeater-item\">\n                      <div class=\"u-container-layout u-similar-container u-valign-top-sm u-container-layout-5\"><span class=\"u-hidden-md u-hidden-sm u-hidden-xs u-icon u-icon-circle u-text-custom-color-1 u-icon-2\"><svg class=\"u-svg-link\" preserveaspectratio=\"xMidYMin slice\" viewbox=\"0 0 511.999 511.999\" style=\"\"><use xmlns:xlink=\"http:\/\/www.w3.org\/1999\/xlink\" xlink:href=\"#svg-fee9\"><\/use><\/svg><svg xmlns=\"http:\/\/www.w3.org\/2000\/svg\" xmlns:xlink=\"http:\/\/www.w3.org\/1999\/xlink\" version=\"1.1\" xml:space=\"preserve\" class=\"u-svg-content\" viewbox=\"0 0 511.999 511.999\" x=\"0px\" y=\"0px\" id=\"svg-fee9\" style=\"enable-background:new 0 0 511.999 511.999;\"><g><g><path d=\"M117.776,174.345c-3.9-3.9-10.24-3.9-14.139,0c-3.91,3.91-3.91,10.24,0,14.14c3.9,3.91,10.24,3.91,14.139,0    C121.685,184.585,121.685,178.255,117.776,174.345z\"><\/path>\n<\/g>\n<\/g><g><g><path d=\"M253.199,447.718c4.409-5.972,6.792-13.167,6.792-20.732c0-19.298-15.7-34.999-34.999-34.999H54.998    c-9.353,0-18.142,3.64-24.749,10.249c-6.61,6.608-10.25,15.397-10.25,24.75c0,7.749,2.536,14.915,6.815,20.72    C10.891,456.078,0,472.778,0,491.983v10c0,5.523,4.478,10,10,10h259.99c5.522,0,10-4.477,10-10v-10    C279.99,472.787,269.11,456.094,253.199,447.718z M44.39,416.376c2.831-2.832,6.599-4.391,10.608-4.391h169.994    c8.271,0,14.999,6.729,14.999,14.999c0,4.01-1.56,7.777-4.392,10.609c-2.831,2.832-6.599,4.391-10.608,4.391H54.998    c-8.271,0-14.999-6.729-14.999-14.999C39.999,422.976,41.558,419.208,44.39,416.376z M19.999,491.983    c0-16.541,13.458-29.999,29.999-29.999h5h169.994h5c16.541,0,29.999,13.458,29.999,29.999H19.999z\"><\/path>\n<\/g>\n<\/g><g><g><path d=\"M502.693,420.124c-3.396-5.263-7.448-9.917-12.045-13.833l-46.725-40.753c-0.364-0.548-0.786-1.068-1.269-1.551    c-0.812-0.811-1.732-1.444-2.71-1.918l-28.257-24.645l-130.79-114.091c5.354-5.597,8.302-12.916,8.302-20.699    c0-8.018-3.121-15.553-8.794-21.225c-2.474-2.471-5.286-4.414-8.291-5.837l12.1-12.1c3.382,0.899,6.857,1.359,10.335,1.359    c10.241-0.001,20.483-3.899,28.279-11.695c7.558-7.557,11.72-17.602,11.72-28.285s-4.162-20.728-11.719-28.285L237.981,11.72    c-7.557-7.557-17.603-11.719-28.289-11.719c-10.681,0-20.724,4.162-28.28,11.719c-10.444,10.444-13.882,25.273-10.336,38.615    L50.351,171.059c-3.336-0.887-6.807-1.355-10.353-1.355c-10.688,0-20.729,4.159-28.28,11.709    c-15.596,15.596-15.596,40.973,0,56.57l84.847,84.848c7.799,7.798,18.042,11.697,28.285,11.697    c10.244,0,20.487-3.899,28.286-11.697c10.444-10.445,13.882-25.273,10.336-38.615l12.075-12.076    c1.451,3.03,3.42,5.826,5.866,8.271c5.666,5.666,13.199,8.787,21.215,8.787c7.775,0,15.091-2.943,20.696-8.291L362.63,440.961    c0.384,0.6,0.832,1.171,1.356,1.695c0.179,0.179,0.369,0.342,0.558,0.504l41.511,47.694c1.032,1.218,2.135,2.416,3.28,3.561    c11.401,11.397,26.46,17.582,42.27,17.582c2.787,0,5.6-0.192,8.417-0.582c18.829-2.606,35.102-13.87,44.644-30.908    C515.119,461.834,514.341,438.127,502.693,420.124z M195.555,25.862c3.779-3.779,8.801-5.861,14.138-5.861    c5.344,0,10.369,2.082,14.147,5.861l84.848,84.847c3.779,3.779,5.86,8.802,5.86,14.143c0,5.341-2.081,10.364-5.861,14.143    c-7.795,7.797-20.481,7.797-28.276,0L195.56,54.144c-0.002-0.002-0.003-0.003-0.005-0.005    C187.758,46.343,187.758,33.658,195.555,25.862z M138.994,308.689c-7.798,7.798-20.489,7.799-28.287,0L25.86,223.842    c-7.799-7.799-7.799-20.487,0-28.287c3.772-3.773,8.794-5.851,14.138-5.851c5.343,0,10.362,2.077,14.133,5.847l84.862,84.862    C146.791,288.208,146.791,300.894,138.994,308.689z M181.096,238.309l-27.961,27.962l-84.856-84.856L181.412,68.28l84.855,84.856    l-28.012,28.013c-0.091,0.086-0.18,0.17-0.276,0.265l-56.538,56.539C181.324,238.068,181.211,238.188,181.096,238.309z     M216.802,259.17c-0.02,0.02-0.039,0.039-0.059,0.059l-7.042,7.042c-1.889,1.888-4.4,2.928-7.074,2.928    c-2.673,0-5.185-1.04-7.073-2.929c-1.891-1.89-2.932-4.404-2.932-7.079c0-2.618,0.999-5.081,2.812-6.939l56.801-56.801    c3.893-3.786,10.187-3.739,14.034,0.104c1.89,1.89,2.931,4.404,2.931,7.079c0,2.673-1.038,5.18-2.932,7.069l-7.001,7.001    c-0.048,0.047-0.096,0.095-0.143,0.143L216.802,259.17z M237.51,266.745l29.226-29.226l123.742,107.935l-45.154,45.155    L237.51,266.745z M358.485,405.731l47.099-47.1l15.107,13.177l-49.045,49.046L358.485,405.731z M487.217,470.737    c-6.454,11.523-17.365,19.128-29.936,20.868c-12.542,1.736-24.865-2.395-33.807-11.333c-0.769-0.768-1.505-1.569-2.191-2.381    c-0.032-0.038-0.064-0.076-0.097-0.113l-36.38-41.802l50.991-50.992l41.75,36.417c0.031,0.028,0.063,0.055,0.096,0.083    c3.125,2.657,5.898,5.848,8.251,9.494C493.456,442.663,493.986,458.643,487.217,470.737z\"><\/path>\n<\/g>\n<\/g><g><g><path d=\"M188.484,103.636c-3.906-3.905-10.236-3.905-14.142,0l-42.428,42.428c-3.905,3.905-3.905,10.237,0,14.141    c1.953,1.953,4.512,2.929,7.071,2.929c2.559,0,5.118-0.977,7.071-2.929l42.428-42.428    C192.389,113.873,192.389,107.542,188.484,103.636z\"><\/path>\n<\/g>\n<\/g><\/svg>\n            \n            \n          <\/span>\n                        <div class=\"u-container-style u-expanded-width-md u-expanded-width-xs u-group u-video-cover u-group-2\">\n                          <div class=\"u-container-layout u-container-layout-6\">\n                            <h5 class=\"u-text u-text-3\">Security while providing care and afterwards<\/h5>\n                            <ul class=\"u-text u-text-4\">\n                              <li style=\"\"> Psychological support <\/li>\n                              <li style=\"\"> Financial security <\/li>\n                              <li style=\"\"> Voluntary education and training <\/li>\n                              <li style=\"\"> Supportive environment (shared care, assistive devices for carer, \u2026) <br>\n                              <\/li>\n                            <\/ul>\n                          <\/div>\n                        <\/div>\n                      <\/div>\n                    <\/div>\n                    <div class=\"u-container-style u-list-item u-repeater-item\">\n                      <div class=\"u-container-layout u-similar-container u-valign-top-sm u-container-layout-7\"><span class=\"u-hidden-md u-hidden-sm u-hidden-xs u-icon u-icon-circle u-text-custom-color-1 u-icon-3\"><svg class=\"u-svg-link\" preserveaspectratio=\"xMidYMin slice\" viewbox=\"0 0 511.999 511.999\" style=\"\"><use xmlns:xlink=\"http:\/\/www.w3.org\/1999\/xlink\" xlink:href=\"#svg-1fcf\"><\/use><\/svg><svg xmlns=\"http:\/\/www.w3.org\/2000\/svg\" xmlns:xlink=\"http:\/\/www.w3.org\/1999\/xlink\" version=\"1.1\" xml:space=\"preserve\" class=\"u-svg-content\" viewbox=\"0 0 511.999 511.999\" x=\"0px\" y=\"0px\" id=\"svg-1fcf\" style=\"enable-background:new 0 0 511.999 511.999;\"><g><g><path d=\"M117.776,174.345c-3.9-3.9-10.24-3.9-14.139,0c-3.91,3.91-3.91,10.24,0,14.14c3.9,3.91,10.24,3.91,14.139,0    C121.685,184.585,121.685,178.255,117.776,174.345z\"><\/path>\n<\/g>\n<\/g><g><g><path d=\"M253.199,447.718c4.409-5.972,6.792-13.167,6.792-20.732c0-19.298-15.7-34.999-34.999-34.999H54.998    c-9.353,0-18.142,3.64-24.749,10.249c-6.61,6.608-10.25,15.397-10.25,24.75c0,7.749,2.536,14.915,6.815,20.72    C10.891,456.078,0,472.778,0,491.983v10c0,5.523,4.478,10,10,10h259.99c5.522,0,10-4.477,10-10v-10    C279.99,472.787,269.11,456.094,253.199,447.718z M44.39,416.376c2.831-2.832,6.599-4.391,10.608-4.391h169.994    c8.271,0,14.999,6.729,14.999,14.999c0,4.01-1.56,7.777-4.392,10.609c-2.831,2.832-6.599,4.391-10.608,4.391H54.998    c-8.271,0-14.999-6.729-14.999-14.999C39.999,422.976,41.558,419.208,44.39,416.376z M19.999,491.983    c0-16.541,13.458-29.999,29.999-29.999h5h169.994h5c16.541,0,29.999,13.458,29.999,29.999H19.999z\"><\/path>\n<\/g>\n<\/g><g><g><path d=\"M502.693,420.124c-3.396-5.263-7.448-9.917-12.045-13.833l-46.725-40.753c-0.364-0.548-0.786-1.068-1.269-1.551    c-0.812-0.811-1.732-1.444-2.71-1.918l-28.257-24.645l-130.79-114.091c5.354-5.597,8.302-12.916,8.302-20.699    c0-8.018-3.121-15.553-8.794-21.225c-2.474-2.471-5.286-4.414-8.291-5.837l12.1-12.1c3.382,0.899,6.857,1.359,10.335,1.359    c10.241-0.001,20.483-3.899,28.279-11.695c7.558-7.557,11.72-17.602,11.72-28.285s-4.162-20.728-11.719-28.285L237.981,11.72    c-7.557-7.557-17.603-11.719-28.289-11.719c-10.681,0-20.724,4.162-28.28,11.719c-10.444,10.444-13.882,25.273-10.336,38.615    L50.351,171.059c-3.336-0.887-6.807-1.355-10.353-1.355c-10.688,0-20.729,4.159-28.28,11.709    c-15.596,15.596-15.596,40.973,0,56.57l84.847,84.848c7.799,7.798,18.042,11.697,28.285,11.697    c10.244,0,20.487-3.899,28.286-11.697c10.444-10.445,13.882-25.273,10.336-38.615l12.075-12.076    c1.451,3.03,3.42,5.826,5.866,8.271c5.666,5.666,13.199,8.787,21.215,8.787c7.775,0,15.091-2.943,20.696-8.291L362.63,440.961    c0.384,0.6,0.832,1.171,1.356,1.695c0.179,0.179,0.369,0.342,0.558,0.504l41.511,47.694c1.032,1.218,2.135,2.416,3.28,3.561    c11.401,11.397,26.46,17.582,42.27,17.582c2.787,0,5.6-0.192,8.417-0.582c18.829-2.606,35.102-13.87,44.644-30.908    C515.119,461.834,514.341,438.127,502.693,420.124z M195.555,25.862c3.779-3.779,8.801-5.861,14.138-5.861    c5.344,0,10.369,2.082,14.147,5.861l84.848,84.847c3.779,3.779,5.86,8.802,5.86,14.143c0,5.341-2.081,10.364-5.861,14.143    c-7.795,7.797-20.481,7.797-28.276,0L195.56,54.144c-0.002-0.002-0.003-0.003-0.005-0.005    C187.758,46.343,187.758,33.658,195.555,25.862z M138.994,308.689c-7.798,7.798-20.489,7.799-28.287,0L25.86,223.842    c-7.799-7.799-7.799-20.487,0-28.287c3.772-3.773,8.794-5.851,14.138-5.851c5.343,0,10.362,2.077,14.133,5.847l84.862,84.862    C146.791,288.208,146.791,300.894,138.994,308.689z M181.096,238.309l-27.961,27.962l-84.856-84.856L181.412,68.28l84.855,84.856    l-28.012,28.013c-0.091,0.086-0.18,0.17-0.276,0.265l-56.538,56.539C181.324,238.068,181.211,238.188,181.096,238.309z     M216.802,259.17c-0.02,0.02-0.039,0.039-0.059,0.059l-7.042,7.042c-1.889,1.888-4.4,2.928-7.074,2.928    c-2.673,0-5.185-1.04-7.073-2.929c-1.891-1.89-2.932-4.404-2.932-7.079c0-2.618,0.999-5.081,2.812-6.939l56.801-56.801    c3.893-3.786,10.187-3.739,14.034,0.104c1.89,1.89,2.931,4.404,2.931,7.079c0,2.673-1.038,5.18-2.932,7.069l-7.001,7.001    c-0.048,0.047-0.096,0.095-0.143,0.143L216.802,259.17z M237.51,266.745l29.226-29.226l123.742,107.935l-45.154,45.155    L237.51,266.745z M358.485,405.731l47.099-47.1l15.107,13.177l-49.045,49.046L358.485,405.731z M487.217,470.737    c-6.454,11.523-17.365,19.128-29.936,20.868c-12.542,1.736-24.865-2.395-33.807-11.333c-0.769-0.768-1.505-1.569-2.191-2.381    c-0.032-0.038-0.064-0.076-0.097-0.113l-36.38-41.802l50.991-50.992l41.75,36.417c0.031,0.028,0.063,0.055,0.096,0.083    c3.125,2.657,5.898,5.848,8.251,9.494C493.456,442.663,493.986,458.643,487.217,470.737z\"><\/path>\n<\/g>\n<\/g><g><g><path d=\"M188.484,103.636c-3.906-3.905-10.236-3.905-14.142,0l-42.428,42.428c-3.905,3.905-3.905,10.237,0,14.141    c1.953,1.953,4.512,2.929,7.071,2.929c2.559,0,5.118-0.977,7.071-2.929l42.428-42.428    C192.389,113.873,192.389,107.542,188.484,103.636z\"><\/path>\n<\/g>\n<\/g><\/svg>\n            \n            \n          <\/span>\n                        <div class=\"u-container-style u-expanded-width-md u-expanded-width-xs u-group u-video-cover u-group-3\">\n                          <div class=\"u-container-layout u-container-layout-8\">\n                            <h5 class=\"u-text u-text-5\">Principles<\/h5>\n                            <ul class=\"u-text u-text-6\">\n                              <li style=\"\"> Ten principles for new carers <\/li>\n                            <\/ul>\n                          <\/div>\n                        <\/div>\n                      <\/div>\n                    <\/div>\n                  <\/div>\n                <\/div>\n              <\/div>\n            <\/div>\n          <\/div>\n        <\/div>\n      <\/div>\n    <\/section>\n    <section class=\"u-align-center u-clearfix u-section-3\" id=\"sec-e00b\">\n      <div class=\"u-clearfix u-sheet u-valign-middle u-sheet-1\">\n        <div class=\"u-border-2 u-border-grey-75 u-line u-line-horizontal u-line-1\"><\/div>\n        <h3 class=\"u-text u-text-1\">Our aim is for every carer (individual, family) for close one to have the appropriate status in society and be able to live a decent life.<br>o osobu bl\u00edzkou m\u011bl zaji\u0161t\u011bn\u00e9 odpov\u00eddaj\u00edc\u00ed postaven\u00ed ve spole\u010dnosti a zaji\u0161t\u011bn d\u016fstojn\u00fd \u017eivot. \n        <\/h3>\n        <div class=\"u-border-2 u-border-grey-75 u-line u-line-horizontal u-line-2\"><\/div>\n      <\/div>\n    <\/section>","protected":false},"excerpt":{"rendered":"<p>Svobodn\u00e9 rozhodnut\u00ed&nbsp; Dostatek informac\u00ed Svoboda odm\u00edtnout bez odsouzen\u00ed&nbsp;a n\u00e1tlaku Existence alternativn\u00edch \u0159e\u0161en\u00ed Mo\u017enost sv\u00e9 rozhodnut\u00ed zm\u011bnit Zaji\u0161t\u011bn\u00ed p\u0159i p\u00e9\u010di a po ukon\u010den\u00ed p\u00e9\u010de Psychick\u00e1 podpora Finan\u010dn\u00ed zaji\u0161t\u011bn\u00ed Mo\u017enost vzd\u011bl\u00e1v\u00e1n\u00ed Z\u00e1zem\u00ed (sd\u00edlen\u00e1 p\u00e9\u010de, pom\u016fcky nejen pro pe\u010dovan\u00e9ho, \u2026) Desatera pro pe\u010duj\u00edc\u00ed Desatero po\u010d\u00e1tku p\u00e9\u010de Na\u0161\u00edm c\u00edlem je, aby pe\u010duj\u00edc\u00ed (jednotlivec, rodina)o osobu bl\u00edzkou m\u011bl zaji\u0161t\u011bn\u00e9 odpov\u00eddaj\u00edc\u00ed &hellip; <a href=\"https:\/\/uniepecujicich.cz\/en\/obhajoba-prav\/\" class=\"more-link\">Continue reading<span class=\"screen-reader-text\"> &#8222;Obhajoba pr\u00e1v&#8220;<\/span><\/a><\/p>","protected":false},"author":1,"featured_media":0,"parent":0,"menu_order":10,"comment_status":"closed","ping_status":"closed","template":"","meta":{"footnotes":""},"class_list":["post-68","page","type-page","status-publish","hentry"],"_links":{"self":[{"href":"https:\/\/uniepecujicich.cz\/en\/wp-json\/wp\/v2\/pages\/68","targetHints":{"allow":["GET"]}}],"collection":[{"href":"https:\/\/uniepecujicich.cz\/en\/wp-json\/wp\/v2\/pages"}],"about":[{"href":"https:\/\/uniepecujicich.cz\/en\/wp-json\/wp\/v2\/types\/page"}],"author":[{"embeddable":true,"href":"https:\/\/uniepecujicich.cz\/en\/wp-json\/wp\/v2\/users\/1"}],"replies":[{"embeddable":true,"href":"https:\/\/uniepecujicich.cz\/en\/wp-json\/wp\/v2\/comments?post=68"}],"version-history":[{"count":1,"href":"https:\/\/uniepecujicich.cz\/en\/wp-json\/wp\/v2\/pages\/68\/revisions"}],"predecessor-version":[{"id":126,"href":"https:\/\/uniepecujicich.cz\/en\/wp-json\/wp\/v2\/pages\/68\/revisions\/126"}],"wp:attachment":[{"href":"https:\/\/uniepecujicich.cz\/en\/wp-json\/wp\/v2\/media?parent=68"}],"curies":[{"name":"wp","href":"https:\/\/api.w.org\/{rel}","templated":true}]}}