{"id":69,"date":"2021-06-22T13:25:39","date_gmt":"2021-06-22T11:25:39","guid":{"rendered":"https:\/\/upec.cz\/dobrovolnictvi\/"},"modified":"2024-07-26T11:06:12","modified_gmt":"2024-07-26T09:06:12","slug":"dobrovolnictvi","status":"publish","type":"page","link":"https:\/\/uniepecujicich.cz\/en\/dobrovolnictvi\/","title":{"rendered":"Volunteering"},"content":{"rendered":"<section class=\"u-clearfix u-valign-middle-md u-valign-middle-sm u-valign-middle-xs u-white u-section-2\" id=\"sec-9a13\">\n      <div class=\"u-clearfix u-expanded-width u-layout-wrap u-layout-wrap-1\">\n        <div class=\"u-layout\" style=\"\">\n          <div class=\"u-layout-row\" style=\"\">\n            <div class=\"u-align-left u-container-style u-image u-layout-cell u-left-cell u-size-30 lazyload u-image-1\" data-image-width=\"1600\" data-image-height=\"900\" data-bg=\"url(&quot;https:\/\/uniepecujicich.cz\/wp-content\/uploads\/2021\/06\/Srdce-tiny.jpg&quot;)\">\n              <div class=\"u-container-layout u-container-layout-1\"><\/div>\n            <\/div>\n            <div class=\"u-container-style u-layout-cell u-right-cell u-shape-rectangle u-size-30 u-layout-cell-2\">\n              <div class=\"u-container-layout u-container-layout-2\">\n                <div class=\"u-expanded-width-lg u-expanded-width-md u-list u-list-1\">\n                  <div class=\"u-repeater u-repeater-1\">\n                    <div class=\"u-container-style u-list-item u-repeater-item\">\n                      <div class=\"u-container-layout u-similar-container u-container-layout-3\"><span class=\"u-hidden-md u-hidden-sm u-hidden-xs u-icon u-icon-circle u-text-custom-color-1 u-icon-1\"><svg class=\"u-svg-link\" preserveaspectratio=\"xMidYMin slice\" viewbox=\"0 0 55.25 55.25\" style=\"\"><use xmlns:xlink=\"http:\/\/www.w3.org\/1999\/xlink\" xlink:href=\"#svg-5abb\"><\/use><\/svg><svg xmlns=\"http:\/\/www.w3.org\/2000\/svg\" xmlns:xlink=\"http:\/\/www.w3.org\/1999\/xlink\" version=\"1.1\" xml:space=\"preserve\" class=\"u-svg-content\" viewbox=\"0 0 55.25 55.25\" x=\"0px\" y=\"0px\" id=\"svg-5abb\" style=\"enable-background:new 0 0 55.25 55.25;\"><path d=\"M52.618,2.631c-3.51-3.508-9.219-3.508-12.729,0L3.827,38.693C3.81,38.71,3.8,38.731,3.785,38.749\tc-0.021,0.024-0.039,0.05-0.058,0.076c-0.053,0.074-0.094,0.153-0.125,0.239c-0.009,0.026-0.022,0.049-0.029,0.075\tc-0.003,0.01-0.009,0.02-0.012,0.03l-3.535,14.85c-0.016,0.067-0.02,0.135-0.022,0.202C0.004,54.234,0,54.246,0,54.259\tc0.001,0.114,0.026,0.225,0.065,0.332c0.009,0.025,0.019,0.047,0.03,0.071c0.049,0.107,0.11,0.21,0.196,0.296\tc0.095,0.095,0.207,0.168,0.328,0.218c0.121,0.05,0.25,0.075,0.379,0.075c0.077,0,0.155-0.009,0.231-0.027l14.85-3.535\tc0.027-0.006,0.051-0.021,0.077-0.03c0.034-0.011,0.066-0.024,0.099-0.039c0.072-0.033,0.139-0.074,0.201-0.123\tc0.024-0.019,0.049-0.033,0.072-0.054c0.008-0.008,0.018-0.012,0.026-0.02l36.063-36.063C56.127,11.85,56.127,6.14,52.618,2.631z\t M51.204,4.045c2.488,2.489,2.7,6.397,0.65,9.137l-9.787-9.787C44.808,1.345,48.716,1.557,51.204,4.045z M46.254,18.895l-9.9-9.9\tl1.414-1.414l9.9,9.9L46.254,18.895z M4.961,50.288c-0.391-0.391-1.023-0.391-1.414,0L2.79,51.045l2.554-10.728l4.422-0.491\tl-0.569,5.122c-0.004,0.038,0.01,0.073,0.01,0.11c0,0.038-0.014,0.072-0.01,0.11c0.004,0.033,0.021,0.06,0.028,0.092\tc0.012,0.058,0.029,0.111,0.05,0.165c0.026,0.065,0.057,0.124,0.095,0.181c0.031,0.046,0.062,0.087,0.1,0.127\tc0.048,0.051,0.1,0.094,0.157,0.134c0.045,0.031,0.088,0.06,0.138,0.084C9.831,45.982,9.9,46,9.972,46.017\tc0.038,0.009,0.069,0.03,0.108,0.035c0.036,0.004,0.072,0.006,0.109,0.006c0,0,0.001,0,0.001,0c0,0,0.001,0,0.001,0h0.001\tc0,0,0.001,0,0.001,0c0.036,0,0.073-0.002,0.109-0.006l5.122-0.569l-0.491,4.422L4.204,52.459l0.757-0.757\tC5.351,51.312,5.351,50.679,4.961,50.288z M17.511,44.809L39.889,22.43c0.391-0.391,0.391-1.023,0-1.414s-1.023-0.391-1.414,0\tL16.097,43.395l-4.773,0.53l0.53-4.773l22.38-22.378c0.391-0.391,0.391-1.023,0-1.414s-1.023-0.391-1.414,0L10.44,37.738\tl-3.183,0.354L34.94,10.409l9.9,9.9L17.157,47.992L17.511,44.809z M49.082,16.067l-9.9-9.9l1.415-1.415l9.9,9.9L49.082,16.067z\"><\/path><\/svg>\n            \n            \n          <\/span>\n                        <div class=\"u-container-style u-group u-group-1\">\n                          <div class=\"u-container-layout u-container-layout-4\">\n                            <h5 class=\"u-text u-text-1\">Accredited by the Ministry of Interior<\/h5>\n                            <ul class=\"u-text u-text-palette-3-base u-text-2\">\n                              <li style=\"\"> \u010c. akreditace: \u010d.j. \u200b\u200bMV-174372-11\/OPK-2022<br>\n                              <\/li>\n                              <li style=\"\"> Accredited in 2019 <\/li>\n                              <li style=\"\"> Long-term volunteering <\/li>\n                            <\/ul>\n                          <\/div>\n                        <\/div>\n                      <\/div>\n                    <\/div>\n                    <div class=\"u-container-style u-list-item u-repeater-item\">\n                      <div class=\"u-container-layout u-similar-container u-container-layout-5\"><span class=\"u-hidden-md u-hidden-sm u-hidden-xs u-icon u-icon-circle u-text-custom-color-1 u-icon-2\"><svg class=\"u-svg-link\" preserveaspectratio=\"xMidYMin slice\" viewbox=\"0 0 55.25 55.25\" style=\"\"><use xmlns:xlink=\"http:\/\/www.w3.org\/1999\/xlink\" xlink:href=\"#svg-b71b\"><\/use><\/svg><svg xmlns=\"http:\/\/www.w3.org\/2000\/svg\" xmlns:xlink=\"http:\/\/www.w3.org\/1999\/xlink\" version=\"1.1\" xml:space=\"preserve\" class=\"u-svg-content\" viewbox=\"0 0 55.25 55.25\" x=\"0px\" y=\"0px\" id=\"svg-b71b\" style=\"enable-background:new 0 0 55.25 55.25;\"><path d=\"M52.618,2.631c-3.51-3.508-9.219-3.508-12.729,0L3.827,38.693C3.81,38.71,3.8,38.731,3.785,38.749\tc-0.021,0.024-0.039,0.05-0.058,0.076c-0.053,0.074-0.094,0.153-0.125,0.239c-0.009,0.026-0.022,0.049-0.029,0.075\tc-0.003,0.01-0.009,0.02-0.012,0.03l-3.535,14.85c-0.016,0.067-0.02,0.135-0.022,0.202C0.004,54.234,0,54.246,0,54.259\tc0.001,0.114,0.026,0.225,0.065,0.332c0.009,0.025,0.019,0.047,0.03,0.071c0.049,0.107,0.11,0.21,0.196,0.296\tc0.095,0.095,0.207,0.168,0.328,0.218c0.121,0.05,0.25,0.075,0.379,0.075c0.077,0,0.155-0.009,0.231-0.027l14.85-3.535\tc0.027-0.006,0.051-0.021,0.077-0.03c0.034-0.011,0.066-0.024,0.099-0.039c0.072-0.033,0.139-0.074,0.201-0.123\tc0.024-0.019,0.049-0.033,0.072-0.054c0.008-0.008,0.018-0.012,0.026-0.02l36.063-36.063C56.127,11.85,56.127,6.14,52.618,2.631z\t M51.204,4.045c2.488,2.489,2.7,6.397,0.65,9.137l-9.787-9.787C44.808,1.345,48.716,1.557,51.204,4.045z M46.254,18.895l-9.9-9.9\tl1.414-1.414l9.9,9.9L46.254,18.895z M4.961,50.288c-0.391-0.391-1.023-0.391-1.414,0L2.79,51.045l2.554-10.728l4.422-0.491\tl-0.569,5.122c-0.004,0.038,0.01,0.073,0.01,0.11c0,0.038-0.014,0.072-0.01,0.11c0.004,0.033,0.021,0.06,0.028,0.092\tc0.012,0.058,0.029,0.111,0.05,0.165c0.026,0.065,0.057,0.124,0.095,0.181c0.031,0.046,0.062,0.087,0.1,0.127\tc0.048,0.051,0.1,0.094,0.157,0.134c0.045,0.031,0.088,0.06,0.138,0.084C9.831,45.982,9.9,46,9.972,46.017\tc0.038,0.009,0.069,0.03,0.108,0.035c0.036,0.004,0.072,0.006,0.109,0.006c0,0,0.001,0,0.001,0c0,0,0.001,0,0.001,0h0.001\tc0,0,0.001,0,0.001,0c0.036,0,0.073-0.002,0.109-0.006l5.122-0.569l-0.491,4.422L4.204,52.459l0.757-0.757\tC5.351,51.312,5.351,50.679,4.961,50.288z M17.511,44.809L39.889,22.43c0.391-0.391,0.391-1.023,0-1.414s-1.023-0.391-1.414,0\tL16.097,43.395l-4.773,0.53l0.53-4.773l22.38-22.378c0.391-0.391,0.391-1.023,0-1.414s-1.023-0.391-1.414,0L10.44,37.738\tl-3.183,0.354L34.94,10.409l9.9,9.9L17.157,47.992L17.511,44.809z M49.082,16.067l-9.9-9.9l1.415-1.415l9.9,9.9L49.082,16.067z\"><\/path><\/svg>\n            \n            \n          <\/span>\n                        <div class=\"u-container-style u-group u-video-cover u-group-2\">\n                          <div class=\"u-container-layout u-container-layout-6\">\n                            <h5 class=\"u-text u-text-3\">Activities<\/h5>\n                            <ul class=\"u-text u-text-palette-3-base u-text-4\">\n                              <li style=\"\">Helping with various events <\/li>\n                              <li style=\"\"> Peer \u200bprov\u00e1zen\u00ed <\/li>\n                              <li style=\"\"> Helping during events for carers <\/li>\n                              <li style=\"\"> Other depending on the volunteer's interests <\/li>\n                            <\/ul>\n                          <\/div>\n                        <\/div>\n                      <\/div>\n                    <\/div>\n                    <div class=\"u-container-style u-list-item u-repeater-item\">\n                      <div class=\"u-container-layout u-similar-container u-container-layout-7\"><span class=\"u-hidden-md u-hidden-sm u-hidden-xs u-icon u-icon-circle u-text-custom-color-1 u-icon-3\"><svg class=\"u-svg-link\" preserveaspectratio=\"xMidYMin slice\" viewbox=\"0 0 55.25 55.25\" style=\"\"><use xmlns:xlink=\"http:\/\/www.w3.org\/1999\/xlink\" xlink:href=\"#svg-abc6\"><\/use><\/svg><svg xmlns=\"http:\/\/www.w3.org\/2000\/svg\" xmlns:xlink=\"http:\/\/www.w3.org\/1999\/xlink\" version=\"1.1\" xml:space=\"preserve\" class=\"u-svg-content\" viewbox=\"0 0 55.25 55.25\" x=\"0px\" y=\"0px\" id=\"svg-abc6\" style=\"enable-background:new 0 0 55.25 55.25;\"><path d=\"M52.618,2.631c-3.51-3.508-9.219-3.508-12.729,0L3.827,38.693C3.81,38.71,3.8,38.731,3.785,38.749\tc-0.021,0.024-0.039,0.05-0.058,0.076c-0.053,0.074-0.094,0.153-0.125,0.239c-0.009,0.026-0.022,0.049-0.029,0.075\tc-0.003,0.01-0.009,0.02-0.012,0.03l-3.535,14.85c-0.016,0.067-0.02,0.135-0.022,0.202C0.004,54.234,0,54.246,0,54.259\tc0.001,0.114,0.026,0.225,0.065,0.332c0.009,0.025,0.019,0.047,0.03,0.071c0.049,0.107,0.11,0.21,0.196,0.296\tc0.095,0.095,0.207,0.168,0.328,0.218c0.121,0.05,0.25,0.075,0.379,0.075c0.077,0,0.155-0.009,0.231-0.027l14.85-3.535\tc0.027-0.006,0.051-0.021,0.077-0.03c0.034-0.011,0.066-0.024,0.099-0.039c0.072-0.033,0.139-0.074,0.201-0.123\tc0.024-0.019,0.049-0.033,0.072-0.054c0.008-0.008,0.018-0.012,0.026-0.02l36.063-36.063C56.127,11.85,56.127,6.14,52.618,2.631z\t M51.204,4.045c2.488,2.489,2.7,6.397,0.65,9.137l-9.787-9.787C44.808,1.345,48.716,1.557,51.204,4.045z M46.254,18.895l-9.9-9.9\tl1.414-1.414l9.9,9.9L46.254,18.895z M4.961,50.288c-0.391-0.391-1.023-0.391-1.414,0L2.79,51.045l2.554-10.728l4.422-0.491\tl-0.569,5.122c-0.004,0.038,0.01,0.073,0.01,0.11c0,0.038-0.014,0.072-0.01,0.11c0.004,0.033,0.021,0.06,0.028,0.092\tc0.012,0.058,0.029,0.111,0.05,0.165c0.026,0.065,0.057,0.124,0.095,0.181c0.031,0.046,0.062,0.087,0.1,0.127\tc0.048,0.051,0.1,0.094,0.157,0.134c0.045,0.031,0.088,0.06,0.138,0.084C9.831,45.982,9.9,46,9.972,46.017\tc0.038,0.009,0.069,0.03,0.108,0.035c0.036,0.004,0.072,0.006,0.109,0.006c0,0,0.001,0,0.001,0c0,0,0.001,0,0.001,0h0.001\tc0,0,0.001,0,0.001,0c0.036,0,0.073-0.002,0.109-0.006l5.122-0.569l-0.491,4.422L4.204,52.459l0.757-0.757\tC5.351,51.312,5.351,50.679,4.961,50.288z M17.511,44.809L39.889,22.43c0.391-0.391,0.391-1.023,0-1.414s-1.023-0.391-1.414,0\tL16.097,43.395l-4.773,0.53l0.53-4.773l22.38-22.378c0.391-0.391,0.391-1.023,0-1.414s-1.023-0.391-1.414,0L10.44,37.738\tl-3.183,0.354L34.94,10.409l9.9,9.9L17.157,47.992L17.511,44.809z M49.082,16.067l-9.9-9.9l1.415-1.415l9.9,9.9L49.082,16.067z\"><\/path><\/svg>\n            \n            \n          <\/span>\n                        <div class=\"u-container-style u-group u-video-cover u-group-3\">\n                          <div class=\"u-container-layout u-container-layout-8\">\n                            <h5 class=\"u-text u-text-5\">Conditions<\/h5>\n                            <ul class=\"u-text u-text-palette-3-base u-text-6\">\n                              <li style=\"\"> Age over 18 <\/li>\n                              <li style=\"\"> Clean record and medical fitness<\/li>\n                              <li style=\"\"> Experience with care welcome <\/li>\n                            <\/ul>\n                          <\/div>\n                        <\/div>\n                      <\/div>\n                    <\/div>\n                  <\/div>\n                <\/div>\n              <\/div>\n            <\/div>\n          <\/div>\n        <\/div>\n      <\/div>\n    <\/section>","protected":false},"excerpt":{"rendered":"<p>Akreditace MV \u010c. akreditace: \u010d.j. \u200b\u200bMV-174372-11\/OPK-2022 Akreditace z\u00edsk\u00e1na v roce 2019 Dlouhodob\u00e1 dobrovolnick\u00e1 \u010dinnost \u010cinnost Pomoc p\u0159i po\u0159\u00e1d\u00e1n\u00ed osv\u011btov\u00fdch akc\u00ed Peer \u200bprov\u00e1zen\u00ed Pomoc na akc\u00edch pro pe\u010duj\u00edc\u00ed Dal\u0161\u00ed dle z\u00e1jm\u016f konkr\u00e9tn\u00edho dobrovoln\u00edka Podm\u00ednky dobrovolnictv\u00ed V\u011bk 18+ Bez\u00fahonnost a zdravotn\u00ed zp\u016fsobilost Zku\u0161enost s p\u00e9\u010d\u00ed v\u00edt\u00e1na<\/p>","protected":false},"author":1,"featured_media":0,"parent":0,"menu_order":11,"comment_status":"closed","ping_status":"closed","template":"","meta":{"footnotes":""},"class_list":["post-69","page","type-page","status-publish","hentry"],"_links":{"self":[{"href":"https:\/\/uniepecujicich.cz\/en\/wp-json\/wp\/v2\/pages\/69","targetHints":{"allow":["GET"]}}],"collection":[{"href":"https:\/\/uniepecujicich.cz\/en\/wp-json\/wp\/v2\/pages"}],"about":[{"href":"https:\/\/uniepecujicich.cz\/en\/wp-json\/wp\/v2\/types\/page"}],"author":[{"embeddable":true,"href":"https:\/\/uniepecujicich.cz\/en\/wp-json\/wp\/v2\/users\/1"}],"replies":[{"embeddable":true,"href":"https:\/\/uniepecujicich.cz\/en\/wp-json\/wp\/v2\/comments?post=69"}],"version-history":[{"count":3,"href":"https:\/\/uniepecujicich.cz\/en\/wp-json\/wp\/v2\/pages\/69\/revisions"}],"predecessor-version":[{"id":4941,"href":"https:\/\/uniepecujicich.cz\/en\/wp-json\/wp\/v2\/pages\/69\/revisions\/4941"}],"wp:attachment":[{"href":"https:\/\/uniepecujicich.cz\/en\/wp-json\/wp\/v2\/media?parent=69"}],"curies":[{"name":"wp","href":"https:\/\/api.w.org\/{rel}","templated":true}]}}