{"id":70,"date":"2021-06-22T13:25:40","date_gmt":"2021-06-22T11:25:40","guid":{"rendered":"https:\/\/upec.cz\/tym\/"},"modified":"2024-07-26T10:54:03","modified_gmt":"2024-07-26T08:54:03","slug":"tym","status":"publish","type":"page","link":"https:\/\/uniepecujicich.cz\/en\/tym\/","title":{"rendered":"Our team"},"content":{"rendered":"<section class=\"u-align-center u-clearfix u-section-2\" id=\"carousel_9192\">\n      <h2 class=\"u-align-center u-text u-text-1\">S p\u00e9\u010d\u00ed m\u00e1me osobn\u00ed zku\u0161enost a ve sv\u00fdch oblastech odborn\u00e9 vzd\u011bl\u00e1n\u00ed<\/h2>\n      <div class=\"u-expanded-width u-palette-3-base u-shape u-shape-rectangle u-shape-1\"><\/div>\n      <div class=\"u-expanded-width u-palette-3-base u-shape u-shape-rectangle u-shape-2\"><\/div>\n      <div class=\"u-list u-list-1\">\n        <div class=\"u-repeater u-repeater-1\">\n          <div class=\"u-container-style u-list-item u-repeater-item u-white u-list-item-1\">\n            <div class=\"u-container-layout u-similar-container u-valign-bottom u-container-layout-1\">\n              <div alt=\"\" class=\"u-image u-image-circle lazyload u-image-1\" data-image-width=\"531\" data-image-height=\"531\" data-bg=\"url(&quot;https:\/\/uniepecujicich.cz\/wp-content\/uploads\/2024\/05\/ZM.png&quot;)\"><\/div>\n              <div class=\"u-container-style u-expanded-width-xs u-group u-group-1\">\n                <div class=\"u-container-layout u-container-layout-2\">\n                  <h4 class=\"u-text u-text-2\">Zde\u0148ka Mich\u00e1lkov\u00e1<\/h4>\n                  <h5 class=\"u-text u-text-3\">p\u0159edsedkyn\u011b, odborn\u00e1 garantka<\/h5>\n                  <p class=\"u-text u-text-body-color u-text-4\">zdenka.michalkova@uniepecujicich.cz<\/p>\n                <\/div>\n              <\/div>\n            <\/div>\n          <\/div>\n          <div class=\"u-container-style u-list-item u-repeater-item u-white u-list-item-2\">\n            <div class=\"u-container-layout u-similar-container u-valign-bottom u-container-layout-3\">\n              <div alt=\"\" class=\"u-image u-image-circle lazyload u-image-2\" data-image-width=\"531\" data-image-height=\"531\" data-bg=\"url(&quot;https:\/\/uniepecujicich.cz\/wp-content\/uploads\/2024\/05\/Z.png&quot;)\"><\/div>\n              <div class=\"u-align-center-xs u-container-style u-expanded-width-xs u-group u-group-2\">\n                <div class=\"u-container-layout u-container-layout-4\">\n                  <h4 class=\"u-text u-text-5\">Zde\u0148ka \u010cern\u00e1<\/h4>\n                  <h5 class=\"u-text u-text-6\">m\u00edstop\u0159edsedkyn\u011b, konzultantka (peer, finance)<\/h5>\n                  <p class=\"u-text u-text-body-color u-text-7\">zdenka.cerna@uniepecujicich.cz<\/p>\n                <\/div>\n              <\/div>\n            <\/div>\n          <\/div>\n          <div class=\"u-container-style u-list-item u-repeater-item u-white u-list-item-3\">\n            <div class=\"u-container-layout u-similar-container u-valign-bottom u-container-layout-5\">\n              <div alt=\"\" class=\"u-image u-image-circle lazyload u-image-3\" data-image-width=\"531\" data-image-height=\"531\" data-bg=\"url(&quot;https:\/\/uniepecujicich.cz\/wp-content\/uploads\/2024\/05\/Olga.png&quot;)\"><\/div>\n              <div class=\"u-align-center-xs u-container-style u-expanded-width-xs u-group u-group-3\">\n                <div class=\"u-container-layout u-container-layout-6\">\n                  <h4 class=\"u-text u-text-8\">Olga Hub\u00edkov\u00e1<\/h4>\n                  <h5 class=\"u-text u-text-9\">\u010dlenka p\u0159edstavenstva, odborn\u00e1 konzultantka<\/h5>\n                  <p class=\"u-text u-text-body-color u-text-10\">olga.hubikova@uniepecujicich.cz<\/p>\n                <\/div>\n              <\/div>\n            <\/div>\n          <\/div>\n          <div class=\"u-container-style u-list-item u-repeater-item u-white u-list-item-4\">\n            <div class=\"u-container-layout u-similar-container u-valign-bottom u-container-layout-7\">\n              <div alt=\"\" class=\"u-image u-image-circle lazyload u-image-4\" data-image-width=\"531\" data-image-height=\"531\" data-bg=\"url(&quot;https:\/\/uniepecujicich.cz\/wp-content\/uploads\/2024\/05\/Petra.png&quot;)\"><\/div>\n              <div class=\"u-container-style u-expanded-width-xs u-group u-group-4\">\n                <div class=\"u-container-layout u-container-layout-8\">\n                  <h4 class=\"u-text u-text-11\">Petra Hejdov\u00e1<\/h4>\n                  <h5 class=\"u-text u-text-12\">odborn\u00e1 konzultantka<\/h5>\n                  <p class=\"u-text u-text-body-color u-text-13\">petra.hejdova@uniepecujicich.cz<\/p>\n                <\/div>\n              <\/div>\n            <\/div>\n          <\/div>\n          <div class=\"u-container-style u-list-item u-repeater-item u-white u-list-item-5\">\n            <div class=\"u-container-layout u-similar-container u-valign-bottom u-container-layout-9\">\n              <div alt=\"\" class=\"u-image u-image-circle lazyload u-image-5\" data-image-width=\"531\" data-image-height=\"531\" data-bg=\"url(&quot;https:\/\/uniepecujicich.cz\/wp-content\/uploads\/2024\/05\/Eva.png&quot;)\"><\/div>\n              <div class=\"u-align-center-xs u-container-style u-expanded-width-xs u-group u-group-5\">\n                <div class=\"u-container-layout u-container-layout-10\">\n                  <h4 class=\"u-text u-text-14\">Eva Nohejlov\u00e1<\/h4>\n                  <h5 class=\"u-text u-text-15\">odborn\u00e1 konzultantka<\/h5>\n                  <p class=\"u-text u-text-body-color u-text-16\">eva.nohejlova@uniepecujicich.cz<\/p>\n                <\/div>\n              <\/div>\n            <\/div>\n          <\/div>\n          <div class=\"u-container-style u-list-item u-repeater-item u-white u-list-item-6\">\n            <div class=\"u-container-layout u-similar-container u-valign-bottom u-container-layout-11\">\n              <div alt=\"\" class=\"u-image u-image-circle lazyload u-image-6\" data-image-width=\"531\" data-image-height=\"531\" data-bg=\"url(&quot;https:\/\/uniepecujicich.cz\/wp-content\/uploads\/2024\/05\/Lada.png&quot;)\"><\/div>\n              <div class=\"u-align-center-xs u-container-style u-expanded-width-xs u-group u-group-6\">\n                <div class=\"u-container-layout u-container-layout-12\">\n                  <h4 class=\"u-text u-text-17\"> Lada Kollmannov\u00e1<\/h4>\n                  <h5 class=\"u-text u-text-18\">peer konzultantka<br>\n                  <\/h5>\n                  <p class=\"u-text u-text-body-color u-text-19\"> lada.kollmannova@uniepecujicich.cz<\/p>\n                <\/div>\n              <\/div>\n            <\/div>\n          <\/div>\n          <div class=\"u-container-style u-list-item u-repeater-item u-white u-list-item-7\">\n            <div class=\"u-container-layout u-similar-container u-valign-bottom u-container-layout-13\">\n              <div alt=\"\" class=\"u-image u-image-circle lazyload u-image-7\" data-image-width=\"531\" data-image-height=\"531\" data-bg=\"url(&quot;https:\/\/uniepecujicich.cz\/wp-content\/uploads\/2024\/05\/Roman.png&quot;)\"><\/div>\n              <div class=\"u-align-center-xs u-container-style u-expanded-width-xs u-group u-group-7\">\n                <div class=\"u-container-layout u-container-layout-14\">\n                  <h4 class=\"u-text u-text-20\">Roman Herink<br>\n                  <\/h4>\n                  <h5 class=\"u-text u-text-21\">odborn\u00fd konzultant<br>\n                  <\/h5>\n                  <p class=\"u-text u-text-body-color u-text-22\"> roman.herink@uniepecujicich.cz<\/p>\n                <\/div>\n              <\/div>\n            <\/div>\n          <\/div>\n          <div class=\"u-container-style u-list-item u-repeater-item u-white u-list-item-8\">\n            <div class=\"u-container-layout u-similar-container u-valign-bottom u-container-layout-15\">\n              <div alt=\"\" class=\"u-image u-image-circle lazyload u-image-8\" data-image-width=\"531\" data-image-height=\"531\" data-bg=\"url(&quot;https:\/\/uniepecujicich.cz\/wp-content\/uploads\/2024\/05\/Tom.png&quot;)\"><\/div>\n              <div class=\"u-align-center-xs u-container-style u-expanded-width-xs u-group u-group-8\">\n                <div class=\"u-container-layout u-container-layout-16\">\n                  <h4 class=\"u-text u-text-23\"> Tom\u00e1\u0161 Mich\u00e1lek<\/h4>\n                  <h5 class=\"u-text u-text-24\">peer konzultant, koordin\u00e1tor dobrovoln\u00edk\u016f<br>\n                  <\/h5>\n                  <p class=\"u-text u-text-body-color u-text-25\">tomas.michalek@uniepecujicich.cz<\/p>\n                <\/div>\n              <\/div>\n            <\/div>\n          <\/div>\n        <\/div>\n      <\/div>\n      <div class=\"u-list u-list-2\">\n        <div class=\"u-repeater u-repeater-2\"><\/div>\n      <\/div>\n    <\/section>","protected":false},"excerpt":{"rendered":"<p>S p\u00e9\u010d\u00ed m\u00e1me osobn\u00ed zku\u0161enost a ve sv\u00fdch oblastech odborn\u00e9 vzd\u011bl\u00e1n\u00ed Zde\u0148ka Mich\u00e1lkov\u00e1 p\u0159edsedkyn\u011b, odborn\u00e1 garantka zdenka.michalkova@uniepecujicich.cz Zde\u0148ka \u010cern\u00e1 m\u00edstop\u0159edsedkyn\u011b, konzultantka (peer, finance) zdenka.cerna@uniepecujicich.cz Olga Hub\u00edkov\u00e1 \u010dlenka p\u0159edstavenstva, odborn\u00e1 konzultantka olga.hubikova@uniepecujicich.cz Petra Hejdov\u00e1 odborn\u00e1 konzultantka petra.hejdova@uniepecujicich.cz Eva Nohejlov\u00e1 odborn\u00e1 konzultantka eva.nohejlova@uniepecujicich.cz Lada Kollmannov\u00e1 peer konzultantka lada.kollmannova@uniepecujicich.cz Roman Herink odborn\u00fd konzultant roman.herink@uniepecujicich.cz Tom\u00e1\u0161 Mich\u00e1lek peer konzultant, &hellip; <a href=\"https:\/\/uniepecujicich.cz\/en\/tym\/\" class=\"more-link\">Continue reading<span class=\"screen-reader-text\"> &#8222;T\u00fdm&#8220;<\/span><\/a><\/p>","protected":false},"author":1,"featured_media":0,"parent":0,"menu_order":12,"comment_status":"closed","ping_status":"closed","template":"","meta":{"footnotes":""},"class_list":["post-70","page","type-page","status-publish","hentry"],"_links":{"self":[{"href":"https:\/\/uniepecujicich.cz\/en\/wp-json\/wp\/v2\/pages\/70","targetHints":{"allow":["GET"]}}],"collection":[{"href":"https:\/\/uniepecujicich.cz\/en\/wp-json\/wp\/v2\/pages"}],"about":[{"href":"https:\/\/uniepecujicich.cz\/en\/wp-json\/wp\/v2\/types\/page"}],"author":[{"embeddable":true,"href":"https:\/\/uniepecujicich.cz\/en\/wp-json\/wp\/v2\/users\/1"}],"replies":[{"embeddable":true,"href":"https:\/\/uniepecujicich.cz\/en\/wp-json\/wp\/v2\/comments?post=70"}],"version-history":[{"count":4,"href":"https:\/\/uniepecujicich.cz\/en\/wp-json\/wp\/v2\/pages\/70\/revisions"}],"predecessor-version":[{"id":4937,"href":"https:\/\/uniepecujicich.cz\/en\/wp-json\/wp\/v2\/pages\/70\/revisions\/4937"}],"wp:attachment":[{"href":"https:\/\/uniepecujicich.cz\/en\/wp-json\/wp\/v2\/media?parent=70"}],"curies":[{"name":"wp","href":"https:\/\/api.w.org\/{rel}","templated":true}]}}