{"id":72,"date":"2021-06-22T13:25:42","date_gmt":"2021-06-22T11:25:42","guid":{"rendered":"https:\/\/upec.cz\/poradenstvi\/"},"modified":"2024-07-26T10:58:11","modified_gmt":"2024-07-26T08:58:11","slug":"poradenstvi","status":"publish","type":"page","link":"https:\/\/uniepecujicich.cz\/en\/poradenstvi\/","title":{"rendered":"Prov\u00e1zen\u00ed"},"content":{"rendered":"<section class=\"u-clearfix u-valign-bottom-xs u-valign-middle-sm u-white u-section-2\" id=\"sec-b301\">\n      <div class=\"u-clearfix u-expanded-width u-layout-wrap u-layout-wrap-1\">\n        <div class=\"u-layout\">\n          <div class=\"u-layout-row\">\n            <div class=\"u-align-left u-container-style u-hidden-xs u-image u-layout-cell u-left-cell u-size-30 lazyload u-image-1\" data-image-width=\"1600\" data-image-height=\"900\" data-bg=\"url(&quot;https:\/\/uniepecujicich.cz\/wp-content\/uploads\/2021\/06\/zatisi.jpg&quot;)\">\n              <div class=\"u-container-layout u-container-layout-1\"><\/div>\n            <\/div>\n            <div class=\"u-container-style u-layout-cell u-right-cell u-size-30 u-layout-cell-2\">\n              <div class=\"u-container-layout u-valign-top-md u-container-layout-2\">\n                <div class=\"u-expanded-width-lg u-expanded-width-md u-list u-list-1\">\n                  <div class=\"u-repeater u-repeater-1\">\n                    <div class=\"u-container-style u-list-item u-repeater-item\">\n                      <div class=\"u-container-layout u-similar-container u-container-layout-3\"><span class=\"u-hidden-md u-hidden-sm u-hidden-xs u-icon u-icon-circle u-text-custom-color-1 u-icon-1\"><svg class=\"u-svg-link\" preserveaspectratio=\"xMidYMin slice\" viewbox=\"0 0 480 480\" style=\"\"><use xmlns:xlink=\"http:\/\/www.w3.org\/1999\/xlink\" xlink:href=\"#svg-0a3b\"><\/use><\/svg><svg xmlns=\"http:\/\/www.w3.org\/2000\/svg\" xmlns:xlink=\"http:\/\/www.w3.org\/1999\/xlink\" version=\"1.1\" xml:space=\"preserve\" class=\"u-svg-content\" viewbox=\"0 0 480 480\" x=\"0px\" y=\"0px\" id=\"svg-0a3b\" style=\"enable-background:new 0 0 480 480;\"><g><g><path d=\"M454.672,194.872C470.024,183.176,480,164.752,480,144c0-35.288-28.712-64-64-64c-35.288,0-64,28.712-64,64    c0,19.12,8.472,36.264,21.808,48h-42.496l-53.656-53.656c-3.128-3.128-8.184-3.128-11.312,0l-32,32    c-3.128,3.128-3.128,8.184,0,11.312l72,72C307.84,255.16,309.872,256,312,256h64v56h-40h-97.056l39.712-59.56l-13.312-8.872    L219.72,312H200v-40c0-4.424-3.576-8-8-8h-64v-32c0-16.864-10.528-31.256-25.328-37.128C118.024,183.176,128,164.752,128,144    c0-35.288-28.712-64-64-64S0,108.712,0,144c0,20.752,9.976,39.176,25.328,50.872C10.528,200.744,0,215.136,0,232v112    c0,22.056,17.944,40,40,40v96h16v-96h56v88c0,4.424,3.576,8,8,8h56c4.424,0,8-3.576,8-8V352c0-9-2.984-17.312-8.016-24H184h8h40    v136h-32v16h80v-16h-32V328h56.208c-5.08,6.704-8.208,14.96-8.208,24v120c0,4.424,3.576,8,8,8h56c4.424,0,8-3.576,8-8v-88h56v96    h16v-96c22.056,0,40-17.944,40-40V232C480,215.136,469.472,200.744,454.672,194.872z M16,144c0-26.472,21.528-48,48-48    s48,21.528,48,48s-21.528,48-48,48S16,170.472,16,144z M184,312H80v-64H64v72c0,4.424,3.576,8,8,8h72c13.232,0,24,10.768,24,24    v112h-40v-88c0-4.424-3.576-8-8-8H40c-13.232,0-24-10.768-24-24V232c0-13.232,10.768-24,24-24h48c13.232,0,24,10.768,24,24v40    c0,4.424,3.576,8,8,8h64V312z M368,144c0-26.472,21.528-48,48-48s48,21.528,48,48s-21.528,48-48,48S368,170.472,368,144z M464,344    c0,13.232-10.768,24-24,24h-80c-4.424,0-8,3.576-8,8v88h-40V352c0-13.232,10.768-24,24-24h48c4.424,0,8-3.576,8-8v-72    c0-4.424-3.576-8-8-8h-68.688l-64-64L272,155.312l50.344,50.344C323.84,207.16,325.872,208,328,208h112c13.232,0,24,10.768,24,24    V344z\"><\/path>\n<\/g>\n<\/g><g><g><path d=\"M320,0H160c-13.232,0-24,10.768-24,24v64c0,13.232,10.768,24,24,24h8v48c0,3.232,1.944,6.16,4.936,7.392    c0.992,0.416,2.032,0.608,3.064,0.608c2.08,0,4.128-0.816,5.656-2.344L235.312,112H320c13.232,0,24-10.768,24-24V24    C344,10.768,333.232,0,320,0z M328,88c0,4.416-3.584,8-8,8h-88c-2.128,0-4.16,0.84-5.656,2.344L184,140.688V104    c0-4.424-3.576-8-8-8h-16c-4.416,0-8-3.584-8-8V24c0-4.416,3.584-8,8-8h160c4.416,0,8,3.584,8,8V88z\"><\/path>\n<\/g>\n<\/g><g><g><rect x=\"168\" y=\"32\" width=\"48\" height=\"16\"><\/rect>\n<\/g>\n<\/g><g><g><rect x=\"168\" y=\"64\" width=\"144\" height=\"16\"><\/rect>\n<\/g>\n<\/g><g><g><rect x=\"232\" y=\"32\" width=\"80\" height=\"16\"><\/rect>\n<\/g>\n<\/g><\/svg>\n            \n            \n          <\/span>\n                        <div class=\"u-container-style u-expanded-width-md u-expanded-width-xs u-group u-group-1\">\n                          <div class=\"u-container-layout u-container-layout-4\">\n                            <h5 class=\"u-text u-text-1\">Face to face<\/h5>\n                            <p class=\"u-text u-text-body-color u-text-2\">We can meet in our office in downtown Brno or agree on a different place. We are also planning to open offices in Zl\u00edn and the Olomouc region.<br>\n                            <\/p>\n                          <\/div>\n                        <\/div>\n                      <\/div>\n                    <\/div>\n                    <div class=\"u-container-style u-list-item u-repeater-item\">\n                      <div class=\"u-container-layout u-similar-container u-container-layout-5\"><span class=\"u-hidden-md u-hidden-sm u-hidden-xs u-icon u-icon-circle u-text-custom-color-1 u-icon-2\"><svg class=\"u-svg-link\" preserveaspectratio=\"xMidYMin slice\" viewbox=\"0 0 512.022 512.022\" style=\"\"><use xmlns:xlink=\"http:\/\/www.w3.org\/1999\/xlink\" xlink:href=\"#svg-4185\"><\/use><\/svg><svg xmlns=\"http:\/\/www.w3.org\/2000\/svg\" xmlns:xlink=\"http:\/\/www.w3.org\/1999\/xlink\" version=\"1.1\" xml:space=\"preserve\" class=\"u-svg-content\" viewbox=\"0 0 512.022 512.022\" id=\"svg-4185\"><g><path d=\"m158.526 176.135c.475 25.361 10.737 49.25 28.897 67.265 18.159 18.014 42.129 28.087 67.495 28.365 11.825.131 23.461-1.844 34.484-5.866 3.892-1.418 5.896-5.723 4.478-9.614s-5.723-5.898-9.614-4.478c-9.326 3.399-19.117 5.08-29.184 4.958-44.146-.483-80.733-36.78-81.561-80.971-.599-22.455 8.518-44.538 25.01-60.587 16.498-16.053 38.831-24.555 61.324-23.35 42.998 1.948 77.534 37.205 78.625 80.266.255 10.038-1.268 19.879-4.524 29.247-2.163 6.221-8.097 10.4-14.768 10.4-.001 0-.002 0-.002 0-8.645 0-15.678-7.033-15.678-15.679v-61.821c0-4.143-3.357-7.5-7.5-7.5s-7.5 3.357-7.5 7.5v5.406c-8.504-7.994-19.936-12.906-32.5-12.906-26.191 0-47.5 21.309-47.5 47.5s21.309 47.5 47.5 47.5c13.563 0 25.807-5.724 34.471-14.871 4.381 11.599 15.593 19.872 28.706 19.872h.003c13.05 0 24.679-8.229 28.936-20.475 3.853-11.079 5.652-22.704 5.353-34.554-1.29-50.895-42.115-92.566-92.877-94.866-26.598-1.438-53.039 8.615-72.528 27.581-19.486 18.96-30.254 45.108-29.546 71.678zm97.483 30.635c-17.921 0-32.5-14.579-32.5-32.5s14.579-32.5 32.5-32.5 32.5 14.579 32.5 32.5-14.579 32.5-32.5 32.5z\"><\/path><path d=\"m509.119 199.12-210.28-164.308c-24.322-19.003-58.375-19.104-82.809-.242l-213.094 164.51c-1.828 1.399-2.939 3.648-2.935 5.95v66c0 4.143 3.357 7.5 7.5 7.5s7.5-3.357 7.5-7.5v-53.22l188.602 105.354-188.602 145.601v-162.735c0-4.143-3.357-7.5-7.5-7.5s-7.5 3.357-7.5 7.5v178c-.066 4.026 3.471 7.57 7.5 7.5h497c4.001.054 7.584-3.477 7.5-7.5v-278.114c.18-2.574-.803-5.206-2.882-6.796zm-479.63 277.41 195.708-151.087c19.004-14.67 45.489-14.594 64.406.189l3.612 2.822c.003.002 94.023 73.466 94.03 73.472 3.266 2.55 7.977 1.973 10.528-1.292 2.55-3.265 1.972-7.978-1.292-10.528l-85.229-66.595 46.113-25.979c3.608-2.033 4.886-6.606 2.853-10.216-2.032-3.609-6.604-4.883-10.216-2.853l-51.562 29.049c-24.131-18.571-57.647-18.694-81.911-.31l-195.45-109.18 204.119-157.58c19.004-14.67 45.489-14.593 64.406.189l202.162 157.964-112.14 63.177c-3.608 2.033-4.886 6.606-2.853 10.216 2.045 3.643 6.673 4.866 10.216 2.853l110.013-61.979v249.788l-73.729-57.61c-3.264-2.549-7.977-1.973-10.528 1.292-2.55 3.265-1.972 7.978 1.292 10.528l68.685 53.669h-453.233z\"><\/path>\n<\/g><\/svg>\n            \n            \n          <\/span>\n                        <div class=\"u-container-style u-expanded-width-md u-expanded-width-xs u-group u-video-cover u-group-2\">\n                          <div class=\"u-container-layout u-container-layout-6\">\n                            <h5 class=\"u-text u-text-3\">Remote counselling<\/h5>\n                            <p class=\"u-text u-text-body-color u-text-4\">Are we too far from you? Would you preffer a different means of communication than face to face?&nbsp;<br>No problem, we offer counselling by e-mail or phone as well. \n                            <\/p>\n                          <\/div>\n                        <\/div>\n                      <\/div>\n                    <\/div>\n                    <div class=\"u-container-style u-list-item u-repeater-item\">\n                      <div class=\"u-container-layout u-similar-container u-container-layout-7\"><span class=\"u-hidden-md u-hidden-sm u-hidden-xs u-icon u-icon-circle u-text-custom-color-1 u-icon-3\"><svg class=\"u-svg-link\" preserveaspectratio=\"xMidYMin slice\" viewbox=\"0 0 512 512\" style=\"\"><use xmlns:xlink=\"http:\/\/www.w3.org\/1999\/xlink\" xlink:href=\"#svg-12b0\"><\/use><\/svg><svg xmlns=\"http:\/\/www.w3.org\/2000\/svg\" xmlns:xlink=\"http:\/\/www.w3.org\/1999\/xlink\" version=\"1.1\" xml:space=\"preserve\" class=\"u-svg-content\" viewbox=\"0 0 512 512\" id=\"svg-12b0\"><g><path d=\"m454 83.515-83.515-83.515h-248.485v272.274c-35.797 3.056-64 33.15-64 69.726 0 21 9.308 39.854 24 52.696v117.304h16.485l29.515-29.515 29.515 29.515h16.485v-52h280zm-80-63.03 59.515 59.515h-59.515zm-304 321.515c0-31.981 26.019-58 58-58s58 26.019 58 58-26.019 58-58 58-58-26.019-58-58zm58 123.515-34 34v-96.356c10.075 5.623 21.666 8.842 34 8.842s23.925-3.219 34-8.842v96.356zm46-17.515v-53.304c14.692-12.842 24-31.696 24-52.696 0-36.575-28.203-66.669-64-69.726v-260.274h228v80h80v356z\"><\/path><path d=\"m176 64h96v12h-96z\"><\/path><path d=\"m176 96h64v12h-64z\"><\/path><path d=\"m176 144h224v12h-224z\"><\/path><path d=\"m176 176h224v12h-224z\"><\/path><path d=\"m176 240h224v12h-224z\"><\/path><path d=\"m208 272h160v12h-160z\"><\/path><path d=\"m176 208h224v12h-224z\"><\/path><path d=\"m304 320h96v12h-96z\"><\/path><path d=\"m336 352h64v12h-64z\"><\/path><path d=\"m128 380c20.953 0 38-17.047 38-38s-17.047-38-38-38-38 17.047-38 38 17.047 38 38 38zm0-64c14.337 0 26 11.663 26 26s-11.663 26-26 26-26-11.663-26-26 11.663-26 26-26z\"><\/path>\n<\/g><\/svg>\n            \n            \n          <\/span>\n                        <div class=\"u-container-style u-expanded-width-md u-expanded-width-xs u-group u-video-cover u-group-3\">\n                          <div class=\"u-container-layout u-container-layout-8\">\n                            <h5 class=\"u-text u-text-5\">Prov\u00e1zen\u00ed a specializovan\u00e9 konzultace<\/h5>\n                            <p class=\"u-text u-text-body-color u-text-6\"> Pe\u010dujete nebo budete pe\u010dovat a nev\u00edte si s n\u011b\u010d\u00edm rady? Zkuste se obr\u00e1tit na na\u0161e odborn\u00e9 konzultanty. <a href=\"#sec2\" class=\"u-active-none u-border-none u-btn u-button-link u-button-style u-hover-none u-none u-text-palette-1-base u-btn-1\">Fields in which we are able to help<\/a>&nbsp; <span class=\"u-icon u-icon-circle u-text-palette-1-base u-icon-4\" data-href=\"#sec2\"><svg xmlns=\"http:\/\/www.w3.org\/2000\/svg\" xmlns:xlink=\"http:\/\/www.w3.org\/1999\/xlink\" version=\"1.1\" xml:space=\"preserve\" class=\"u-svg-content\" viewbox=\"0 0 490.688 490.688\" x=\"0px\" y=\"0px\" style=\"width: 1em; height: 1em;\"><g><path style=\"fill:#607D8B;\" d=\"M472.328,216.529L245.213,443.665L18.098,216.529c-4.237-4.093-10.99-3.975-15.083,0.262   c-3.992,4.134-3.992,10.687,0,14.82l234.667,234.667c4.165,4.164,10.917,4.164,15.083,0l234.667-234.667   c4.093-4.237,3.975-10.99-0.262-15.083c-4.134-3.993-10.687-3.993-14.821,0L472.328,216.529z\"><\/path><path style=\"fill:#607D8B;\" d=\"M472.328,24.529L245.213,251.665L18.098,24.529c-4.237-4.093-10.99-3.975-15.083,0.262   c-3.992,4.134-3.992,10.687,0,14.821l234.667,234.667c4.165,4.164,10.917,4.164,15.083,0L487.432,39.612   c4.237-4.093,4.354-10.845,0.262-15.083c-4.093-4.237-10.845-4.354-15.083-0.262c-0.089,0.086-0.176,0.173-0.262,0.262   L472.328,24.529z\"><\/path>\n<\/g><path d=\"M245.213,469.415c-2.831,0.005-5.548-1.115-7.552-3.115L2.994,231.633c-4.093-4.237-3.975-10.99,0.262-15.083  c4.134-3.992,10.687-3.992,14.82,0l227.136,227.115l227.115-227.136c4.237-4.093,10.99-3.975,15.083,0.262  c3.993,4.134,3.993,10.687,0,14.821L252.744,466.279C250.748,468.28,248.04,469.408,245.213,469.415z\"><\/path><path d=\"M245.213,277.415c-2.831,0.005-5.548-1.115-7.552-3.115L2.994,39.633c-4.093-4.237-3.975-10.99,0.262-15.083  c4.134-3.992,10.687-3.992,14.821,0l227.136,227.115L472.328,24.529c4.093-4.237,10.845-4.354,15.083-0.262  s4.354,10.845,0.262,15.083c-0.086,0.089-0.173,0.176-0.262,0.262L252.744,274.279C250.748,276.28,248.04,277.408,245.213,277.415z\"><\/path><\/svg><img><\/span>&nbsp; \n                            <\/p>\n                          <\/div>\n                        <\/div>\n                      <\/div>\n                    <\/div>\n                    <div class=\"u-container-style u-list-item u-repeater-item\">\n                      <div class=\"u-container-layout u-similar-container u-container-layout-9\"><span class=\"u-hidden-md u-hidden-sm u-hidden-xs u-icon u-icon-circle u-text-custom-color-1 u-icon-5\"><svg class=\"u-svg-link\" preserveaspectratio=\"xMidYMin slice\" viewbox=\"-42 0 512 512.001\" style=\"\"><use xmlns:xlink=\"http:\/\/www.w3.org\/1999\/xlink\" xlink:href=\"#svg-4f15\"><\/use><\/svg><svg xmlns=\"http:\/\/www.w3.org\/2000\/svg\" xmlns:xlink=\"http:\/\/www.w3.org\/1999\/xlink\" version=\"1.1\" xml:space=\"preserve\" class=\"u-svg-content\" viewbox=\"-42 0 512 512.001\" id=\"svg-4f15\"><path d=\"m210.351562 246.632812c33.882813 0 63.21875-12.152343 87.195313-36.128906 23.96875-23.972656 36.125-53.304687 36.125-87.191406 0-33.875-12.152344-63.210938-36.128906-87.191406-23.976563-23.96875-53.3125-36.121094-87.191407-36.121094-33.886718 0-63.21875 12.152344-87.191406 36.125s-36.128906 53.308594-36.128906 87.1875c0 33.886719 12.15625 63.222656 36.128906 87.195312 23.980469 23.96875 53.316406 36.125 87.191406 36.125zm-65.972656-189.292968c18.394532-18.394532 39.972656-27.335938 65.972656-27.335938 25.996094 0 47.578126 8.941406 65.976563 27.335938 18.394531 18.398437 27.339844 39.980468 27.339844 65.972656 0 26-8.945313 47.578125-27.339844 65.976562-18.398437 18.398438-39.980469 27.339844-65.976563 27.339844-25.992187 0-47.570312-8.945312-65.972656-27.339844-18.398437-18.394531-27.34375-39.976562-27.34375-65.976562 0-25.992188 8.945313-47.574219 27.34375-65.972656zm0 0\"><\/path><path d=\"m426.128906 393.703125c-.691406-9.976563-2.089844-20.859375-4.148437-32.351563-2.078125-11.578124-4.753907-22.523437-7.957031-32.527343-3.3125-10.339844-7.808594-20.550781-13.375-30.335938-5.769532-10.15625-12.550782-19-20.160157-26.277343-7.957031-7.613282-17.699219-13.734376-28.964843-18.199219-11.226563-4.441407-23.667969-6.691407-36.976563-6.691407-5.226563 0-10.28125 2.144532-20.042969 8.5-6.007812 3.917969-13.035156 8.449219-20.878906 13.460938-6.707031 4.273438-15.792969 8.277344-27.015625 11.902344-10.949219 3.542968-22.066406 5.339844-33.042969 5.339844-10.96875 0-22.085937-1.796876-33.042968-5.339844-11.210938-3.621094-20.300782-7.625-26.996094-11.898438-7.769532-4.964844-14.800782-9.496094-20.898438-13.46875-9.753906-6.355468-14.808594-8.5-20.035156-8.5-13.3125 0-25.75 2.253906-36.972656 6.699219-11.257813 4.457031-21.003906 10.578125-28.96875 18.199219-7.609375 7.28125-14.390625 16.121094-20.15625 26.273437-5.558594 9.785157-10.058594 19.992188-13.371094 30.339844-3.199219 10.003906-5.875 20.945313-7.953125 32.523437-2.0625 11.476563-3.457031 22.363282-4.148437 32.363282-.679688 9.777344-1.023438 19.953125-1.023438 30.234375 0 26.726562 8.496094 48.363281 25.25 64.320312 16.546875 15.746094 38.4375 23.730469 65.066406 23.730469h246.53125c26.621094 0 48.511719-7.984375 65.0625-23.730469 16.757813-15.945312 25.253906-37.589843 25.253906-64.324219-.003906-10.316406-.351562-20.492187-1.035156-30.242187zm-44.90625 72.828125c-10.933594 10.40625-25.449218 15.464844-44.378906 15.464844h-246.527344c-18.933594 0-33.449218-5.058594-44.378906-15.460938-10.722656-10.207031-15.933594-24.140625-15.933594-42.585937 0-9.59375.316406-19.066407.949219-28.160157.617187-8.921874 1.878906-18.722656 3.75-29.136718 1.847656-10.285156 4.199219-19.9375 6.996094-28.675782 2.683593-8.378906 6.34375-16.675781 10.882812-24.667968 4.332031-7.617188 9.316407-14.152344 14.816407-19.417969 5.144531-4.925781 11.628906-8.957031 19.269531-11.980469 7.066406-2.796875 15.007812-4.328125 23.628906-4.558594 1.050781.558594 2.921875 1.625 5.953125 3.601563 6.167969 4.019531 13.277344 8.605469 21.136719 13.625 8.859375 5.648437 20.273437 10.75 33.910156 15.152344 13.941406 4.507812 28.160156 6.796875 42.273437 6.796875 14.113282 0 28.335938-2.289063 42.269532-6.792969 13.648437-4.410156 25.058594-9.507813 33.929687-15.164063 8.042969-5.140624 14.953125-9.59375 21.121094-13.617187 3.03125-1.972656 4.902344-3.042969 5.953125-3.601563 8.625.230469 16.566406 1.761719 23.636719 4.558594 7.636719 3.023438 14.121093 7.058594 19.265625 11.980469 5.5 5.261719 10.484375 11.796875 14.816406 19.421875 4.542969 7.988281 8.207031 16.289062 10.886719 24.660156 2.800781 8.75 5.15625 18.398438 7 28.675782 1.867187 10.433593 3.132812 20.238281 3.75 29.144531v.007812c.636719 9.058594.957031 18.527344.960937 28.148438-.003906 18.449219-5.214844 32.378906-15.9375 42.582031zm0 0\"><\/path><\/svg>\n            \n            \n          <\/span>\n                        <div class=\"u-container-style u-expanded-width-md u-expanded-width-xs u-group u-video-cover u-group-4\">\n                          <div class=\"u-container-layout u-container-layout-10\">\n                            <h5 class=\"u-text u-text-7\">Peer konzultace<\/h5>\n                            <p class=\"u-text u-text-body-color u-text-8\">Pot\u0159ebujete p\u0159edev\u0161\u00edm praktick\u00e9 rady od jin\u00fdch pe\u010duj\u00edc\u00edch? Zkuste kontaktovat na\u0161e peer konzultanty.<\/p>\n                          <\/div>\n                        <\/div>\n                      <\/div>\n                    <\/div>\n                  <\/div>\n                <\/div>\n              <\/div>\n            <\/div>\n          <\/div>\n        <\/div>\n      <\/div>\n    <\/section>\n    <section class=\"u-align-center u-clearfix u-section-3\" id=\"sec2\">\n      <div class=\"u-clearfix u-sheet u-valign-middle u-sheet-1\">\n        <h1 class=\"u-text u-text-1\"><i>When can we help you:<\/i>\n        <\/h1>\n        <ul class=\"u-align-left u-text u-text-2\">\n          <li><i>\n              <a href=\"https:\/\/uniepecujicich.cz\/en\/tym\/\" class=\"u-active-none u-border-none u-btn u-button-link u-button-style u-hover-none u-none u-text-palette-1-base u-btn-1\" target=\"_blank\">Kontakty na jednotliv\u00e9 konzultanty najdete <b>zde.<\/b>\n              <\/a><\/i>\n          <\/li>\n          <li><i>Kdykoli p\u0159ed zah\u00e1jen\u00edm p\u00e9\u010de, v jej\u00edm pr\u016fb\u011bhu i po ukon\u010den\u00ed p\u00e9\u010de (p\u0159ed\u00e1n\u00ed, \u00famrt\u00ed). M\u016f\u017eete se na n\u00e1s obr\u00e1tit i opakovan\u011b.<\/i>\n          <\/li>\n          <li><i>You feel lonely in care and alone in caring.<\/i>\n          <\/li>\n          <li><i>You need spiritual or mental support while caring or after. Both one-time and long-time.<\/i>\n          <\/li>\n          <li><i style=\"font-size: 1.125rem; background-color: #f3fbed; color: #095540; font-family: 'Open Sans',sans-serif;\">You need help to make sense of state benefits.<\/i>\n          <\/li>\n          <li><i>You would like someone to accompany you to a meeting (a state agency, a school, a hospital\u2026).<\/i>\n          <\/li>\n          <li><i>You need to know who could help you with care.<\/i>\n          <\/li>\n          <li><i>You need an advice on how to deal with school when your child has a disability or specific needs.<\/i>\n          <\/li>\n          <li><i>You need an assistive device or aid and are not sure where to apply for it.<\/i>\n          <\/li>\n          <li><i>Nutritional counselling (such as PEG or a diet ordered by a doctor).<\/i>\n          <\/li>\n          <li><i>Financial area.<\/i>\n          <\/li>\n          <li><i>Pot\u0159ebujete sladit p\u00e9\u010di a studium \u010di zam\u011bstn\u00e1n\u00ed, p\u0159\u00edpadn\u011b uva\u017eujete o odchodu z\/n\u00e1vratu do zam\u011bstn\u00e1n\u00ed.<\/i>\n          <\/li>\n          <li><i>Pot\u0159ebujete radu \u010di prov\u00e1zen\u00ed po \u00famrt\u00ed pe\u010dovan\u00e9ho.<\/i>\n          <\/li>\n        <\/ul>\n      <\/div>\n    <\/section>","protected":false},"excerpt":{"rendered":"<p>Kontaktn\u00ed M\u016f\u017eeme se sej\u00edt v na\u0161\u00ed kancel\u00e1\u0159i v centru Brna, p\u0159\u00edpadn\u011b i jinde dle domluvy. V p\u0159\u00edprav\u011b jsou kontaktn\u00ed m\u00edsta ve Zl\u00edn\u011b a Olomouck\u00e9m kraji. Na d\u00e1lku M\u00e1te to k n\u00e1m daleko? Preferujete jin\u00e9 ne\u017e osobn\u00ed jedn\u00e1n\u00ed? Nevad\u00ed, porad\u00edme&nbsp;i prost\u0159ednictv\u00edm e-mailu \u010di telefonu. Prov\u00e1zen\u00ed a specializovan\u00e9 konzultace Pe\u010dujete nebo budete pe\u010dovat a nev\u00edte si s &hellip; <a href=\"https:\/\/uniepecujicich.cz\/en\/poradenstvi\/\" class=\"more-link\">Continue reading<span class=\"screen-reader-text\"> &#8222;Prov\u00e1zen\u00ed&#8220;<\/span><\/a><\/p>","protected":false},"author":1,"featured_media":0,"parent":0,"menu_order":14,"comment_status":"closed","ping_status":"closed","template":"","meta":{"footnotes":""},"class_list":["post-72","page","type-page","status-publish","hentry"],"_links":{"self":[{"href":"https:\/\/uniepecujicich.cz\/en\/wp-json\/wp\/v2\/pages\/72","targetHints":{"allow":["GET"]}}],"collection":[{"href":"https:\/\/uniepecujicich.cz\/en\/wp-json\/wp\/v2\/pages"}],"about":[{"href":"https:\/\/uniepecujicich.cz\/en\/wp-json\/wp\/v2\/types\/page"}],"author":[{"embeddable":true,"href":"https:\/\/uniepecujicich.cz\/en\/wp-json\/wp\/v2\/users\/1"}],"replies":[{"embeddable":true,"href":"https:\/\/uniepecujicich.cz\/en\/wp-json\/wp\/v2\/comments?post=72"}],"version-history":[{"count":6,"href":"https:\/\/uniepecujicich.cz\/en\/wp-json\/wp\/v2\/pages\/72\/revisions"}],"predecessor-version":[{"id":4940,"href":"https:\/\/uniepecujicich.cz\/en\/wp-json\/wp\/v2\/pages\/72\/revisions\/4940"}],"wp:attachment":[{"href":"https:\/\/uniepecujicich.cz\/en\/wp-json\/wp\/v2\/media?parent=72"}],"curies":[{"name":"wp","href":"https:\/\/api.w.org\/{rel}","templated":true}]}}